{"id":325,"date":"2016-12-02T14:47:59","date_gmt":"2016-12-02T13:47:59","guid":{"rendered":"http:\/\/heleneholmsif.se\/langlopning\/?page_id=325"},"modified":"2026-02-27T09:58:12","modified_gmt":"2026-02-27T08:58:12","slug":"info","status":"publish","type":"page","link":"https:\/\/heleneholmsif.se\/langlopning\/tavling\/yddingeloppet\/info\/","title":{"rendered":"Info"},"content":{"rendered":"<p><em>Nedan hittar du prelimin\u00e4r info som g\u00e4llt under tidigare \u00e5r.<\/em><\/p>\n<p align=\"left\"><strong>STARTTIDER<br \/><\/strong>Promenad- och stavg\u00e5ngsklass 6 km kl. 10.00<br \/>T\u00e4vlings- och motionsklasser:<br \/>6 km kl. 10.45<br \/>12 km kl. 11.00 f\u00f6r alla som springer under 60 min och 11.03 f\u00f6r alla som springer \u00f6ver 60 min (tv\u00e5 startgrupper)<\/p>\n<p align=\"left\">Chipet kommer \u00e4ven att registrera n\u00e4r du passerar startlinjen. Det betyder att du inte beh\u00f6ver f\u00f6rs\u00f6ka ta dig l\u00e4ngst fram vid starten f\u00f6r att f\u00e5 en bra tid.<br \/><strong>Bruttotid<\/strong> (start r\u00e4knat fr\u00e5n startskott) avg\u00f6r placering i t\u00e4vlingsklasserna och <strong>Nettotid<\/strong> (start r\u00e4knat fr\u00e5n n\u00e4r du passerar startlinjen) avg\u00f6r placering i motionsklasserna.<\/p>\n<hr size=\"2\" width=\"100%\" \/>\n<p><strong>F\u00d6RS\u00c4KRING VID SJUKDOM<br \/><\/strong><span style=\"font-size: revert; color: initial;\">F\u00f6rs\u00e4kringen Startklar som man kan teckna f\u00f6r att f\u00e5 tillbaka avgift vid sjukdom etc<br \/><\/span><a href=\"https:\/\/www.folksam.se\/forsakringar\/idrottsforsakring\/motionsloppsforsakring\" target=\"_blank\" rel=\"noopener noreferrer\">https:\/\/www.folksam.se\/forsakringar\/idrottsforsakring\/motionsloppsforsakring<\/a><\/p>\n<p align=\"left\"><hr \/>\n<p align=\"left\"><strong>TA DIG TILL LOPPET\/PARKERING<br \/><\/strong><em><strong>Sam\u00e5k eller \u00e5k buss i m\u00f6jligaste m\u00e5n f\u00f6r att spara p\u00e5 milj\u00f6n och f\u00f6r att minska k\u00f6bildning under t\u00e4vlingsdagen. F\u00f6rs\u00f6k ordna sam\u00e5kning via facebookeventet.<\/strong><\/em><br \/>Buss 150 g\u00e5r t.ex fr\u00e5n Malm\u00f6 C norra till Bara och d\u00e4rifr\u00e5n \u00e4r det bara c:a 10-15 min. promenad till Torup. L\u00e4s mer p\u00e5 Sk\u00e5netrafikens <a href=\"http:\/\/www.skanetrafiken.se\" target=\"_blank\" rel=\"noopener noreferrer\">hemsida<\/a>. Buss 148 g\u00e5r hela v\u00e4gen ut till Torup men kommer in ganska sent.<\/p>\n<p>Delar av ordinarie parkering vid Torups Friluftsg\u00e5rd anv\u00e4nds p\u00e5 t\u00e4vlingsdagen. St\u00f6rre parkering finns p\u00e5 gr\u00e4sf\u00e4ltet norr om slottet p\u00e5 h\u00f6ger sida om man kommer fr\u00e5n Bara. Parkering finns \u00e4ven s\u00f6der om Torups Friluftsg\u00e5rd p\u00e5 v\u00e4nster sida om man kommer Skabersj\u00f6.<br \/><strong>V\u00e4nligen f\u00f6lj skyltar och funktion\u00e4rernas anvisningar.<\/strong><\/p>\n<p>Kom i god tid till t\u00e4vlingen eftersom det kan vara en bit att g\u00e5 fr\u00e5n parkeringen.<\/p>\n<hr size=\"2\" width=\"100%\" \/>\n<p><strong>NUMMERLAPPAR OCH CHIP<br \/><\/strong>Nummerlappar till alla startande. Tidtagningschip i nummerlappen till samtliga klasser utom promenad- och stavg\u00e5ng.<\/p>\n<p data-inline=\"padding: 0px;color: rgb(17, 17, 17);font-size: 15px;font-family: Roboto, sans-serif;font-weight: 400;text-align: start;list-style-position: outside;line-height:170%; line-height: 1.7;margin: 0 0 10px\">Nummerlappen kan h\u00e4mtas p\u00e5 Heleneholms IF kansli, <a href=\"https:\/\/kartor.eniro.se\/?c=55.578921,13.014582&amp;z=17&amp;q=%22Ystadv%C3%A4gen%2023%20b%22;209236196;geo\" rel=\"noopener\" data-inline=\"color:rgb(168, 161, 144);text-decoration:none\"><span style=\"color: #e40b31;\">Ystadv\u00e4gen 23B<\/span><\/a> i det r\u00f6da huset inne p\u00e5 idrottsplatsen.<\/p>\n<p data-inline=\"padding: 0px;color: rgb(17, 17, 17);font-size: 15px;font-family: Roboto, sans-serif;font-weight: 400;text-align: start;list-style-position: outside;line-height:170%; line-height: 1.7;margin: 0 0 10px\">Onsdag 21\/10 8-17.30<br \/>Torsdag 22\/10 8-17.30<br \/>Fredag 23\/10 8-17.30<br \/>L\u00f6rdag 24\/10 09.00-13.00<\/p>\n<p data-inline=\"padding: 0px;color: rgb(17, 17, 17);font-size: 15px;font-family: Roboto, sans-serif;font-weight: 400;text-align: start;list-style-position: outside;line-height:170%; line-height: 1.7;margin: 0 0 10px\"><strong>P\u00e5 t\u00e4vlingsdagen<\/strong> h\u00e4mtar man nummerlappen i Stenladan mitt emot Torups slott. Nummerlappsutdelningen \u00f6ppnar ca 8.15 och kan h\u00e4mtas fram till 1 timme f\u00f6re start. Kom i god tid eftersom det kan bildas k\u00f6er! Uppge ditt startnummer som finns i startlistan. Det finns funktion\u00e4r p\u00e5 plats med surfplatta som kan hj\u00e4lpa till att s\u00f6ka fram det.<\/p>\n<p data-inline=\"padding: 0px;color: rgb(17, 17, 17);font-size: 15px;font-family: Roboto, sans-serif;font-weight: 400;text-align: start;list-style-position: outside;line-height:170%; line-height: 1.7;margin: 0 0 10px\"><strong>EFTERANM\u00c4LAN<br \/><\/strong>Ordinare anm\u00e4lningsavgift fram till 26\/9 efter det h\u00f6js anm\u00e4lningsavgiften till 350 kr och fr\u00e5n 18\/10 \u00e4r det efteranm\u00e4lningsavgift p\u00e5 400 kr som g\u00e4ller. Man kan anm\u00e4la sig online p\u00e5 <span style=\"color: #e70e3a;\"><a style=\"color: #e70e3a;\" href=\"https:\/\/anmalmig.nu\/anmalan\/1ff7a279-79c7-4d6a-9485-c7b0b7c35e0a\/\" rel=\"noopener\" data-inline=\"color:rgb(231, 14, 58);text-decoration:none\">Anmalmig.nu<\/a> <\/span>fram till en timme f\u00f6re sin start eller efteranm\u00e4la sig p\u00e5 plats i Stenladan mitt emot Torups slott.<\/p>\n<p data-inline=\"padding: 0px;color: rgb(17, 17, 17);font-size: 15px;font-family: Roboto, sans-serif;font-weight: 400;text-align: start;list-style-position: outside;line-height:170%; line-height: 1.7;margin: 0 0 10px\"><strong>Motionsklasser (\u00d6ppen f\u00f6r alla)<br \/><\/strong>6 km motion-\u00a0 300 kr tom 26\/9, Fr\u00e5n 27\/9 &#8211; 350 kr och efteranm\u00e4lningsavgift fr\u00e5n 18\/10 400 kr<br \/>12 km motion- 300 kr tom 26\/9, Fr\u00e5n 27\/9 &#8211; 350 kr och efteranm\u00e4lningsavgift fr\u00e5n 18\/10 400 kr<br \/>Promenad-stavg\u00e5ng 6 km 150 kr fram till 17\/10, Efteranm\u00e4lan fr\u00e5n 18\/10 200 kr)<\/p>\n<p data-inline=\"padding: 0px;color: rgb(17, 17, 17);font-size: 15px;font-family: Roboto, sans-serif;font-weight: 400;text-align: start;list-style-position: outside;line-height:170%; line-height: 1.7;margin: 0 0 10px\"><strong>T\u00e4vlingsklasser (Kr\u00e4ver medlemskap i f\u00f6rening knuten till Svenska friidrottsf\u00f6rbundet)<br \/><\/strong>F17\/P17 6 km t\u00e4vling- 300 kr tom 26\/9, Fr\u00e5n 27\/9 &#8211; 350 kr och efteranm\u00e4lningsavgift fr\u00e5n 18\/10 400 kr<br \/>Herr\/Dam 6 km t\u00e4vling &#8211; 300 kr tom 26\/9, Fr\u00e5n 27\/9 &#8211; 350 kr och efteranm\u00e4lningsavgift fr\u00e5n 18\/10 400 kr<br \/>Herr\/Dam 12 km t\u00e4vling &#8211; 300 kr tom 26\/9, Fr\u00e5n 27\/9 &#8211; 350 kr och efteranm\u00e4lningsavgift fr\u00e5n 18\/10 400 kr<\/p>\n<p data-inline=\"padding: 0px;color: rgb(17, 17, 17);font-size: 15px;font-family: Roboto, sans-serif;font-weight: 400;text-align: start;list-style-position: outside;line-height:170%; line-height: 1.7;margin: 0 0 10px\"><span class=\"underline\">Veteranklasserna:<\/span><br \/><strong>12KM:\u00a0<\/strong><br \/>K35, K45, K50, K55<br \/>M35, M40, M45, M50, M55, M60, M65<br \/><strong>6KM:<\/strong><br \/>K60, K65, K70, K75, K80+<br \/>M70, M75, M80, M85, M90+<\/p>\n<p data-inline=\"padding: 0px;color: rgb(17, 17, 17);font-size: 15px;font-family: Roboto, sans-serif;font-weight: 400;text-align: start;list-style-position: outside;line-height:170%; line-height: 1.7;margin: 0 0 10px\"><strong>\u00c4NDRINGAR<br \/><\/strong>\u00c4ndringar som g\u00f6rs efter 19 oktober (Distans, namn mm) kostar 100 kr och g\u00f6rs i samband med nummerlappsutdelningen.<\/p>\n<hr size=\"2\" width=\"100%\" \/>\n<p align=\"left\"><strong>V\u00e4sk- och v\u00e4rdesaksf\u00f6rvaring<br \/><\/strong>V\u00e4ska\/ryggs\u00e4ck och v\u00e4rdesaker kan l\u00e4mnas in i Jaktpaviljongen p\u00e5<br \/>start- och m\u00e5lomr\u00e5det.<em> OBS vi ansvarar ej f\u00f6r ev. borttappade f\u00f6rem\u00e5l<\/em>! Gl\u00f6m inte att ta med er nummerlapp n\u00e4r ni h\u00e4mtar era v\u00e4rdesaker.<\/p>\n<p><strong>OMKL\u00c4DNING\/DUSCH:<br \/><\/strong>P\u00e5 Torups Friluftsg\u00e5rd finns det endast ett dusch och omkl\u00e4dningsrum f\u00f6r herrar och ett f\u00f6r damer och till en kostnad av 35:- per person. Kom g\u00e4rna omkl\u00e4dd till t\u00e4vlingen f\u00f6r att slippa tr\u00e4ngsel och spara tid.<\/p>\n<hr size=\"2\" width=\"100%\" \/>\n<p align=\"left\"><strong>PRISER<br \/><\/strong><strong>Yddingeloppets medalj till samtliga fullf\u00f6ljande deltagare<\/strong>.<br \/>Utlottade priser.<br \/>Alla vinster m\u00e5ste h\u00e4mtas personligen.<br \/>Ej avh\u00e4mtade priser tillfaller arrang\u00f6ren.<\/p>\n<p align=\"left\"><strong>Prisutdelning<\/strong> kommer ske f\u00f6r 1-3 i t\u00e4vlingsklass 6 och 12 km dam och herr. Den ber\u00e4knas p\u00e5b\u00f6rjas c:a kl. 12.30 eller n\u00e4r resultatlistorna \u00e4r klara. Vinnarna i Veteranklasserna kommer f\u00e5 pris hemskickat<\/p>\n<hr size=\"2\" width=\"100%\" \/>\n<p align=\"left\"><strong>RESULTAT<br \/><\/strong>Resultat kommer l\u00f6pande att ansl\u00e5s p\u00e5 t\u00e4vlingsplatsen.<br \/>S\u00e5 fort som m\u00f6jligt efter loppet l\u00e4ggs l\u00e4nk ut p\u00e5 hemsidan till Racetimers resultatlista f\u00f6r Yddingeloppet.<br \/>N\u00e5gra dagar efter loppet l\u00e4ggs definitiv resultatlista ut p\u00e5 hemsidan.<\/p>\n<hr size=\"2\" width=\"100%\" \/>\n<p align=\"left\"><strong>SERVERING<br \/><\/strong>Servering finns p\u00e5 t\u00e4vlingsplatsen och inne p\u00e5 Torups Friluftsg\u00e5rd samt inne p\u00e5 Torups Slottscaf\u00e9, som \u00e4r uppe vid stallarna, d\u00e4r ni h\u00e4mtar ut nummerlapparna.<\/p>\n<hr size=\"2\" width=\"100%\" \/>\n<p align=\"left\"><strong>KVARGL\u00d6MT<br \/><\/strong>H\u00e4r nedan kommer vi att efterlysa \u00e4garen till ev. upphittade saker p\u00e5 t\u00e4vlingsplatsen samt upplysa var du kan f\u00e5 tag i dem.<\/p>\n<hr size=\"2\" width=\"100%\" \/>\n\n\n<p>Kontakt: <a href=\"mailto:tavling@heleneholmsif.se\">tavling@heleneholmsif.se<\/a><\/p>\n","protected":false},"excerpt":{"rendered":"<p>Nedan hittar du prelimin\u00e4r info som g\u00e4llt under tidigare \u00e5r. STARTTIDERPromenad- och stavg\u00e5ngsklass 6 km kl. 10.00T\u00e4vlings- och motionsklasser:6 km kl. 10.4512 km kl. 11.00 f\u00f6r alla som springer under 60 min och 11.03 f\u00f6r alla som springer \u00f6ver 60 min (tv\u00e5 startgrupper) Chipet kommer \u00e4ven att registrera n\u00e4r du passerar startlinjen. Det betyder att [&hellip;] <a href=\"https:\/\/heleneholmsif.se\/langlopning\/tavling\/yddingeloppet\/info\/\" class=\"readmore\">L\u00e4s mer<i class=\"icon-forward\"><\/i><\/a><\/p>\n","protected":false},"author":7,"featured_media":0,"parent":212,"menu_order":3,"comment_status":"closed","ping_status":"closed","template":"","meta":{"_mi_skip_tracking":false,"footnotes":""},"class_list":["post-325","page","type-page","status-publish","hentry"],"_links":{"self":[{"href":"https:\/\/heleneholmsif.se\/langlopning\/wp-json\/wp\/v2\/pages\/325","targetHints":{"allow":["GET"]}}],"collection":[{"href":"https:\/\/heleneholmsif.se\/langlopning\/wp-json\/wp\/v2\/pages"}],"about":[{"href":"https:\/\/heleneholmsif.se\/langlopning\/wp-json\/wp\/v2\/types\/page"}],"author":[{"embeddable":true,"href":"https:\/\/heleneholmsif.se\/langlopning\/wp-json\/wp\/v2\/users\/7"}],"replies":[{"embeddable":true,"href":"https:\/\/heleneholmsif.se\/langlopning\/wp-json\/wp\/v2\/comments?post=325"}],"version-history":[{"count":31,"href":"https:\/\/heleneholmsif.se\/langlopning\/wp-json\/wp\/v2\/pages\/325\/revisions"}],"predecessor-version":[{"id":4697,"href":"https:\/\/heleneholmsif.se\/langlopning\/wp-json\/wp\/v2\/pages\/325\/revisions\/4697"}],"up":[{"embeddable":true,"href":"https:\/\/heleneholmsif.se\/langlopning\/wp-json\/wp\/v2\/pages\/212"}],"wp:attachment":[{"href":"https:\/\/heleneholmsif.se\/langlopning\/wp-json\/wp\/v2\/media?parent=325"}],"curies":[{"name":"wp","href":"https:\/\/api.w.org\/{rel}","templated":true}]}}