{"id":327,"date":"2016-12-02T14:48:49","date_gmt":"2016-12-02T13:48:49","guid":{"rendered":"http:\/\/heleneholmsif.se\/langlopning\/?page_id=327"},"modified":"2026-02-27T10:04:05","modified_gmt":"2026-02-27T09:04:05","slug":"klasser-och-anm-avgifter","status":"publish","type":"page","link":"https:\/\/heleneholmsif.se\/langlopning\/tavling\/yddingeloppet\/klasser-och-anm-avgifter\/","title":{"rendered":"Klasser och anm.-avgifter"},"content":{"rendered":"<div class=\"border-bottom-solid border-color-lightgray border-width-2 ng-scope\">\n<h5>Efteranm\u00e4lningsavgift fr\u00e5n 18\/10<\/h5>\n<h3>Motionsklasser (\u00d6ppen f\u00f6r alla)<\/h3>\n<p class=\"ng-binding\">\u00a0 \u00a0 \u00a0 \u00a0 \u00a0 \u00a0 \u00a0 \u00a0 \u00a0 \u00a0 \u00a0 \u00a0 \u00a0 \u00a0 \u00a0 \u00a0 \u00a0 \u00a0 \u00a0 \u00a0 \u00a0 \u00a0 \u00a0 \u00a0 \u00a0 \u00a0 \u00a0 \u00a0 \u00a0 \u00a0 \u00a0 \u00a0 \u00a0 \u00a0 \u00a0 \u00a0 \u00a0 \u00a0 \u00a0 \u00a0 \u00a0 \u00a0 \u00a0 \u00a0 \u00a0 \u00a0 \u00a0 \u00a0 \u00a0 \u00a0 \u00a0 \u00a0 \u00a0 \u00a0 \u00a0 tom 27\/9\u00a0 \u00a0 tom 17\/10\u00a0 \u00a0Efteranm\u00e4lan 18\/10<br \/>\n6 km motion\u00a0 \u00a0 \u00a0 \u00a0 \u00a0 \u00a0 \u00a0 \u00a0 \u00a0 \u00a0 \u00a0 \u00a0 \u00a0 \u00a0 \u00a0 \u00a0 \u00a0 \u00a0 \u00a0 \u00a0 \u00a0 \u00a0 \u00a0 \u00a0 \u00a0 \u00a0 \u00a0 \u00a0 \u00a0 \u00a0 \u00a0 \u00a0 \u00a0 \u00a0 \u00a0 \u00a0 \u00a0 \u00a0 \u00a0 \u00a0 \u00a0 \u00a0 \u00a0 \u00a0 \u00a0 \u00a030<span style=\"font-size: revert; color: initial;\">0 kr\u00a0 \u00a0 \u00a0 \u00a0 \u00a0 350 kr\u00a0 \u00a0 \u00a0 \u00a0 \u00a0 \u00a0 \u00a0400 kr<\/span><\/p>\n<p class=\"ng-binding\">12 km motion\u00a0 \u00a0 \u00a0 \u00a0 \u00a0 \u00a0 \u00a0 \u00a0 \u00a0 \u00a0 \u00a0 \u00a0 \u00a0 \u00a0 \u00a0 \u00a0 \u00a0 \u00a0 \u00a0 \u00a0 \u00a0 \u00a0 \u00a0 \u00a0 \u00a0 \u00a0 \u00a0 \u00a0 \u00a0 \u00a0 \u00a0 \u00a0 \u00a0 \u00a0 \u00a0 \u00a0 \u00a0 \u00a0 \u00a0 \u00a0 \u00a0 \u00a0 \u00a0 \u00a0 \u00a030<span style=\"font-size: revert; color: initial;\">0 kr\u00a0 \u00a0 \u00a0 \u00a0 \u00a0 350 kr\u00a0 \u00a0 \u00a0 \u00a0 \u00a0 \u00a0 \u00a0400 kr<\/span><\/p>\n<p class=\"ng-binding\">Promenad-stavg\u00e5ng 6 km\u00a0 \u00a0 \u00a0 \u00a0 \u00a0 \u00a0 \u00a0 \u00a0 \u00a0 \u00a0 \u00a0 \u00a0 \u00a0 \u00a0 \u00a0 \u00a0 \u00a0 \u00a0 \u00a0 \u00a0 \u00a0 \u00a0 \u00a0 \u00a0 \u00a0 \u00a0 \u00a0 \u00a0 \u00a0 \u00a0 \u00a0 \u00a0 \u00a0 \u00a0 \u00a0<span style=\"font-size: revert; color: initial;\">150 kr\u00a0 \u00a0 \u00a0 \u00a0 \u00a0 \u00a0 \u00a0 \u00a0 \u00a0 \u00a0 \u00a0 \u00a0 \u00a0 \u00a0 \u00a0 \u00a0 \u00a0200 kr<\/span><\/p>\n<\/div>\n<div class=\"border-bottom-solid border-color-lightgray border-width-2 ng-scope ng-enter-prepare\">\n<h3 class=\"ng-binding\"><strong>T\u00e4vlingsklasser (Kr\u00e4ver medlemskap i f\u00f6rening knuten till Svenska friidrottsf\u00f6rbundet)<\/strong><\/h3>\n<p class=\"ng-binding\">F17\/P17 6 km t\u00e4vling\u00a0 \u00a0 \u00a0 \u00a0 \u00a0 \u00a0 \u00a0 \u00a0 \u00a0 \u00a0 \u00a0 \u00a0 \u00a0 \u00a0 \u00a0 \u00a0 \u00a0 \u00a0 \u00a0 \u00a0 \u00a0 \u00a0 \u00a0 \u00a0 \u00a0 \u00a0 \u00a0 \u00a0 \u00a0 \u00a0 \u00a0 \u00a0 \u00a0 \u00a0 \u00a0 \u00a0 \u00a0 \u00a0 \u00a0 300<span style=\"font-size: revert; color: initial;\"> kr\u00a0 \u00a0 \u00a0 \u00a0 \u00a0 \u00a0350 kr\u00a0 \u00a0 \u00a0 \u00a0 \u00a0 \u00a0 \u00a0400 kr<\/span><\/p>\n<p class=\"ng-binding\">12 km t\u00e4vling\u00a0 \u00a0 \u00a0 \u00a0 \u00a0 \u00a0 \u00a0 \u00a0 \u00a0 \u00a0 \u00a0 \u00a0 \u00a0 \u00a0 \u00a0 \u00a0 \u00a0 \u00a0 \u00a0 \u00a0 \u00a0 \u00a0 \u00a0 \u00a0 \u00a0 \u00a0 \u00a0 \u00a0 \u00a0 \u00a0 \u00a0 \u00a0 \u00a0 \u00a0 \u00a0 \u00a0 \u00a0 \u00a0 \u00a0 \u00a0 \u00a0 \u00a0 \u00a0 \u00a0 \u00a0 \u00a0 30<span style=\"font-size: revert; color: initial;\">0 kr\u00a0 \u00a0 \u00a0 \u00a0 \u00a0 \u00a0350 kr\u00a0 \u00a0 \u00a0 \u00a0 \u00a0 \u00a0 \u00a0400 kr<\/span><\/p>\n<div class=\"border-bottom-solid border-color-lightgray border-width-2 ng-scope ng-enter-prepare\">\n<p class=\"ng-binding\">6 km t\u00e4vling\u00a0 \u00a0 \u00a0 \u00a0 \u00a0 \u00a0 \u00a0 \u00a0 \u00a0 \u00a0 \u00a0 \u00a0 \u00a0 \u00a0 \u00a0 \u00a0 \u00a0 \u00a0 \u00a0 \u00a0 \u00a0 \u00a0 \u00a0 \u00a0 \u00a0 \u00a0 \u00a0 \u00a0 \u00a0 \u00a0 \u00a0 \u00a0 \u00a0 \u00a0 \u00a0 \u00a0 \u00a0 \u00a0 \u00a0 \u00a0 \u00a0 \u00a0 \u00a0 \u00a0 \u00a0 \u00a0 \u00a0 30<span style=\"font-size: revert; color: initial;\">0 kr\u00a0 \u00a0 \u00a0 \u00a0 \u00a0 \u00a0350 kr\u00a0 \u00a0 \u00a0 \u00a0 \u00a0 \u00a0 \u00a0400 kr<\/span><\/p>\n<p data-inline=\"padding: 0px;color: rgb(17, 17, 17);font-size: 15px;font-family: Roboto, sans-serif;font-weight: 400;text-align: start;list-style-position: outside;line-height:170%; line-height: 1.7;margin: 0 0 10px\"><span class=\"underline\">Veteranklasser:<\/span><br \/>\n<strong>12KM:\u00a0<\/strong><br \/>\nK35, K40, K45, K50, K55<br \/>\nM35, M40, M45, M50, M55, M60, M65<br \/>\n<strong>6KM:<\/strong><br \/>\nK60, K65, K70, K75, K80+<br \/>\nM70, M75, M80, M85, M90+<\/p>\n<\/div>\n<\/div>\n<p>\u00c4ndringar p\u00e5 t\u00e4vlingsdagen (Distans, namn mm) 100 kr<\/p>\n<div class=\"border-bottom-solid border-color-lightgray border-width-2 ng-scope ng-enter-prepare\">\n<p class=\"ng-binding\">Anm\u00e4lan kan g\u00f6ras <a href=\"https:\/\/anmalmig.nu\/anmalan\/019b0352-bf33-748c-b59a-e8f21e710763\/\">h\u00e4r<\/a>.<\/p>\n<\/div>\n","protected":false},"excerpt":{"rendered":"<p>Efteranm\u00e4lningsavgift fr\u00e5n 18\/10 Motionsklasser (\u00d6ppen f\u00f6r alla) \u00a0 \u00a0 \u00a0 \u00a0 \u00a0 \u00a0 \u00a0 \u00a0 \u00a0 \u00a0 \u00a0 \u00a0 \u00a0 \u00a0 \u00a0 \u00a0 \u00a0 \u00a0 \u00a0 \u00a0 \u00a0 \u00a0 \u00a0 \u00a0 \u00a0 \u00a0 \u00a0 \u00a0 \u00a0 \u00a0 \u00a0 \u00a0 \u00a0 \u00a0 \u00a0 \u00a0 \u00a0 \u00a0 \u00a0 \u00a0 \u00a0 \u00a0 \u00a0 \u00a0 \u00a0 \u00a0 \u00a0 \u00a0 [&hellip;] <a href=\"https:\/\/heleneholmsif.se\/langlopning\/tavling\/yddingeloppet\/klasser-och-anm-avgifter\/\" class=\"readmore\">L\u00e4s mer<i class=\"icon-forward\"><\/i><\/a><\/p>\n","protected":false},"author":7,"featured_media":0,"parent":212,"menu_order":4,"comment_status":"closed","ping_status":"closed","template":"","meta":{"_mi_skip_tracking":false,"footnotes":""},"class_list":["post-327","page","type-page","status-publish","hentry"],"_links":{"self":[{"href":"https:\/\/heleneholmsif.se\/langlopning\/wp-json\/wp\/v2\/pages\/327","targetHints":{"allow":["GET"]}}],"collection":[{"href":"https:\/\/heleneholmsif.se\/langlopning\/wp-json\/wp\/v2\/pages"}],"about":[{"href":"https:\/\/heleneholmsif.se\/langlopning\/wp-json\/wp\/v2\/types\/page"}],"author":[{"embeddable":true,"href":"https:\/\/heleneholmsif.se\/langlopning\/wp-json\/wp\/v2\/users\/7"}],"replies":[{"embeddable":true,"href":"https:\/\/heleneholmsif.se\/langlopning\/wp-json\/wp\/v2\/comments?post=327"}],"version-history":[{"count":28,"href":"https:\/\/heleneholmsif.se\/langlopning\/wp-json\/wp\/v2\/pages\/327\/revisions"}],"predecessor-version":[{"id":4699,"href":"https:\/\/heleneholmsif.se\/langlopning\/wp-json\/wp\/v2\/pages\/327\/revisions\/4699"}],"up":[{"embeddable":true,"href":"https:\/\/heleneholmsif.se\/langlopning\/wp-json\/wp\/v2\/pages\/212"}],"wp:attachment":[{"href":"https:\/\/heleneholmsif.se\/langlopning\/wp-json\/wp\/v2\/media?parent=327"}],"curies":[{"name":"wp","href":"https:\/\/api.w.org\/{rel}","templated":true}]}}