{"id":329,"date":"2016-12-02T14:49:36","date_gmt":"2016-12-02T13:49:36","guid":{"rendered":"http:\/\/heleneholmsif.se\/langlopning\/?page_id=329"},"modified":"2026-02-27T10:00:43","modified_gmt":"2026-02-27T09:00:43","slug":"anmalan","status":"publish","type":"page","link":"https:\/\/heleneholmsif.se\/langlopning\/tavling\/yddingeloppet\/anmalan\/","title":{"rendered":"Anm\u00e4lan"},"content":{"rendered":"<p><b>Anm\u00e4lningssidan f\u00f6r 25 oktober 2026<\/b><\/p>\n<p>Du hittar anm\u00e4lningssidan <a href=\"https:\/\/anmalmig.nu\/anmalan\/019b0352-bf33-748c-b59a-e8f21e710763\/\">h\u00e4r<\/a>.<\/p>\n<p>Sista anm\u00e4lningsdagen \u00e4r s\u00f6ndagen 19 oktober efter det \u00e4r det efteranm\u00e4lan som g\u00e4ller<\/p>\n<h3>Vill du anm\u00e4la flera personer samtidigt?<\/h3>\n<p>D\u00e5 g\u00f6r du det enklast via v\u00e5r speciella Excel-mall som du hittar p\u00e5 <a href=\"https:\/\/anmalmig.nu\/anmalan\/019b0352-bf33-748c-b59a-e8f21e710763\/\">anm\u00e4lningssidan<\/a>. Fyll i den korrekt och ladda upp den direkt i systemet p\u00e5 anm\u00e4lningssidan.<\/p>\n<p>Anm\u00e4lningsavgiften s\u00e4tts samtidigt in p\u00e5 <strong>bankgiro 975-7626.<\/strong><\/p>\n\n\n<p>Kontakt: <a href=\"mailto:tavling@heleneholmsif.se\">tavling@heleneholmsif.se<\/a><\/p>\n","protected":false},"excerpt":{"rendered":"<p>Anm\u00e4lningssidan f\u00f6r 25 oktober 2026 Du hittar anm\u00e4lningssidan h\u00e4r. Sista anm\u00e4lningsdagen \u00e4r s\u00f6ndagen 19 oktober efter det \u00e4r det efteranm\u00e4lan som g\u00e4ller Vill du anm\u00e4la flera personer samtidigt? D\u00e5 g\u00f6r du det enklast via v\u00e5r speciella Excel-mall som du hittar p\u00e5 anm\u00e4lningssidan. Fyll i den korrekt och ladda upp den direkt i systemet p\u00e5 anm\u00e4lningssidan. [&hellip;] <a href=\"https:\/\/heleneholmsif.se\/langlopning\/tavling\/yddingeloppet\/anmalan\/\" class=\"readmore\">L\u00e4s mer<i class=\"icon-forward\"><\/i><\/a><\/p>\n","protected":false},"author":7,"featured_media":0,"parent":212,"menu_order":5,"comment_status":"closed","ping_status":"closed","template":"","meta":{"_mi_skip_tracking":false,"footnotes":""},"class_list":["post-329","page","type-page","status-publish","hentry"],"_links":{"self":[{"href":"https:\/\/heleneholmsif.se\/langlopning\/wp-json\/wp\/v2\/pages\/329","targetHints":{"allow":["GET"]}}],"collection":[{"href":"https:\/\/heleneholmsif.se\/langlopning\/wp-json\/wp\/v2\/pages"}],"about":[{"href":"https:\/\/heleneholmsif.se\/langlopning\/wp-json\/wp\/v2\/types\/page"}],"author":[{"embeddable":true,"href":"https:\/\/heleneholmsif.se\/langlopning\/wp-json\/wp\/v2\/users\/7"}],"replies":[{"embeddable":true,"href":"https:\/\/heleneholmsif.se\/langlopning\/wp-json\/wp\/v2\/comments?post=329"}],"version-history":[{"count":34,"href":"https:\/\/heleneholmsif.se\/langlopning\/wp-json\/wp\/v2\/pages\/329\/revisions"}],"predecessor-version":[{"id":4698,"href":"https:\/\/heleneholmsif.se\/langlopning\/wp-json\/wp\/v2\/pages\/329\/revisions\/4698"}],"up":[{"embeddable":true,"href":"https:\/\/heleneholmsif.se\/langlopning\/wp-json\/wp\/v2\/pages\/212"}],"wp:attachment":[{"href":"https:\/\/heleneholmsif.se\/langlopning\/wp-json\/wp\/v2\/media?parent=329"}],"curies":[{"name":"wp","href":"https:\/\/api.w.org\/{rel}","templated":true}]}}