{"id":331,"date":"2016-12-02T14:50:02","date_gmt":"2016-12-02T13:50:02","guid":{"rendered":"http:\/\/heleneholmsif.se\/langlopning\/?page_id=331"},"modified":"2025-09-17T08:55:14","modified_gmt":"2025-09-17T06:55:14","slug":"anmalda","status":"publish","type":"page","link":"https:\/\/heleneholmsif.se\/langlopning\/tavling\/yddingeloppet\/anmalda\/","title":{"rendered":"Startlista\/anm\u00e4lda"},"content":{"rendered":"<table style=\"height: 207px;\" border=\"0\" width=\"373\" cellspacing=\"1\" cellpadding=\"1\" align=\"center\">\n<tbody>\n<tr>\n<td>Yddingeloppet 2025 &#8211; Startlista hittas <a href=\"https:\/\/anmalmig.nu\/anmalda\/1ff7a279-79c7-4d6a-9485-c7b0b7c35e0a\/\">h\u00e4r<\/a><\/td>\n<\/tr>\n<tr>\n<td>N\u00e5gra f\u00f6rklaringar:<br \/>\nKlass MM &#8211; M\u00e4n motion 12 km<br \/>\nKlass M &#8211; M\u00e4n motion 6 km<br \/>\nKlass KM &#8211; Kvinnor motion 12 km<br \/>\nKlass K &#8211; Kvinnor motion 6 km<br \/>\nKlass P &#8211; Promenadklass\/Stavg\u00e5ng<\/td>\n<\/tr>\n<\/tbody>\n<\/table>\n","protected":false},"excerpt":{"rendered":"<p>Yddingeloppet 2025 &#8211; Startlista hittas h\u00e4r N\u00e5gra f\u00f6rklaringar: Klass MM &#8211; M\u00e4n motion 12 km Klass M &#8211; M\u00e4n motion 6 km Klass KM &#8211; Kvinnor motion 12 km Klass K &#8211; Kvinnor motion 6 km Klass P &#8211; Promenadklass\/Stavg\u00e5ng<\/p>\n","protected":false},"author":7,"featured_media":0,"parent":212,"menu_order":6,"comment_status":"closed","ping_status":"closed","template":"","meta":{"_mi_skip_tracking":false,"footnotes":""},"class_list":["post-331","page","type-page","status-publish","hentry"],"_links":{"self":[{"href":"https:\/\/heleneholmsif.se\/langlopning\/wp-json\/wp\/v2\/pages\/331","targetHints":{"allow":["GET"]}}],"collection":[{"href":"https:\/\/heleneholmsif.se\/langlopning\/wp-json\/wp\/v2\/pages"}],"about":[{"href":"https:\/\/heleneholmsif.se\/langlopning\/wp-json\/wp\/v2\/types\/page"}],"author":[{"embeddable":true,"href":"https:\/\/heleneholmsif.se\/langlopning\/wp-json\/wp\/v2\/users\/7"}],"replies":[{"embeddable":true,"href":"https:\/\/heleneholmsif.se\/langlopning\/wp-json\/wp\/v2\/comments?post=331"}],"version-history":[{"count":20,"href":"https:\/\/heleneholmsif.se\/langlopning\/wp-json\/wp\/v2\/pages\/331\/revisions"}],"predecessor-version":[{"id":4661,"href":"https:\/\/heleneholmsif.se\/langlopning\/wp-json\/wp\/v2\/pages\/331\/revisions\/4661"}],"up":[{"embeddable":true,"href":"https:\/\/heleneholmsif.se\/langlopning\/wp-json\/wp\/v2\/pages\/212"}],"wp:attachment":[{"href":"https:\/\/heleneholmsif.se\/langlopning\/wp-json\/wp\/v2\/media?parent=331"}],"curies":[{"name":"wp","href":"https:\/\/api.w.org\/{rel}","templated":true}]}}