{"id":335,"date":"2016-12-02T14:50:56","date_gmt":"2016-12-02T13:50:56","guid":{"rendered":"http:\/\/heleneholmsif.se\/langlopning\/?page_id=335"},"modified":"2022-06-26T17:54:15","modified_gmt":"2022-06-26T15:54:15","slug":"hitta-dit","status":"publish","type":"page","link":"https:\/\/heleneholmsif.se\/langlopning\/tavling\/yddingeloppet\/hitta-dit\/","title":{"rendered":"Hitta dit"},"content":{"rendered":"<p style=\"text-align: left;\"><strong>Start- och m\u00e5lomr\u00e5de<\/strong><\/p>\n<p style=\"text-align: left;\">Start- och m\u00e5lomr\u00e5de \u00e4r vid Torups Friluftsg\u00e5rd i Bokskogen utanf\u00f6r Malm\u00f6 Klicka h\u00e4r f\u00f6r att se <a href=\"https:\/\/www.google.se\/maps\/dir\/\/Torups+rekreationsomr%C3%A5de%2F+Bokskogen,+Torup,+230+40+Bara\/@55.5665926,13.142737,12z\/data=!3m1!4b1!4m8!4m7!1m0!1m5!1m1!1s0x46539eb9b092a1cb:0xb1b7ae1966283487!2m2!1d13.2127762!2d55.5665155\" target=\"_blank\" rel=\"noopener\">v\u00e4gbeskrivning.<\/a><\/p>\n<p>D\u00e4r finns v\u00e4gvisning i form av skyltar i n\u00e4rheten.<\/p>\n<p style=\"text-align: left;\">Kom i god tid f\u00f6r att minska k\u00f6bildning.<\/p>\n<hr size=\"2\" width=\"100%\" \/>\n<p><strong>Fr\u00e5n Malm\u00f6<br \/>\n<\/strong><\/p>\n<ul>\n<li>K\u00f6r Kl\u00e5gerupsv\u00e4gen fram till Bara.<\/li>\n<li>Strax efter Bara sv\u00e4nger du till h\u00f6ger d\u00e4r det finns skylt som pekar mot Torup.<\/li>\n<li>Efter 1 km kommer du till Torup.<\/li>\n<\/ul>\n<p><strong>Fr\u00e5n Lund<br \/>\n<\/strong><\/p>\n<ul>\n<li>K\u00f6r v\u00e4g 108 f\u00f6rbi Staffanstorp och Kl\u00e5gerup.<\/li>\n<li>N\u00e4r du kommer till Kl\u00e5gerup sv\u00e4nger du till h\u00f6ger in mot Bara\/Malm\u00f6.<br \/>\nK\u00f6r sedan rakt fram till dess du ser skyltningen.<\/li>\n<li>Strax innan Bara sv\u00e4nger du till v\u00e4nster d\u00e4r det finns skylt som pekar mot Torup.<\/li>\n<li>Efter 1 km kommer du till Torup.<\/li>\n<\/ul>\n<p><strong>Fr\u00e5n Trelleborg<br \/>\n<\/strong><\/p>\n<ul>\n<li>K\u00f6r v\u00e4g 108 f\u00f6rbi Svedala.<\/li>\n<li>Forts\u00e4tt norrut p\u00e5 v\u00e4g 108 f\u00f6rbi Yddingesj\u00f6n.<\/li>\n<li>Efter 5 km kommer du till Hyby, d\u00e4r du sv\u00e4nger till v\u00e4nster.<\/li>\n<li style=\"text-align: left;\">P\u00e5 denna lilla v\u00e4g k\u00f6r du omkring 3 km innan du kommer fram till Torup.<\/li>\n<\/ul>\n<p><strong>Det g\u00e5r ocks\u00e5 att \u00e5ka buss fr\u00e5n Malm\u00f6.<br \/>\n<\/strong><br \/>\nTa t.ex buss 150 fr\u00e5n Malm\u00f6 C norra eller V\u00e4rnhem till Bara\/Kl\u00e5gerup.<br \/>\nBussen stannar p\u00e5 Banv\u00e4gen i Bara och d\u00e4rifr\u00e5n \u00e4r det en promenad p\u00e5 ca 20 min. Det g\u00e5r \u00e4ven att ta buss 148 fr\u00e5n S\u00f6derv\u00e4rn som g\u00e5r \u00e4nda ut till Torup, men den g\u00f6r f\u00e4rre stopp och g\u00e5r inte s\u00e5 ofta.<br \/>\nL\u00e4s mer p\u00e5 Sk\u00e5netrafikens <a href=\"http:\/\/www.skanetrafiken.se\" target=\"_blank\" rel=\"noopener\">hemsida<\/a>.\n","protected":false},"excerpt":{"rendered":"<p>Start- och m\u00e5lomr\u00e5de Start- och m\u00e5lomr\u00e5de \u00e4r vid Torups Friluftsg\u00e5rd i Bokskogen utanf\u00f6r Malm\u00f6 Klicka h\u00e4r f\u00f6r att se v\u00e4gbeskrivning. D\u00e4r finns v\u00e4gvisning i form av skyltar i n\u00e4rheten. Kom i god tid f\u00f6r att minska k\u00f6bildning. Fr\u00e5n Malm\u00f6 K\u00f6r Kl\u00e5gerupsv\u00e4gen fram till Bara. Strax efter Bara sv\u00e4nger du till h\u00f6ger d\u00e4r det finns skylt [&hellip;] <a href=\"https:\/\/heleneholmsif.se\/langlopning\/tavling\/yddingeloppet\/hitta-dit\/\" class=\"readmore\">L\u00e4s mer<i class=\"icon-forward\"><\/i><\/a><\/p>\n","protected":false},"author":7,"featured_media":0,"parent":212,"menu_order":8,"comment_status":"closed","ping_status":"closed","template":"","meta":{"_mi_skip_tracking":false,"footnotes":""},"class_list":["post-335","page","type-page","status-publish","hentry"],"_links":{"self":[{"href":"https:\/\/heleneholmsif.se\/langlopning\/wp-json\/wp\/v2\/pages\/335","targetHints":{"allow":["GET"]}}],"collection":[{"href":"https:\/\/heleneholmsif.se\/langlopning\/wp-json\/wp\/v2\/pages"}],"about":[{"href":"https:\/\/heleneholmsif.se\/langlopning\/wp-json\/wp\/v2\/types\/page"}],"author":[{"embeddable":true,"href":"https:\/\/heleneholmsif.se\/langlopning\/wp-json\/wp\/v2\/users\/7"}],"replies":[{"embeddable":true,"href":"https:\/\/heleneholmsif.se\/langlopning\/wp-json\/wp\/v2\/comments?post=335"}],"version-history":[{"count":6,"href":"https:\/\/heleneholmsif.se\/langlopning\/wp-json\/wp\/v2\/pages\/335\/revisions"}],"predecessor-version":[{"id":4064,"href":"https:\/\/heleneholmsif.se\/langlopning\/wp-json\/wp\/v2\/pages\/335\/revisions\/4064"}],"up":[{"embeddable":true,"href":"https:\/\/heleneholmsif.se\/langlopning\/wp-json\/wp\/v2\/pages\/212"}],"wp:attachment":[{"href":"https:\/\/heleneholmsif.se\/langlopning\/wp-json\/wp\/v2\/media?parent=335"}],"curies":[{"name":"wp","href":"https:\/\/api.w.org\/{rel}","templated":true}]}}