{"id":337,"date":"2016-12-02T14:51:32","date_gmt":"2016-12-02T13:51:32","guid":{"rendered":"http:\/\/heleneholmsif.se\/langlopning\/?page_id=337"},"modified":"2025-10-21T14:20:19","modified_gmt":"2025-10-21T12:20:19","slug":"pm","status":"publish","type":"page","link":"https:\/\/heleneholmsif.se\/langlopning\/tavling\/yddingeloppet\/pm\/","title":{"rendered":"PM"},"content":{"rendered":"<p>H\u00e4r hittar du \u00e5rets PM n\u00e4r det n\u00e4rmar sig<\/p>\n<p><a href=\"https:\/\/gansub.com\/t\/pm\/6431468131785\/\">PM 2025<\/a><\/p>\n","protected":false},"excerpt":{"rendered":"<p>H\u00e4r hittar du \u00e5rets PM n\u00e4r det n\u00e4rmar sig PM 2025<\/p>\n","protected":false},"author":7,"featured_media":0,"parent":212,"menu_order":10,"comment_status":"closed","ping_status":"closed","template":"","meta":{"_mi_skip_tracking":false,"footnotes":""},"class_list":["post-337","page","type-page","status-publish","hentry"],"_links":{"self":[{"href":"https:\/\/heleneholmsif.se\/langlopning\/wp-json\/wp\/v2\/pages\/337","targetHints":{"allow":["GET"]}}],"collection":[{"href":"https:\/\/heleneholmsif.se\/langlopning\/wp-json\/wp\/v2\/pages"}],"about":[{"href":"https:\/\/heleneholmsif.se\/langlopning\/wp-json\/wp\/v2\/types\/page"}],"author":[{"embeddable":true,"href":"https:\/\/heleneholmsif.se\/langlopning\/wp-json\/wp\/v2\/users\/7"}],"replies":[{"embeddable":true,"href":"https:\/\/heleneholmsif.se\/langlopning\/wp-json\/wp\/v2\/comments?post=337"}],"version-history":[{"count":24,"href":"https:\/\/heleneholmsif.se\/langlopning\/wp-json\/wp\/v2\/pages\/337\/revisions"}],"predecessor-version":[{"id":4668,"href":"https:\/\/heleneholmsif.se\/langlopning\/wp-json\/wp\/v2\/pages\/337\/revisions\/4668"}],"up":[{"embeddable":true,"href":"https:\/\/heleneholmsif.se\/langlopning\/wp-json\/wp\/v2\/pages\/212"}],"wp:attachment":[{"href":"https:\/\/heleneholmsif.se\/langlopning\/wp-json\/wp\/v2\/media?parent=337"}],"curies":[{"name":"wp","href":"https:\/\/api.w.org\/{rel}","templated":true}]}}