{"id":339,"date":"2016-12-02T14:52:24","date_gmt":"2016-12-02T13:52:24","guid":{"rendered":"http:\/\/heleneholmsif.se\/langlopning\/?page_id=339"},"modified":"2025-12-15T23:08:17","modified_gmt":"2025-12-15T22:08:17","slug":"resultat","status":"publish","type":"page","link":"https:\/\/heleneholmsif.se\/langlopning\/tavling\/yddingeloppet\/resultat\/","title":{"rendered":"Resultat"},"content":{"rendered":"<p>Resultat finner du direkt efter loppet p\u00e5 <a href=\"https:\/\/www.racetimer.se\/rt\/\">Racetimer.se<\/a><\/p>\n<p>Nedan finner du resultat f\u00f6r Yddingeloppet sedan 2001.<\/p>\n<p>2025 genomf\u00f6rde 6:e l\u00f6paren sitt <strong>50:e Yddingelopp: Bror Svensson, Sandvik SRP<\/strong>, d\u00e4rmed har han + Tommy Svensson Bj\u00f6rnstorps IF, Bosse Persson Handelsbanken, Lars-Erik Persson OK Kontinent, Lars G\u00f6ran Svensson, Bj\u00e4rred och Bertil Persson, SEB gjort samma bedrift.<br \/>\nTack till Bengt-Olle med 46 lopp f\u00f6r en uppdaterad lista av de allra fr\u00e4msta. Saknas n\u00e5gon p\u00e5 listan kan dessa kompletteras till <a href=\"mailto:kansli@heleneholmsif.se\">kansli@heleneholmsif.se<\/a><\/p>\n<table style=\"height: 795px;\" border=\"1\" width=\"336\" align=\"left\">\n<tbody>\n<tr>\n<td style=\"text-align: center;\"><strong>\u00a0Individuell<br \/>\n<\/strong><\/td>\n<td style=\"text-align: center;\"><strong>Lagt\u00e4vling<\/strong><\/td>\n<\/tr>\n<tr>\n<td style=\"text-align: center;\"><a href=\"https:\/\/www.racetimer.se\/sv\/race\/show\/6652?layout=racetimer\">2025<\/a><a href=\"https:\/\/www.marathon.se\/racetimer?v=\/sv\/race\/show\/6197%3Flayout%3Dmarathon\">2024<\/a><\/p>\n<p><a style=\"font-family: inherit; font-size: inherit;\" href=\"https:\/\/www.marathon.se\/racetimer?v=\/sv\/race\/show\/5787%3Flayout%3Dmarathon\">2023<\/a><\/td>\n<td style=\"text-align: center;\">&#8211;<\/td>\n<\/tr>\n<tr>\n<td style=\"text-align: center;\"><a href=\"https:\/\/www.marathon.se\/racetimer?v=\/sv\/race\/show\/5384%3Flayout%3Dmarathon\">2022<\/a><\/td>\n<td style=\"text-align: center;\">&#8211;<\/td>\n<\/tr>\n<tr>\n<td style=\"text-align: center;\"><a href=\"https:\/\/www.marathon.se\/racetimer?v=\/sv\/race\/show\/4980%3Flayout%3Dmarathon\">2021<\/a><\/td>\n<td style=\"text-align: center;\">&#8211;<\/td>\n<\/tr>\n<tr>\n<td style=\"text-align: center;\"><a href=\"https:\/\/anmalmig.nu\/resultat\/0ba2c687-0675-43f3-a876-339ba4c9c2f2\/\">2020<\/a> (corona virtuelltlopp)<\/td>\n<td style=\"text-align: center;\">&#8211;<\/td>\n<\/tr>\n<tr>\n<td style=\"text-align: center;\"><a href=\"https:\/\/www.skanesveterancup.se\/PDF%202019\/Resultat%20Yddingen.pdf\">2019<\/a><\/td>\n<td style=\"text-align: center;\">&#8211;<\/td>\n<\/tr>\n<tr>\n<td style=\"text-align: center;\"><a href=\"http:\/\/heleneholmsif.se\/langlopning\/wp-content\/uploads\/sites\/5\/2018\/11\/resklass18.pdf\" target=\"_blank\" rel=\"noopener noreferrer\">2018<\/a><\/td>\n<td style=\"text-align: center;\">&#8211;<\/td>\n<\/tr>\n<tr>\n<td style=\"text-align: center;\"><a href=\"https:\/\/www.marathon.se\/racetimer?v=\/sv\/race\/show\/3879%3Flayout%3Dmarathon\" target=\"_blank\" rel=\"noopener noreferrer\">2017<\/a><\/td>\n<td style=\"text-align: center;\"><a href=\"http:\/\/heleneholmsif.se\/langlopning\/wp-content\/uploads\/sites\/5\/2017\/11\/ydd_17_lag.pdf\" target=\"_blank\" rel=\"noopener noreferrer\">2017<\/a><\/td>\n<\/tr>\n<tr>\n<td style=\"text-align: center;\"><a href=\"https:\/\/www.marathon.se\/racetimer?v=\/sv\/race\/show\/3449%3Flayout%3Dmarathon\" target=\"_blank\" rel=\"noopener noreferrer\">2016<\/a><\/td>\n<td style=\"text-align: center;\"><a href=\"http:\/\/heleneholmsif.se\/langlopning\/wp-content\/uploads\/sites\/5\/2016\/12\/ydd_16_lag.pdf\" target=\"_blank\" rel=\"noopener noreferrer\">2016<\/a><\/td>\n<\/tr>\n<tr>\n<td style=\"text-align: center;\"><a href=\"https:\/\/www.marathon.se\/racetimer?v=\/sv\/race\/show\/2969%3Flayout%3Dmarathon\" target=\"_blank\" rel=\"noopener noreferrer\">2015<\/a><\/td>\n<td style=\"text-align: center;\"><a href=\"http:\/\/heleneholmsif.se\/langlopning\/wp-content\/uploads\/sites\/5\/2016\/12\/ydd_15_lag.pdf\" target=\"_blank\" rel=\"noopener noreferrer\">2015<\/a><\/td>\n<\/tr>\n<tr>\n<td style=\"text-align: center;\"><a href=\"https:\/\/www.marathon.se\/racetimer?v=\/sv\/race\/show\/2242%3Flayout%3Dmarathon\" target=\"_blank\" rel=\"noopener noreferrer\">2014<\/a><\/td>\n<td style=\"text-align: center;\"><a href=\"http:\/\/heleneholmsif.se\/langlopning\/wp-content\/uploads\/sites\/5\/2016\/12\/ydd_14_lag.pdf\" target=\"_blank\" rel=\"noopener noreferrer\">2014<\/a><\/td>\n<\/tr>\n<tr>\n<td style=\"text-align: center;\"><a href=\"https:\/\/www.marathon.se\/racetimer?v=\/sv\/race\/show\/1545%3Flayout%3Dmarathon\" target=\"_blank\" rel=\"noopener noreferrer\">2013<\/a><\/td>\n<td style=\"text-align: center;\"><a href=\"http:\/\/heleneholmsif.se\/langlopning\/wp-content\/uploads\/sites\/5\/2016\/12\/ydd_13_lag.pdf\" target=\"_blank\" rel=\"noopener noreferrer\">2013<\/a><\/td>\n<\/tr>\n<tr>\n<td style=\"text-align: center;\"><a href=\"https:\/\/www.marathon.se\/racetimer?v=\/sv\/race\/show\/1042%3Flayout%3Dmarathon\" target=\"_blank\" rel=\"noopener noreferrer\">2012<\/a><\/td>\n<td style=\"text-align: center;\"><a href=\"http:\/\/heleneholmsif.se\/langlopning\/wp-content\/uploads\/sites\/5\/2016\/12\/ydd_12_lag.pdf\" target=\"_blank\" rel=\"noopener noreferrer\">2012<\/a><\/td>\n<\/tr>\n<tr>\n<td style=\"text-align: center;\"><a href=\"https:\/\/www.marathon.se\/racetimer?v=\/sv\/race\/show\/687%3Flayout%3Dmarathon\">2011<\/a><\/td>\n<td style=\"text-align: center;\"><a href=\"http:\/\/heleneholmsif.se\/langlopning\/wp-content\/uploads\/sites\/5\/2016\/12\/ydd_11_lag.pdf\" target=\"_blank\" rel=\"noopener noreferrer\">2011<\/a><\/td>\n<\/tr>\n<tr>\n<td style=\"text-align: center;\"><a href=\"https:\/\/www.marathon.se\/racetimer?v=\/sv\/race\/show\/451%3Flayout%3Dmarathon\" target=\"_blank\" rel=\"noopener noreferrer\">2010<\/a><\/td>\n<td style=\"text-align: center;\"><a href=\"http:\/\/heleneholmsif.se\/langlopning\/wp-content\/uploads\/sites\/5\/2016\/12\/ydd_10_lag.pdf\" target=\"_blank\" rel=\"noopener noreferrer\">2010<\/a><\/td>\n<\/tr>\n<tr>\n<td style=\"text-align: center;\"><a href=\"https:\/\/www.marathon.se\/racetimer?v=\/sv\/race\/show\/287%3Flayout%3Dmarathon\" target=\"_blank\" rel=\"noopener noreferrer\">2009<\/a><\/td>\n<td style=\"text-align: center;\"><a href=\"http:\/\/heleneholmsif.se\/langlopning\/wp-content\/uploads\/sites\/5\/2016\/12\/ydd_09_lag.pdf\" target=\"_blank\" rel=\"noopener noreferrer\">2009<\/a><\/td>\n<\/tr>\n<tr>\n<td style=\"text-align: center;\"><a href=\"https:\/\/www.marathon.se\/racetimer?v=\/sv\/race\/show\/170%3Flayout%3Dmarathon\" target=\"_blank\" rel=\"noopener noreferrer\">2008<\/a><\/td>\n<td style=\"text-align: center;\"><a href=\"http:\/\/heleneholmsif.se\/langlopning\/wp-content\/uploads\/sites\/5\/2016\/12\/ydd_08_lag.pdf\" target=\"_blank\" rel=\"noopener noreferrer\">2008<\/a><\/td>\n<\/tr>\n<tr>\n<td style=\"text-align: center;\"><a href=\"http:\/\/heleneholmsif.se\/langlopning\/wp-content\/uploads\/sites\/5\/2016\/12\/yddres_07.pdf\" target=\"_blank\" rel=\"noopener noreferrer\">2007<\/a><\/td>\n<td style=\"text-align: center;\"><a href=\"http:\/\/heleneholmsif.se\/langlopning\/wp-content\/uploads\/sites\/5\/2016\/12\/ydd_07_lag.pdf\" target=\"_blank\" rel=\"noopener noreferrer\">2007<\/a><\/td>\n<\/tr>\n<tr>\n<td style=\"text-align: center;\"><a href=\"http:\/\/heleneholmsif.se\/langlopning\/wp-content\/uploads\/sites\/5\/2016\/12\/yddres_06.pdf\" target=\"_blank\" rel=\"noopener noreferrer\">2006<\/a><\/td>\n<td style=\"text-align: center;\"><a href=\"http:\/\/heleneholmsif.se\/langlopning\/wp-content\/uploads\/sites\/5\/2016\/12\/ydd_06_lag.pdf\" target=\"_blank\" rel=\"noopener noreferrer\">2006<\/a><\/td>\n<\/tr>\n<tr>\n<td style=\"text-align: center;\"><a href=\"http:\/\/heleneholmsif.se\/langlopning\/wp-content\/uploads\/sites\/5\/2016\/12\/yddres_05.pdf\" target=\"_blank\" rel=\"noopener noreferrer\">2005<\/a><\/td>\n<td style=\"text-align: center;\"><a href=\"http:\/\/heleneholmsif.se\/langlopning\/wp-content\/uploads\/sites\/5\/2016\/12\/ydd_05_lag.pdf\" target=\"_blank\" rel=\"noopener noreferrer\">2005<\/a><\/td>\n<\/tr>\n<tr>\n<td style=\"text-align: center;\"><a href=\"http:\/\/heleneholmsif.se\/langlopning\/wp-content\/uploads\/sites\/5\/2017\/08\/yddres_04.pdf\" target=\"_blank\" rel=\"noopener noreferrer\">2004<\/a><\/td>\n<td style=\"text-align: center;\"><a href=\"http:\/\/heleneholmsif.se\/langlopning\/wp-content\/uploads\/sites\/5\/2017\/08\/ydd_04_lag.pdf\" target=\"_blank\" rel=\"noopener noreferrer\">2004<\/a><\/td>\n<\/tr>\n<tr>\n<td style=\"text-align: center;\"><a href=\"http:\/\/heleneholmsif.se\/langlopning\/wp-content\/uploads\/sites\/5\/2017\/08\/yddres_03.pdf\" target=\"_blank\" rel=\"noopener noreferrer\">2003<\/a><\/td>\n<td style=\"text-align: center;\"><a href=\"http:\/\/heleneholmsif.se\/langlopning\/wp-content\/uploads\/sites\/5\/2017\/08\/ydd_03_lag.pdf\" target=\"_blank\" rel=\"noopener noreferrer\">2003<\/a><\/td>\n<\/tr>\n<tr>\n<td style=\"text-align: center;\"><a href=\"http:\/\/heleneholmsif.se\/langlopning\/wp-content\/uploads\/sites\/5\/2017\/08\/yddres_02.pdf\" target=\"_blank\" rel=\"noopener noreferrer\">2002<\/a><\/td>\n<td style=\"text-align: center;\"><a href=\"http:\/\/heleneholmsif.se\/langlopning\/wp-content\/uploads\/sites\/5\/2017\/08\/ydd_02_lag.pdf\" target=\"_blank\" rel=\"noopener noreferrer\">2002<\/a><\/td>\n<\/tr>\n<tr>\n<td style=\"text-align: center;\"><a href=\"http:\/\/heleneholmsif.se\/langlopning\/wp-content\/uploads\/sites\/5\/2017\/08\/yddres_01.pdf\" target=\"_blank\" rel=\"noopener noreferrer\">2001<\/a><\/td>\n<td style=\"text-align: center;\"><a href=\"http:\/\/heleneholmsif.se\/langlopning\/wp-content\/uploads\/sites\/5\/2017\/08\/ydd01_lag.pdf\" target=\"_blank\" rel=\"noopener noreferrer\">2001<\/a><\/td>\n<\/tr>\n<\/tbody>\n<\/table>\n<table border=\"1\" width=\"300\" align=\"left\">\n<tbody>\n<tr>\n<td style=\"text-align: center;\"><strong>\u00d6vrig statistik<br \/>\n<\/strong><\/td>\n<\/tr>\n<tr>\n<td style=\"text-align: center;\"><strong>\u00a0<\/strong><\/td>\n<\/tr>\n<tr>\n<td style=\"text-align: center;\"><strong><a href=\"http:\/\/heleneholmsif.se\/langlopning\/wp-content\/uploads\/sites\/5\/2019\/11\/ydd-segrare-2019.pdf\">Loppets seniorsegrare och banrekord<\/a><br \/>\n<\/strong><\/td>\n<\/tr>\n<tr>\n<td style=\"text-align: center;\"><strong>\u00a0<\/strong><\/td>\n<\/tr>\n<tr>\n<td style=\"text-align: center;\"><strong><a href=\"http:\/\/heleneholmsif.se\/langlopning\/wp-content\/uploads\/sites\/5\/2017\/11\/ydd-lagsegrare-2017.pdf\">Loppets lagsegrare och banrekord<\/a><br \/>\n<\/strong><\/td>\n<\/tr>\n<tr>\n<td style=\"text-align: center;\"><strong>\u00a0<\/strong><\/td>\n<\/tr>\n<tr>\n<td style=\"text-align: center;\"><strong><a href=\"https:\/\/heleneholmsif.se\/wp-content\/uploads\/2025\/11\/Yddingeloppet-trognaste-lopare-2025.pdf\">Loppets trognaste l\u00f6pare (2025)<\/a><br \/>\n<\/strong><\/td>\n<\/tr>\n<\/tbody>\n<\/table>\n","protected":false},"excerpt":{"rendered":"<p>Resultat finner du direkt efter loppet p\u00e5 Racetimer.se Nedan finner du resultat f\u00f6r Yddingeloppet sedan 2001. 2025 genomf\u00f6rde 6:e l\u00f6paren sitt 50:e Yddingelopp: Bror Svensson, Sandvik SRP, d\u00e4rmed har han + Tommy Svensson Bj\u00f6rnstorps IF, Bosse Persson Handelsbanken, Lars-Erik Persson OK Kontinent, Lars G\u00f6ran Svensson, Bj\u00e4rred och Bertil Persson, SEB gjort samma bedrift. Tack till [&hellip;] <a href=\"https:\/\/heleneholmsif.se\/langlopning\/tavling\/yddingeloppet\/resultat\/\" class=\"readmore\">L\u00e4s mer<i class=\"icon-forward\"><\/i><\/a><\/p>\n","protected":false},"author":7,"featured_media":0,"parent":212,"menu_order":11,"comment_status":"closed","ping_status":"closed","template":"","meta":{"_mi_skip_tracking":false,"footnotes":""},"class_list":["post-339","page","type-page","status-publish","hentry"],"_links":{"self":[{"href":"https:\/\/heleneholmsif.se\/langlopning\/wp-json\/wp\/v2\/pages\/339","targetHints":{"allow":["GET"]}}],"collection":[{"href":"https:\/\/heleneholmsif.se\/langlopning\/wp-json\/wp\/v2\/pages"}],"about":[{"href":"https:\/\/heleneholmsif.se\/langlopning\/wp-json\/wp\/v2\/types\/page"}],"author":[{"embeddable":true,"href":"https:\/\/heleneholmsif.se\/langlopning\/wp-json\/wp\/v2\/users\/7"}],"replies":[{"embeddable":true,"href":"https:\/\/heleneholmsif.se\/langlopning\/wp-json\/wp\/v2\/comments?post=339"}],"version-history":[{"count":41,"href":"https:\/\/heleneholmsif.se\/langlopning\/wp-json\/wp\/v2\/pages\/339\/revisions"}],"predecessor-version":[{"id":4682,"href":"https:\/\/heleneholmsif.se\/langlopning\/wp-json\/wp\/v2\/pages\/339\/revisions\/4682"}],"up":[{"embeddable":true,"href":"https:\/\/heleneholmsif.se\/langlopning\/wp-json\/wp\/v2\/pages\/212"}],"wp:attachment":[{"href":"https:\/\/heleneholmsif.se\/langlopning\/wp-json\/wp\/v2\/media?parent=339"}],"curies":[{"name":"wp","href":"https:\/\/api.w.org\/{rel}","templated":true}]}}