{"id":341,"date":"2016-12-02T14:52:56","date_gmt":"2016-12-02T13:52:56","guid":{"rendered":"http:\/\/heleneholmsif.se\/langlopning\/?page_id=341"},"modified":"2024-10-30T14:46:29","modified_gmt":"2024-10-30T13:46:29","slug":"bilder","status":"publish","type":"page","link":"https:\/\/heleneholmsif.se\/langlopning\/tavling\/yddingeloppet\/bilder\/","title":{"rendered":"Bilder"},"content":{"rendered":"<p><a href=\"https:\/\/photos.app.goo.gl\/i7Uxob1KZ2vVRCSR9\">Bilder fr\u00e5n Yddingeloppet 2024<\/a><\/p>\n<p><a href=\"https:\/\/photos.app.goo.gl\/XKpWRPnkBKU4nDSF8\">Bilder fr\u00e5n Yddingeloppet 2023<\/a><\/p>\n<p><a href=\"https:\/\/photos.app.goo.gl\/cxyvpdNWJWH2mkFx9\">Bilder fr\u00e5n Yddingeloppet 2022<\/a><br \/>\nBilderna \u00e4r tagna av Heleneholms IF medlem Nils-Peter Ahlqvist<\/p>\n<p><a href=\"https:\/\/photos.app.goo.gl\/dUtVSBXybZm5xkoDA\">Bilder fr\u00e5n Yddingeloppet 2021<\/a><br \/>\nBilderna \u00e4r tagna av Heleneholms IF medlem Anne Erixon.<\/p>\n<p><a href=\"https:\/\/photos.app.goo.gl\/DJrheZEAR9Gf6m8e8\">Bilder<\/a> fr\u00e5n Yddingeloppet 2019<br \/>\nBilder som \u00e4r tagna av Photamera hittas <a href=\"https:\/\/www.dropbox.com\/sh\/1ejbho9qmtjvuqe\/AADF5JdsfdeEI4KZ0tT50MbRa?dl=0\">h\u00e4r<\/a> &amp; fler hittas p\u00e5 <a href=\"https:\/\/photamera.com\/#\/\">photamera.com<\/a><\/p>\n<p><a href=\"https:\/\/photos.google.com\/share\/AF1QipPsRV_5tYHNt_JfDcJO2ZvlYitZU8Hxj1drnkMV1WX-WTH0pdpLAlvvXa1F82R6mg?key=RGpNRDAzS2lMMWItUEdmZ0lfNW5TUkpCd3o1cE93\" target=\"_blank\" rel=\"noopener noreferrer\">Bilder<\/a> fr\u00e5n Yddingeloppet 2018<\/p>\n","protected":false},"excerpt":{"rendered":"<p>Bilder fr\u00e5n Yddingeloppet 2024 Bilder fr\u00e5n Yddingeloppet 2023 Bilder fr\u00e5n Yddingeloppet 2022 Bilderna \u00e4r tagna av Heleneholms IF medlem Nils-Peter Ahlqvist Bilder fr\u00e5n Yddingeloppet 2021 Bilderna \u00e4r tagna av Heleneholms IF medlem Anne Erixon. Bilder fr\u00e5n Yddingeloppet 2019 Bilder som \u00e4r tagna av Photamera hittas h\u00e4r &amp; fler hittas p\u00e5 photamera.com Bilder fr\u00e5n Yddingeloppet 2018<\/p>\n","protected":false},"author":7,"featured_media":0,"parent":212,"menu_order":12,"comment_status":"closed","ping_status":"closed","template":"","meta":{"_mi_skip_tracking":false,"footnotes":""},"class_list":["post-341","page","type-page","status-publish","hentry"],"_links":{"self":[{"href":"https:\/\/heleneholmsif.se\/langlopning\/wp-json\/wp\/v2\/pages\/341","targetHints":{"allow":["GET"]}}],"collection":[{"href":"https:\/\/heleneholmsif.se\/langlopning\/wp-json\/wp\/v2\/pages"}],"about":[{"href":"https:\/\/heleneholmsif.se\/langlopning\/wp-json\/wp\/v2\/types\/page"}],"author":[{"embeddable":true,"href":"https:\/\/heleneholmsif.se\/langlopning\/wp-json\/wp\/v2\/users\/7"}],"replies":[{"embeddable":true,"href":"https:\/\/heleneholmsif.se\/langlopning\/wp-json\/wp\/v2\/comments?post=341"}],"version-history":[{"count":14,"href":"https:\/\/heleneholmsif.se\/langlopning\/wp-json\/wp\/v2\/pages\/341\/revisions"}],"predecessor-version":[{"id":4592,"href":"https:\/\/heleneholmsif.se\/langlopning\/wp-json\/wp\/v2\/pages\/341\/revisions\/4592"}],"up":[{"embeddable":true,"href":"https:\/\/heleneholmsif.se\/langlopning\/wp-json\/wp\/v2\/pages\/212"}],"wp:attachment":[{"href":"https:\/\/heleneholmsif.se\/langlopning\/wp-json\/wp\/v2\/media?parent=341"}],"curies":[{"name":"wp","href":"https:\/\/api.w.org\/{rel}","templated":true}]}}