{"id":347,"date":"2016-12-02T14:54:59","date_gmt":"2016-12-02T13:54:59","guid":{"rendered":"http:\/\/heleneholmsif.se\/langlopning\/?page_id=347"},"modified":"2025-01-08T08:47:56","modified_gmt":"2025-01-08T07:47:56","slug":"resultat","status":"publish","type":"page","link":"https:\/\/heleneholmsif.se\/langlopning\/tavling\/sylvesterloppet\/resultat\/","title":{"rendered":"Resultat"},"content":{"rendered":"\n<p><a href=\"https:\/\/heleneholmsif.se\/wp-content\/uploads\/2025\/01\/Resultat-2024-1.pdf\" data-type=\"URL\" data-id=\"https:\/\/heleneholmsif.se\/wp-content\/uploads\/2025\/01\/Resultat-2024-1.pdf\" target=\"_blank\" rel=\"noreferrer noopener\">Resultat 2024<\/a><\/p>\n\n\n\n<p><\/p>\n\n\n\n<p><a href=\"https:\/\/heleneholmsif.se\/wp-content\/uploads\/2024\/01\/Resultat-Sylvesterloppet-2023.pdf\">Resultat fr\u00e5n 2023<\/a><\/p>\n\n\n\n<p><a href=\"https:\/\/photos.app.goo.gl\/M7TR1MrWP7vVSWU8A\" target=\"_blank\" rel=\"noreferrer noopener\">Bilder 2023<\/a><\/p>\n\n\n\n<p><\/p>\n\n\n\n<p><a href=\"https:\/\/heleneholmsif.se\/wp-content\/uploads\/2023\/01\/Resultat-Sylvesterloppet-2022-1.pdf\">Resultat fr\u00e5n 2022<\/a><\/p>\n\n\n\n<p><a href=\"https:\/\/photos.app.goo.gl\/H2BzbguPgMYugeLp6\">Bilder 2022<\/a><\/p>\n\n\n\n<p><\/p>\n\n\n\n<p><\/p>\n\n\n\n<p>Resultat fr\u00e5n 2021:<br><a href=\"http:\/\/heleneholmsif.se\/langlopning\/wp-content\/uploads\/sites\/5\/2021\/12\/Man-5.4km.pdf\">M\u00e4n 5.4 km<\/a><br><a href=\"http:\/\/heleneholmsif.se\/langlopning\/wp-content\/uploads\/sites\/5\/2021\/12\/damer-5.4km.pdf\">Kvinnor 5.4 km<\/a><br><a href=\"http:\/\/heleneholmsif.se\/langlopning\/wp-content\/uploads\/sites\/5\/2021\/12\/2.7km-man.pdf\">M\u00e4n 2.7 km<\/a><br><a href=\"http:\/\/heleneholmsif.se\/langlopning\/wp-content\/uploads\/sites\/5\/2021\/12\/2.7-km-kvinnor.pdf\">Kvinnor 2.7 km<\/a> <\/p>\n\n\n\nResultat fr\u00e5n Sylvesterloppet senaste 13 \u00e5ren:\n\n<p><a href=\"http:\/\/heleneholmsif.se\/langlopning\/wp-content\/uploads\/sites\/5\/2019\/12\/Sylvesterloppet-resultat-2019.pdf\">2019<\/a><br><a href=\"http:\/\/heleneholmsif.se\/langlopning\/wp-content\/uploads\/sites\/5\/2018\/12\/Sylvesterloppet-resultat-2018.pdf\">2018<\/a><br><a href=\"http:\/\/heleneholmsif.se\/langlopning\/wp-content\/uploads\/sites\/5\/2017\/12\/Resultat_Sylvesterloppet_2017.pdf\">2017<\/a><br><a href=\"http:\/\/heleneholmsif.se\/langlopning\/wp-content\/uploads\/sites\/5\/2017\/08\/Resultat_Sylvesterloppet_20161.pdf\" target=\"_blank\" rel=\"noopener noreferrer\">2016<\/a><br><a href=\"http:\/\/heleneholmsif.se\/langlopning\/wp-content\/uploads\/sites\/5\/2017\/08\/Resultat_Sylvesterloppet_2015.pdf\" target=\"_blank\" rel=\"noopener noreferrer\">2015<\/a><br><a href=\"http:\/\/heleneholmsif.se\/langlopning\/wp-content\/uploads\/sites\/5\/2017\/08\/Resultat_Sylvesterloppet_2014.pdf\" target=\"_blank\" rel=\"noopener noreferrer\">2014<\/a><br><a href=\"http:\/\/heleneholmsif.se\/langlopning\/wp-content\/uploads\/sites\/5\/2016\/12\/Resultat_Sylvesterloppet_2013.pdf\" target=\"_blank\" rel=\"noopener noreferrer\">2013<\/a><br><a href=\"http:\/\/heleneholmsif.se\/langlopning\/wp-content\/uploads\/sites\/5\/2016\/12\/Resultat_Sylvesterloppet_2012.pdf\" target=\"_blank\" rel=\"noopener noreferrer\">2012<\/a><br><a href=\"http:\/\/heleneholmsif.se\/langlopning\/wp-content\/uploads\/sites\/5\/2017\/08\/Resultat_Sylvesterloppet_2011.pdf\" target=\"_blank\" rel=\"noopener noreferrer\">2011<\/a><br><a href=\"http:\/\/heleneholmsif.se\/langlopning\/wp-content\/uploads\/sites\/5\/2017\/08\/Resultat_Sylvesterloppet_2010.pdf\" target=\"_blank\" rel=\"noopener noreferrer\">2010<\/a><br><a href=\"http:\/\/heleneholmsif.se\/langlopning\/wp-content\/uploads\/sites\/5\/2017\/08\/Resultat_Sylvesterloppet_2009.pdf\" target=\"_blank\" rel=\"noopener noreferrer\">2009<\/a><br><a href=\"http:\/\/heleneholmsif.se\/langlopning\/wp-content\/uploads\/sites\/5\/2016\/12\/Resultat_Sylvesterloppet_2008.pdf\" target=\"_blank\" rel=\"noopener noreferrer\">2008<\/a><br><a href=\"http:\/\/heleneholmsif.se\/langlopning\/wp-content\/uploads\/sites\/5\/2016\/12\/Resultat_Sylvesterloppet_2007.pdf\" target=\"_blank\" rel=\"noopener noreferrer\">2007<\/a><\/p>\n\n\n\n<p><\/p>\n","protected":false},"excerpt":{"rendered":"<p>Resultat 2024 Resultat fr\u00e5n 2023 Bilder 2023 Resultat fr\u00e5n 2022 Bilder 2022 Resultat fr\u00e5n 2021:M\u00e4n 5.4 kmKvinnor 5.4 kmM\u00e4n 2.7 kmKvinnor 2.7 km Resultat fr\u00e5n Sylvesterloppet senaste 13 \u00e5ren: 2019201820172016201520142013201220112010200920082007<\/p>\n","protected":false},"author":7,"featured_media":0,"parent":214,"menu_order":0,"comment_status":"closed","ping_status":"closed","template":"","meta":{"_mi_skip_tracking":false,"footnotes":""},"class_list":["post-347","page","type-page","status-publish","hentry"],"_links":{"self":[{"href":"https:\/\/heleneholmsif.se\/langlopning\/wp-json\/wp\/v2\/pages\/347","targetHints":{"allow":["GET"]}}],"collection":[{"href":"https:\/\/heleneholmsif.se\/langlopning\/wp-json\/wp\/v2\/pages"}],"about":[{"href":"https:\/\/heleneholmsif.se\/langlopning\/wp-json\/wp\/v2\/types\/page"}],"author":[{"embeddable":true,"href":"https:\/\/heleneholmsif.se\/langlopning\/wp-json\/wp\/v2\/users\/7"}],"replies":[{"embeddable":true,"href":"https:\/\/heleneholmsif.se\/langlopning\/wp-json\/wp\/v2\/comments?post=347"}],"version-history":[{"count":22,"href":"https:\/\/heleneholmsif.se\/langlopning\/wp-json\/wp\/v2\/pages\/347\/revisions"}],"predecessor-version":[{"id":4614,"href":"https:\/\/heleneholmsif.se\/langlopning\/wp-json\/wp\/v2\/pages\/347\/revisions\/4614"}],"up":[{"embeddable":true,"href":"https:\/\/heleneholmsif.se\/langlopning\/wp-json\/wp\/v2\/pages\/214"}],"wp:attachment":[{"href":"https:\/\/heleneholmsif.se\/langlopning\/wp-json\/wp\/v2\/media?parent=347"}],"curies":[{"name":"wp","href":"https:\/\/api.w.org\/{rel}","templated":true}]}}