{"id":351,"date":"2016-12-02T14:58:49","date_gmt":"2016-12-02T13:58:49","guid":{"rendered":"http:\/\/heleneholmsif.se\/langlopning\/?page_id=351"},"modified":"2019-11-19T13:24:45","modified_gmt":"2019-11-19T12:24:45","slug":"sektionsmasterskap-bana","status":"publish","type":"page","link":"https:\/\/heleneholmsif.se\/langlopning\/resultatbors\/sektionsmasterskap-bana\/","title":{"rendered":"Sektionsm\u00e4sterskap bana"},"content":{"rendered":"<p>Slutst\u00e4llning i 2019-\u00e5rs sektionsm\u00e4sterskap, banl\u00f6pning.<br \/>\n2019 har 21 m\u00e4n och 5 kvinnor deltagit i t\u00e4vlingen.<strong><br \/>\n<\/strong><strong><br \/>\n<\/strong><\/p>\n<p><a href=\"http:\/\/heleneholmsif.se\/langlopning\/wp-content\/uploads\/sites\/5\/2019\/11\/Banlo\u0308pning_2019.pdf\">2019 &#8211; slutresultat<\/a><\/p>\n<p><a href=\"http:\/\/heleneholmsif.se\/langlopning\/wp-content\/uploads\/sites\/5\/2019\/11\/DMVDM-800-m-2019.pdf\">DM:VDM 800 m 2019<\/a><\/p>\n<p><a href=\"http:\/\/heleneholmsif.se\/langlopning\/wp-content\/uploads\/sites\/5\/2019\/07\/Heleneholm-Resultat-1-eng-mil-27-maj-2019.pdf\" target=\"_blank\" rel=\"noopener noreferrer\">1 eng. mil<\/a><\/p>\n<p><strong>Resultat<\/strong><br \/>\n<a href=\"http:\/\/heleneholmsif.se\/langlopning\/wp-content\/uploads\/sites\/5\/2018\/05\/Banlo\u0308pning_2018.pdf\" target=\"_blank\" rel=\"noopener noreferrer\">2018<\/a><br \/>\n<a href=\"http:\/\/heleneholmsif.se\/langlopning\/wp-content\/uploads\/sites\/5\/2016\/12\/Sekt_masterskap_bana-2017.pdf\" target=\"_blank\" rel=\"noopener noreferrer\">2017<\/a><br \/>\n<a href=\"http:\/\/heleneholmsif.se\/langlopning\/wp-content\/uploads\/sites\/5\/2016\/12\/Sekt_masterskap_bana-2016.pdf\" target=\"_blank\" rel=\"noopener noreferrer\">2016<\/a><br \/>\n<a href=\"http:\/\/heleneholmsif.se\/langlopning\/wp-content\/uploads\/sites\/5\/2016\/12\/Sekt_masterskap_bana-2015.pdf\" target=\"_blank\" rel=\"noopener noreferrer\">2015<\/a><br \/>\n<a href=\"http:\/\/heleneholmsif.se\/langlopning\/wp-content\/uploads\/sites\/5\/2016\/12\/Sekt_masterskap_bana-2014.pdf\" target=\"_blank\" rel=\"noopener noreferrer\">2014<\/a><br \/>\n<a href=\"http:\/\/heleneholmsif.se\/langlopning\/wp-content\/uploads\/sites\/5\/2016\/12\/Sekt_masterskap_bana-2013.pdf\" target=\"_blank\" rel=\"noopener noreferrer\">2013<\/a><br \/>\n<a href=\"http:\/\/heleneholmsif.se\/langlopning\/wp-content\/uploads\/sites\/5\/2016\/12\/Sekt_masterskap_bana-2012.pdf\" target=\"_blank\" rel=\"noopener noreferrer\">2012<\/a><br \/>\n<a href=\"http:\/\/heleneholmsif.se\/langlopning\/wp-content\/uploads\/sites\/5\/2016\/12\/Sekt_masterskap_bana-2011.pdf\" target=\"_blank\" rel=\"noopener noreferrer\">2011<\/a><br \/>\n<a href=\"http:\/\/heleneholmsif.se\/langlopning\/wp-content\/uploads\/sites\/5\/2016\/12\/Sekt_masterskap_bana-2010.pdf\" target=\"_blank\" rel=\"noopener noreferrer\">2010<\/a><br \/>\n<a href=\"http:\/\/heleneholmsif.se\/langlopning\/wp-content\/uploads\/sites\/5\/2016\/12\/Sekt_masterskap_bana-2009.pdf\" target=\"_blank\" rel=\"noopener noreferrer\">2009<\/a><br \/>\n<a href=\"http:\/\/heleneholmsif.se\/langlopning\/wp-content\/uploads\/sites\/5\/2016\/12\/Sekt_masterskap_bana-2008.xls\" target=\"_blank\" rel=\"noopener noreferrer\">2008<\/a><br \/>\n<a href=\"http:\/\/heleneholmsif.se\/langlopning\/wp-content\/uploads\/sites\/5\/2016\/12\/Sekt_masterskap_bana-2007.xls\" target=\"_blank\" rel=\"noopener noreferrer\">2007<\/a><br \/>\n<a href=\"http:\/\/heleneholmsif.se\/langlopning\/wp-content\/uploads\/sites\/5\/2016\/12\/Sekt_masterskap_bana-2006.xls\" target=\"_blank\" rel=\"noopener noreferrer\">2006<\/a><br \/>\n<a href=\"http:\/\/heleneholmsif.se\/langlopning\/wp-content\/uploads\/sites\/5\/2016\/12\/Sekt_masterskap_bana-2005.xls\" target=\"_blank\" rel=\"noopener noreferrer\">2005<\/a><\/p>\n","protected":false},"excerpt":{"rendered":"<p>Slutst\u00e4llning i 2019-\u00e5rs sektionsm\u00e4sterskap, banl\u00f6pning. 2019 har 21 m\u00e4n och 5 kvinnor deltagit i t\u00e4vlingen. 2019 &#8211; slutresultat DM:VDM 800 m 2019 1 eng. mil Resultat 2018 2017 2016 2015 2014 2013 2012 2011 2010 2009 2008 2007 2006 2005<\/p>\n","protected":false},"author":7,"featured_media":0,"parent":156,"menu_order":2,"comment_status":"closed","ping_status":"closed","template":"","meta":{"_mi_skip_tracking":false,"footnotes":""},"class_list":["post-351","page","type-page","status-publish","hentry"],"_links":{"self":[{"href":"https:\/\/heleneholmsif.se\/langlopning\/wp-json\/wp\/v2\/pages\/351","targetHints":{"allow":["GET"]}}],"collection":[{"href":"https:\/\/heleneholmsif.se\/langlopning\/wp-json\/wp\/v2\/pages"}],"about":[{"href":"https:\/\/heleneholmsif.se\/langlopning\/wp-json\/wp\/v2\/types\/page"}],"author":[{"embeddable":true,"href":"https:\/\/heleneholmsif.se\/langlopning\/wp-json\/wp\/v2\/users\/7"}],"replies":[{"embeddable":true,"href":"https:\/\/heleneholmsif.se\/langlopning\/wp-json\/wp\/v2\/comments?post=351"}],"version-history":[{"count":10,"href":"https:\/\/heleneholmsif.se\/langlopning\/wp-json\/wp\/v2\/pages\/351\/revisions"}],"predecessor-version":[{"id":2905,"href":"https:\/\/heleneholmsif.se\/langlopning\/wp-json\/wp\/v2\/pages\/351\/revisions\/2905"}],"up":[{"embeddable":true,"href":"https:\/\/heleneholmsif.se\/langlopning\/wp-json\/wp\/v2\/pages\/156"}],"wp:attachment":[{"href":"https:\/\/heleneholmsif.se\/langlopning\/wp-json\/wp\/v2\/media?parent=351"}],"curies":[{"name":"wp","href":"https:\/\/api.w.org\/{rel}","templated":true}]}}