{"id":353,"date":"2016-12-02T14:59:28","date_gmt":"2016-12-02T13:59:28","guid":{"rendered":"http:\/\/heleneholmsif.se\/langlopning\/?page_id=353"},"modified":"2019-11-13T17:15:05","modified_gmt":"2019-11-13T16:15:05","slug":"serielopet","status":"publish","type":"page","link":"https:\/\/heleneholmsif.se\/langlopning\/resultatbors\/serielopet\/","title":{"rendered":"Seriel\u00f6pet"},"content":{"rendered":"<p>43 m\u00e4n och 10 kvinnor har hittills deltagit i \u00e5rets Seriel\u00f6p.<br \/>\nAktuell st\u00e4llning inf\u00f6r \u00e5rets sista t\u00e4vling Klappjakten 7 december finner du <a href=\"http:\/\/heleneholmsif.se\/langlopning\/wp-content\/uploads\/sites\/5\/2019\/05\/Serieloepet_2019.pdf\" target=\"_blank\" rel=\"noopener noreferrer\">h\u00e4r<\/a><\/p>\n<p>Tidigare \u00e5r:<br \/>\n<a href=\"http:\/\/heleneholmsif.se\/langlopning\/wp-content\/uploads\/sites\/5\/2018\/04\/Serieloepet_2018.pdf\" target=\"_blank\" rel=\"noopener noreferrer\">2018<\/a><br \/>\n<a href=\"http:\/\/heleneholmsif.se\/langlopning\/wp-content\/uploads\/sites\/5\/2016\/12\/Serieloepet_2017.pdf\" target=\"_blank\" rel=\"noopener noreferrer\">2017<\/a><br \/>\n<a href=\"http:\/\/heleneholmsif.se\/langlopning\/wp-content\/uploads\/sites\/5\/2016\/12\/Serieloepet_2016.pdf\" target=\"_blank\" rel=\"noopener noreferrer\">2016<\/a><br \/>\n<a href=\"http:\/\/heleneholmsif.se\/langlopning\/wp-content\/uploads\/sites\/5\/2016\/12\/Serieloepet_2015.pdf\" target=\"_blank\" rel=\"noopener noreferrer\">2015<\/a><br \/>\n<a href=\"http:\/\/heleneholmsif.se\/langlopning\/wp-content\/uploads\/sites\/5\/2016\/12\/Serieloepet_2014.pdf\" target=\"_blank\" rel=\"noopener noreferrer\">2014<\/a><br \/>\n<a href=\"http:\/\/heleneholmsif.se\/langlopning\/wp-content\/uploads\/sites\/5\/2016\/12\/Serieloepet_2013.pdf\" target=\"_blank\" rel=\"noopener noreferrer\">2013<\/a><br \/>\n<a href=\"http:\/\/heleneholmsif.se\/langlopning\/wp-content\/uploads\/sites\/5\/2016\/12\/Serieloepet_2012.pdf\" target=\"_blank\" rel=\"noopener noreferrer\">2012<\/a><\/p>\n","protected":false},"excerpt":{"rendered":"<p>43 m\u00e4n och 10 kvinnor har hittills deltagit i \u00e5rets Seriel\u00f6p. Aktuell st\u00e4llning inf\u00f6r \u00e5rets sista t\u00e4vling Klappjakten 7 december finner du h\u00e4r Tidigare \u00e5r: 2018 2017 2016 2015 2014 2013 2012<\/p>\n","protected":false},"author":7,"featured_media":0,"parent":156,"menu_order":3,"comment_status":"closed","ping_status":"closed","template":"","meta":{"_mi_skip_tracking":false,"footnotes":""},"class_list":["post-353","page","type-page","status-publish","hentry"],"_links":{"self":[{"href":"https:\/\/heleneholmsif.se\/langlopning\/wp-json\/wp\/v2\/pages\/353","targetHints":{"allow":["GET"]}}],"collection":[{"href":"https:\/\/heleneholmsif.se\/langlopning\/wp-json\/wp\/v2\/pages"}],"about":[{"href":"https:\/\/heleneholmsif.se\/langlopning\/wp-json\/wp\/v2\/types\/page"}],"author":[{"embeddable":true,"href":"https:\/\/heleneholmsif.se\/langlopning\/wp-json\/wp\/v2\/users\/7"}],"replies":[{"embeddable":true,"href":"https:\/\/heleneholmsif.se\/langlopning\/wp-json\/wp\/v2\/comments?post=353"}],"version-history":[{"count":16,"href":"https:\/\/heleneholmsif.se\/langlopning\/wp-json\/wp\/v2\/pages\/353\/revisions"}],"predecessor-version":[{"id":2894,"href":"https:\/\/heleneholmsif.se\/langlopning\/wp-json\/wp\/v2\/pages\/353\/revisions\/2894"}],"up":[{"embeddable":true,"href":"https:\/\/heleneholmsif.se\/langlopning\/wp-json\/wp\/v2\/pages\/156"}],"wp:attachment":[{"href":"https:\/\/heleneholmsif.se\/langlopning\/wp-json\/wp\/v2\/media?parent=353"}],"curies":[{"name":"wp","href":"https:\/\/api.w.org\/{rel}","templated":true}]}}