{"id":355,"date":"2016-12-02T15:00:14","date_gmt":"2016-12-02T14:00:14","guid":{"rendered":"http:\/\/heleneholmsif.se\/langlopning\/?page_id=355"},"modified":"2019-11-19T13:36:33","modified_gmt":"2019-11-19T12:36:33","slug":"famsta-vdm-deltagare","status":"publish","type":"page","link":"https:\/\/heleneholmsif.se\/langlopning\/resultatbors\/famsta-vdm-deltagare\/","title":{"rendered":"Fr\u00e4msta VDM-deltagare"},"content":{"rendered":"<p align=\"left\">2019 har 40 m\u00e4n och 9 kvinnor i Heleneholm tagit minst en VDM-po\u00e4ng.<\/p>\n<p align=\"left\">Slutst\u00e4llningen i &#8221;Fr\u00e4msta VDM-deltagare 2019&#8221; finner du <a href=\"http:\/\/heleneholmsif.se\/langlopning\/wp-content\/uploads\/sites\/5\/2019\/11\/Fra\u0308msta-VDM-delt-2019.pdf\">h\u00e4r<\/a><br \/>\nSlutst\u00e4llningen i &#8221;Fr\u00e4msta VDM-deltagare 2018&#8221; finner du <a href=\"http:\/\/heleneholmsif.se\/langlopning\/wp-content\/uploads\/sites\/5\/2018\/03\/Fraemsta-VDM-delt-2018.pdf\" target=\"_blank\" rel=\"noopener noreferrer\">h\u00e4r<\/a>.<br \/>\nSlutst\u00e4llningen i &#8221;Fr\u00e4msta VDM-deltagare 2017&#8221; finner du <a href=\"http:\/\/heleneholmsif.se\/langlopning\/wp-content\/uploads\/sites\/5\/2016\/12\/Fraemsta-VDM-delt-2017.pdf\" target=\"_blank\" rel=\"noopener noreferrer\">h\u00e4r<\/a>.<br \/>\nSlutst\u00e4llningen i &#8221;Fr\u00e4msta VDM-deltagare 2016&#8221; finner du <a href=\"http:\/\/heleneholmsif.se\/langlopning\/wp-content\/uploads\/sites\/5\/2016\/12\/Fraemsta-VDM-delt-2016.pdf\" target=\"_blank\" rel=\"noopener noreferrer\">h\u00e4r<\/a>.<br \/>\nSlutst\u00e4llningen i &#8221;Fr\u00e4msta VDM-deltagare 2015&#8221; finner du <a href=\"http:\/\/heleneholmsif.se\/langlopning\/wp-content\/uploads\/sites\/5\/2016\/12\/Fraemsta-VDM-delt-2015.pdf\" target=\"_blank\" rel=\"noopener noreferrer\">h\u00e4r<\/a>.<br \/>\nSlutst\u00e4llningen i &#8221;Fr\u00e4msta VDM-deltagare 2014&#8221; finner du <a href=\"http:\/\/heleneholmsif.se\/langlopning\/wp-content\/uploads\/sites\/5\/2016\/12\/Fraemsta-VDM-delt-2014.pdf\" target=\"_blank\" rel=\"noopener noreferrer\">h\u00e4r<\/a>.<br \/>\nSlutst\u00e4llningen i &#8221;Fr\u00e4msta VDM-deltagare 2013&#8221; finner du <a href=\"http:\/\/heleneholmsif.se\/langlopning\/wp-content\/uploads\/sites\/5\/2016\/12\/Fraemsta-VDM-delt-2013.pdf\" target=\"_blank\" rel=\"noopener noreferrer\">h\u00e4r<\/a>.<br \/>\nSlutst\u00e4llningen i &#8221;Fr\u00e4msta VDM-deltagare 2012&#8221;\u00a0finner du <a href=\"http:\/\/heleneholmsif.se\/langlopning\/wp-content\/uploads\/sites\/5\/2016\/12\/Fraemsta-VDM-delt-2012.pdf\" target=\"_blank\" rel=\"noopener noreferrer\">h\u00e4r<\/a>.<br \/>\nSlutst\u00e4llningen i &#8221;Fr\u00e4msta VDM-deltagare 2011&#8221;\u00a0 finner du <a href=\"http:\/\/heleneholmsif.se\/langlopning\/wp-content\/uploads\/sites\/5\/2016\/12\/Fraemsta-VDM-delt-2011.pdf\" target=\"_blank\" rel=\"noopener noreferrer\">h\u00e4r<\/a>.<br \/>\nSlutst\u00e4llningen i &#8221;Fr\u00e4msta VDM-deltagare 2010&#8221;\u00a0 finner du <a href=\"http:\/\/heleneholmsif.se\/langlopning\/wp-content\/uploads\/sites\/5\/2016\/12\/Fraemsta-VDM-delt-2010.pdf\" target=\"_blank\" rel=\"noopener noreferrer\">h\u00e4r<\/a>.<br \/>\nSlutst\u00e4llningen i &#8221;Fr\u00e4msta VDM-deltagare 2009&#8221; finner du <a href=\"http:\/\/heleneholmsif.se\/langlopning\/wp-content\/uploads\/sites\/5\/2016\/12\/Fraemsta-VDM-delt-2009.pdf\" target=\"_blank\" rel=\"noopener noreferrer\">h\u00e4r<\/a>.<br \/>\nSlutst\u00e4llningen i &#8221;Fr\u00e4msta VDM-deltagare 2008&#8221; finner du <a href=\"http:\/\/heleneholmsif.se\/langlopning\/wp-content\/uploads\/sites\/5\/2016\/12\/Fraemsta-VDM-delt-2008.doc\" target=\"_blank\" rel=\"noopener noreferrer\">h\u00e4r<\/a>.<\/p>\n","protected":false},"excerpt":{"rendered":"<p>2019 har 40 m\u00e4n och 9 kvinnor i Heleneholm tagit minst en VDM-po\u00e4ng. Slutst\u00e4llningen i &#8221;Fr\u00e4msta VDM-deltagare 2019&#8221; finner du h\u00e4r Slutst\u00e4llningen i &#8221;Fr\u00e4msta VDM-deltagare 2018&#8221; finner du h\u00e4r. Slutst\u00e4llningen i &#8221;Fr\u00e4msta VDM-deltagare 2017&#8221; finner du h\u00e4r. Slutst\u00e4llningen i &#8221;Fr\u00e4msta VDM-deltagare 2016&#8221; finner du h\u00e4r. Slutst\u00e4llningen i &#8221;Fr\u00e4msta VDM-deltagare 2015&#8221; finner du h\u00e4r. Slutst\u00e4llningen i [&hellip;] <a href=\"https:\/\/heleneholmsif.se\/langlopning\/resultatbors\/famsta-vdm-deltagare\/\" class=\"readmore\">L\u00e4s mer<i class=\"icon-forward\"><\/i><\/a><\/p>\n","protected":false},"author":7,"featured_media":0,"parent":156,"menu_order":4,"comment_status":"closed","ping_status":"closed","template":"","meta":{"_mi_skip_tracking":false,"footnotes":""},"class_list":["post-355","page","type-page","status-publish","hentry"],"_links":{"self":[{"href":"https:\/\/heleneholmsif.se\/langlopning\/wp-json\/wp\/v2\/pages\/355","targetHints":{"allow":["GET"]}}],"collection":[{"href":"https:\/\/heleneholmsif.se\/langlopning\/wp-json\/wp\/v2\/pages"}],"about":[{"href":"https:\/\/heleneholmsif.se\/langlopning\/wp-json\/wp\/v2\/types\/page"}],"author":[{"embeddable":true,"href":"https:\/\/heleneholmsif.se\/langlopning\/wp-json\/wp\/v2\/users\/7"}],"replies":[{"embeddable":true,"href":"https:\/\/heleneholmsif.se\/langlopning\/wp-json\/wp\/v2\/comments?post=355"}],"version-history":[{"count":11,"href":"https:\/\/heleneholmsif.se\/langlopning\/wp-json\/wp\/v2\/pages\/355\/revisions"}],"predecessor-version":[{"id":2908,"href":"https:\/\/heleneholmsif.se\/langlopning\/wp-json\/wp\/v2\/pages\/355\/revisions\/2908"}],"up":[{"embeddable":true,"href":"https:\/\/heleneholmsif.se\/langlopning\/wp-json\/wp\/v2\/pages\/156"}],"wp:attachment":[{"href":"https:\/\/heleneholmsif.se\/langlopning\/wp-json\/wp\/v2\/media?parent=355"}],"curies":[{"name":"wp","href":"https:\/\/api.w.org\/{rel}","templated":true}]}}