{"id":361,"date":"2016-12-02T15:02:50","date_gmt":"2016-12-02T14:02:50","guid":{"rendered":"http:\/\/heleneholmsif.se\/langlopning\/?page_id=361"},"modified":"2021-04-22T12:40:08","modified_gmt":"2021-04-22T10:40:08","slug":"sektionsstatistik","status":"publish","type":"page","link":"https:\/\/heleneholmsif.se\/langlopning\/resultatbors\/sektionsstatistik\/","title":{"rendered":"Sektionsstatistik"},"content":{"rendered":"\n<p>Numera hittar du all statistik gjorda av Heleneholmare p\u00e5 svenska friidrottsf\u00f6rbundet statistiksida: <a href=\"https:\/\/www.friidrottsstatistik.se\/clubpages\/heleneholmsif\/\" target=\"_blank\" rel=\"noreferrer noopener\">Klicka h\u00e4r!<\/a><\/p>\n\n\n\n<p>Nedan hittar du \u00e4ldre statistik.<\/p>\n\n\n<table border=\"0\" width=\"700\" cellspacing=\"1\" cellpadding=\"1\" align=\"left\">\n<tbody>\n<tr>\n<td align=\"center\" width=\"350\"><a href=\"http:\/\/heleneholmsif.se\/langlopning\/wp-content\/uploads\/sites\/5\/2019\/02\/L-sekt-resultat-2018.pdf\" target=\"_blank\" rel=\"noopener\">2018<\/a><\/td>\n<td align=\"center\" width=\"350\">\u00a0<\/td>\n<td align=\"center\" width=\"350\">\u00a0<\/td>\n<td align=\"center\" width=\"350\">\u00a0<\/td>\n<\/tr>\n<tr>\n<td align=\"center\" width=\"350\"><a href=\"http:\/\/heleneholmsif.se\/langlopning\/wp-content\/uploads\/sites\/5\/2018\/05\/L-sekt-resultat-2017.pdf\" target=\"_blank\" rel=\"noopener\">2017<\/a><\/td>\n<td align=\"center\" width=\"350\"><a href=\"http:\/\/heleneholmsif.se\/langlopning\/wp-content\/uploads\/sites\/5\/2016\/12\/L-sekt-resultat-2016.doc\" target=\"_blank\" rel=\"noopener\">2016 <\/a><\/td>\n<td align=\"center\" width=\"350\"><a href=\"http:\/\/heleneholmsif.se\/langlopning\/wp-content\/uploads\/sites\/5\/2016\/12\/L-sekt-resultat-2015.doc\" target=\"_blank\" rel=\"noopener\">2015<\/a><\/td>\n<td align=\"center\" width=\"350\"><a href=\"http:\/\/heleneholmsif.se\/langlopning\/wp-content\/uploads\/sites\/5\/2016\/12\/L-sekt-resultat-2014.doc\" target=\"_blank\" rel=\"noopener\">2014<\/a><\/td>\n<\/tr>\n<tr>\n<td align=\"center\" width=\"350\"><a href=\"http:\/\/heleneholmsif.se\/langlopning\/wp-content\/uploads\/sites\/5\/2016\/12\/L-sekt-resultat-2013.doc\" target=\"_blank\" rel=\"noopener\">2013<\/a><\/td>\n<td align=\"center\" width=\"350\"><a href=\"http:\/\/heleneholmsif.se\/langlopning\/wp-content\/uploads\/sites\/5\/2016\/12\/L-sekt-resultat-2012.doc\" target=\"_blank\" rel=\"noopener\">2012<\/a><\/td>\n<td align=\"center\" width=\"350\"><a href=\"http:\/\/heleneholmsif.se\/langlopning\/wp-content\/uploads\/sites\/5\/2016\/12\/L-sekt-resultat-2011.doc\" target=\"_blank\" rel=\"noopener\">2011<\/a><\/td>\n<td align=\"center\" width=\"350\"><a href=\"http:\/\/heleneholmsif.se\/langlopning\/wp-content\/uploads\/sites\/5\/2016\/12\/L-sekt-resultat-2010.doc\" target=\"_blank\" rel=\"noopener\">2010<\/a><\/td>\n<\/tr>\n<tr>\n<td align=\"center\" width=\"350\"><a href=\"http:\/\/heleneholmsif.se\/langlopning\/wp-content\/uploads\/sites\/5\/2016\/12\/L-sekt-resultat-2009.doc\" target=\"_blank\" rel=\"noopener\">2009<\/a><\/td>\n<td align=\"center\" width=\"350\"><a href=\"http:\/\/heleneholmsif.se\/langlopning\/wp-content\/uploads\/sites\/5\/2016\/12\/L-sekt-resultat-2008.doc\" target=\"_blank\" rel=\"noopener\">2008<\/a><\/td>\n<td align=\"center\" width=\"350\"><a href=\"http:\/\/heleneholmsif.se\/langlopning\/wp-content\/uploads\/sites\/5\/2016\/12\/L-sekt-resultat-2007.doc\" target=\"_blank\" rel=\"noopener\">2007<\/a><\/td>\n<td align=\"center\" width=\"350\"><a href=\"http:\/\/heleneholmsif.se\/langlopning\/wp-content\/uploads\/sites\/5\/2016\/12\/L-sekt-resultat-2006.doc\" target=\"_blank\" rel=\"noopener\">2006<\/a><\/td>\n<\/tr>\n<tr>\n<td align=\"center\" width=\"350\"><a href=\"http:\/\/heleneholmsif.se\/langlopning\/wp-content\/uploads\/sites\/5\/2016\/12\/O-sekt-resultat-2005.doc\" target=\"_blank\" rel=\"noopener\"> 2005<\/a><\/td>\n<td align=\"center\" width=\"350\"><a href=\"http:\/\/heleneholmsif.se\/langlopning\/wp-content\/uploads\/sites\/5\/2016\/12\/O-sekt-resultat-2004.doc\" target=\"_blank\" rel=\"noopener\">2004<\/a><\/td>\n<td align=\"center\" width=\"350\"><a href=\"http:\/\/heleneholmsif.se\/langlopning\/wp-content\/uploads\/sites\/5\/2016\/12\/O-sekt-resultat-2003.doc\" target=\"_blank\" rel=\"noopener\">2003<\/a><\/td>\n<td align=\"center\" width=\"350\"><a href=\"http:\/\/heleneholmsif.se\/langlopning\/wp-content\/uploads\/sites\/5\/2016\/12\/O-sekt-resultat-1995.doc\" target=\"_blank\" rel=\"noopener\">2002<\/a><\/td>\n<\/tr>\n<tr>\n<td style=\"text-align: center;\" align=\"center\" width=\"350\"><a href=\"http:\/\/heleneholmsif.se\/langlopning\/wp-content\/uploads\/sites\/5\/2016\/12\/O-sekt-resultat-2001.doc\" target=\"_blank\" rel=\"noopener\">2001<\/a><\/td>\n<td align=\"center\" width=\"350\"><a href=\"http:\/\/heleneholmsif.se\/langlopning\/wp-content\/uploads\/sites\/5\/2016\/12\/O-sekt-resultat-2000.doc\" target=\"_blank\" rel=\"noopener\">2000<\/a><\/td>\n<td align=\"center\" width=\"350\"><a href=\"http:\/\/heleneholmsif.se\/langlopning\/wp-content\/uploads\/sites\/5\/2016\/12\/O-sekt-resultat-1999.doc\" target=\"_blank\" rel=\"noopener\">1999<\/a><\/td>\n<td align=\"center\" width=\"350\"><a href=\"http:\/\/heleneholmsif.se\/langlopning\/wp-content\/uploads\/sites\/5\/2016\/12\/O-sekt-resultat-1998.doc\" target=\"_blank\" rel=\"noopener\">1998<\/a><\/td>\n<\/tr>\n<tr>\n<td align=\"center\" width=\"350\"><a href=\"http:\/\/heleneholmsif.se\/langlopning\/wp-content\/uploads\/sites\/5\/2016\/12\/O-sekt-resultat-1997.doc\" target=\"_blank\" rel=\"noopener\">1997<\/a><\/td>\n<td align=\"center\" width=\"350\"><a href=\"http:\/\/heleneholmsif.se\/langlopning\/wp-content\/uploads\/sites\/5\/2016\/12\/O-sekt-resultat-1996.doc\" target=\"_blank\" rel=\"noopener\">1996<\/a><\/td>\n<td align=\"center\" width=\"350\"><a href=\"http:\/\/heleneholmsif.se\/langlopning\/wp-content\/uploads\/sites\/5\/2016\/12\/O-sekt-resultat-1995.doc\" target=\"_blank\" rel=\"noopener\">1995<\/a><\/td>\n<td align=\"center\" width=\"350\"><a href=\"http:\/\/heleneholmsif.se\/langlopning\/wp-content\/uploads\/sites\/5\/2016\/12\/O-sekt-resultat-1994.doc\" target=\"_blank\" rel=\"noopener\">1994<\/a><\/td>\n<\/tr>\n<\/tbody>\n<\/table>","protected":false},"excerpt":{"rendered":"<p>Numera hittar du all statistik gjorda av Heleneholmare p\u00e5 svenska friidrottsf\u00f6rbundet statistiksida: Klicka h\u00e4r! Nedan hittar du \u00e4ldre statistik. 2018 \u00a0 \u00a0 \u00a0 2017 2016 2015 2014 2013 2012 2011 2010 2009 2008 2007 2006 2005 2004 2003 2002 2001 2000 1999 1998 1997 1996 1995 1994<\/p>\n","protected":false},"author":7,"featured_media":0,"parent":156,"menu_order":7,"comment_status":"closed","ping_status":"closed","template":"","meta":{"_mi_skip_tracking":false,"footnotes":""},"class_list":["post-361","page","type-page","status-publish","hentry"],"_links":{"self":[{"href":"https:\/\/heleneholmsif.se\/langlopning\/wp-json\/wp\/v2\/pages\/361","targetHints":{"allow":["GET"]}}],"collection":[{"href":"https:\/\/heleneholmsif.se\/langlopning\/wp-json\/wp\/v2\/pages"}],"about":[{"href":"https:\/\/heleneholmsif.se\/langlopning\/wp-json\/wp\/v2\/types\/page"}],"author":[{"embeddable":true,"href":"https:\/\/heleneholmsif.se\/langlopning\/wp-json\/wp\/v2\/users\/7"}],"replies":[{"embeddable":true,"href":"https:\/\/heleneholmsif.se\/langlopning\/wp-json\/wp\/v2\/comments?post=361"}],"version-history":[{"count":6,"href":"https:\/\/heleneholmsif.se\/langlopning\/wp-json\/wp\/v2\/pages\/361\/revisions"}],"predecessor-version":[{"id":3535,"href":"https:\/\/heleneholmsif.se\/langlopning\/wp-json\/wp\/v2\/pages\/361\/revisions\/3535"}],"up":[{"embeddable":true,"href":"https:\/\/heleneholmsif.se\/langlopning\/wp-json\/wp\/v2\/pages\/156"}],"wp:attachment":[{"href":"https:\/\/heleneholmsif.se\/langlopning\/wp-json\/wp\/v2\/media?parent=361"}],"curies":[{"name":"wp","href":"https:\/\/api.w.org\/{rel}","templated":true}]}}