{"id":3628,"date":"2021-06-09T11:03:03","date_gmt":"2021-06-09T09:03:03","guid":{"rendered":"http:\/\/heleneholmsif.se\/langlopning\/?page_id=3628"},"modified":"2025-08-11T22:08:38","modified_gmt":"2025-08-11T20:08:38","slug":"dm-1500m","status":"publish","type":"page","link":"https:\/\/heleneholmsif.se\/langlopning\/dm-1500m\/","title":{"rendered":"DM\/VDM 1500m"},"content":{"rendered":"\n<p>Arrangeras 19 september p\u00e5 Heleneholms IP. <\/p>\n\n\n\n<ul class=\"wp-block-list\"><li><a href=\"https:\/\/heleneholmsif.se\/wp-content\/uploads\/2024\/06\/Inbjudan-DM-1500m.pdf\">Inbjudan<\/a><\/li><li><a rel=\"noreferrer noopener\" href=\"https:\/\/heleneholmsif.se\/wp-content\/uploads\/2024\/09\/PM-DM-1500m.pdf\" data-type=\"URL\" data-id=\"https:\/\/heleneholmsif.se\/wp-content\/uploads\/2024\/09\/PM-DM-1500m.pdf\" target=\"_blank\">PM<\/a><\/li><li><a href=\"https:\/\/heleneholmsif.se\/wp-content\/uploads\/2025\/08\/Startlista-och-heatindelning-1500m-2025.pdf\">Heatindelning &amp; starttid samt tidsprogram<\/a><\/li><\/ul>\n\n\n\n<p><\/p>\n\n\n\n<p>Fr\u00e5gor? Maila <a rel=\"noreferrer noopener\" href=\"mailto:tavling@heleneholmsif.se\" data-type=\"mailto\" data-id=\"mailto:tavling@heleneholmsif.se\" target=\"_blank\">T\u00e4vlingsmejlen<\/a><\/p>\n\n\n\n<hr class=\"wp-block-separator\"\/>\n\n\n\n<hr \/>\n\n\n\n<p>Resultaten fr\u00e5n 2022 hittas <a href=\"https:\/\/easyrecord.se\/result?qDDEDD\">h\u00e4r<\/a>. DM arrangerades 2022 p\u00e5 ett soligt och varmt Heleneholms IP. Ca 100 l\u00f6pare kom till start med ett \u00e5ldersspann p\u00e5 11-80 \u00e5r. <\/p>\n\n\n\n<p><a href=\"http:\/\/heleneholmsif.se\/langlopning\/wp-content\/uploads\/sites\/5\/2021\/08\/Resultat-1500-m-UDMJDMDMVDM-11-aug-2021-v2.pdf\">Resultat 2021<\/a><\/p>\n\n\n\n<p><a href=\"https:\/\/photos.app.goo.gl\/YDqo4XiR4TWo52T3A\">Bilder fr\u00e5n kv\u00e4llen<\/a> 2021<\/p>\n","protected":false},"excerpt":{"rendered":"<p>Arrangeras 19 september p\u00e5 Heleneholms IP. Inbjudan PM Heatindelning &amp; starttid samt tidsprogram Fr\u00e5gor? Maila T\u00e4vlingsmejlen Resultaten fr\u00e5n 2022 hittas h\u00e4r. DM arrangerades 2022 p\u00e5 ett soligt och varmt Heleneholms IP. Ca 100 l\u00f6pare kom till start med ett \u00e5ldersspann p\u00e5 11-80 \u00e5r. Resultat 2021 Bilder fr\u00e5n kv\u00e4llen 2021<\/p>\n","protected":false},"author":9,"featured_media":0,"parent":0,"menu_order":0,"comment_status":"closed","ping_status":"closed","template":"","meta":{"_mi_skip_tracking":false,"footnotes":""},"class_list":["post-3628","page","type-page","status-publish","hentry"],"_links":{"self":[{"href":"https:\/\/heleneholmsif.se\/langlopning\/wp-json\/wp\/v2\/pages\/3628","targetHints":{"allow":["GET"]}}],"collection":[{"href":"https:\/\/heleneholmsif.se\/langlopning\/wp-json\/wp\/v2\/pages"}],"about":[{"href":"https:\/\/heleneholmsif.se\/langlopning\/wp-json\/wp\/v2\/types\/page"}],"author":[{"embeddable":true,"href":"https:\/\/heleneholmsif.se\/langlopning\/wp-json\/wp\/v2\/users\/9"}],"replies":[{"embeddable":true,"href":"https:\/\/heleneholmsif.se\/langlopning\/wp-json\/wp\/v2\/comments?post=3628"}],"version-history":[{"count":46,"href":"https:\/\/heleneholmsif.se\/langlopning\/wp-json\/wp\/v2\/pages\/3628\/revisions"}],"predecessor-version":[{"id":4647,"href":"https:\/\/heleneholmsif.se\/langlopning\/wp-json\/wp\/v2\/pages\/3628\/revisions\/4647"}],"wp:attachment":[{"href":"https:\/\/heleneholmsif.se\/langlopning\/wp-json\/wp\/v2\/media?parent=3628"}],"curies":[{"name":"wp","href":"https:\/\/api.w.org\/{rel}","templated":true}]}}