{"id":363,"date":"2016-12-02T15:03:21","date_gmt":"2016-12-02T14:03:21","guid":{"rendered":"http:\/\/heleneholmsif.se\/langlopning\/?page_id=363"},"modified":"2021-04-22T13:42:43","modified_gmt":"2021-04-22T11:42:43","slug":"marathonstatistik","status":"publish","type":"page","link":"https:\/\/heleneholmsif.se\/langlopning\/resultatbors\/marathonstatistik\/","title":{"rendered":"Marathonstatistik"},"content":{"rendered":"<p>Aktuell marathonstatistik f\u00f6r L-sektionens nuvarande medlemmar finner du <a href=\"http:\/\/heleneholmsif.se\/langlopning\/wp-content\/uploads\/sites\/5\/2018\/11\/Marathonstatistik.pdf\" target=\"_blank\" rel=\"noopener noreferrer\">h\u00e4r<\/a>.<\/p>\n<p>Fr\u00e4mst ligger Magnus Bergh b\u00e5de n\u00e4r det g\u00e4ller antal lopp (120) och b\u00e4sta tid (2.17.45).<br \/>\nB\u00e4sta kvinna \u00e4r Barbro Liljequist n\u00e4r det g\u00e4ller antal lopp (51) och n\u00e4r det g\u00e4ller b\u00e4sta tid \u00e4r det Marina Stoltz (3.02.24).<\/p>\n<p>Statistiken omfattar 66 medlemmar som genomf\u00f6rt minst ett marathonlopp, varav 17 kvinnor.<br \/>\nJust nu har sektionen 10 medlemmar som genomf\u00f6rt 50 lopp eller mer.<br \/>\n11 medlemmar har en b\u00e4sta tid under 3 timmar.<\/p>\n<p>Senast uppdaterad 2019.<\/p>\n","protected":false},"excerpt":{"rendered":"<p>Aktuell marathonstatistik f\u00f6r L-sektionens nuvarande medlemmar finner du h\u00e4r. Fr\u00e4mst ligger Magnus Bergh b\u00e5de n\u00e4r det g\u00e4ller antal lopp (120) och b\u00e4sta tid (2.17.45). B\u00e4sta kvinna \u00e4r Barbro Liljequist n\u00e4r det g\u00e4ller antal lopp (51) och n\u00e4r det g\u00e4ller b\u00e4sta tid \u00e4r det Marina Stoltz (3.02.24). Statistiken omfattar 66 medlemmar som genomf\u00f6rt minst ett marathonlopp, [&hellip;] <a href=\"https:\/\/heleneholmsif.se\/langlopning\/resultatbors\/marathonstatistik\/\" class=\"readmore\">L\u00e4s mer<i class=\"icon-forward\"><\/i><\/a><\/p>\n","protected":false},"author":7,"featured_media":0,"parent":156,"menu_order":8,"comment_status":"closed","ping_status":"closed","template":"","meta":{"_mi_skip_tracking":false,"footnotes":""},"class_list":["post-363","page","type-page","status-publish","hentry"],"_links":{"self":[{"href":"https:\/\/heleneholmsif.se\/langlopning\/wp-json\/wp\/v2\/pages\/363","targetHints":{"allow":["GET"]}}],"collection":[{"href":"https:\/\/heleneholmsif.se\/langlopning\/wp-json\/wp\/v2\/pages"}],"about":[{"href":"https:\/\/heleneholmsif.se\/langlopning\/wp-json\/wp\/v2\/types\/page"}],"author":[{"embeddable":true,"href":"https:\/\/heleneholmsif.se\/langlopning\/wp-json\/wp\/v2\/users\/7"}],"replies":[{"embeddable":true,"href":"https:\/\/heleneholmsif.se\/langlopning\/wp-json\/wp\/v2\/comments?post=363"}],"version-history":[{"count":11,"href":"https:\/\/heleneholmsif.se\/langlopning\/wp-json\/wp\/v2\/pages\/363\/revisions"}],"predecessor-version":[{"id":3537,"href":"https:\/\/heleneholmsif.se\/langlopning\/wp-json\/wp\/v2\/pages\/363\/revisions\/3537"}],"up":[{"embeddable":true,"href":"https:\/\/heleneholmsif.se\/langlopning\/wp-json\/wp\/v2\/pages\/156"}],"wp:attachment":[{"href":"https:\/\/heleneholmsif.se\/langlopning\/wp-json\/wp\/v2\/media?parent=363"}],"curies":[{"name":"wp","href":"https:\/\/api.w.org\/{rel}","templated":true}]}}