{"id":4,"date":"2016-03-24T15:06:58","date_gmt":"2016-03-24T14:06:58","guid":{"rendered":"http:\/\/heleneholmsif.se\/langlopning\/?page_id=4"},"modified":"2025-02-13T12:34:41","modified_gmt":"2025-02-13T11:34:41","slug":"hem","status":"publish","type":"page","link":"https:\/\/heleneholmsif.se\/langlopning\/","title":{"rendered":"Landsv\u00e4gsl\u00f6pning"},"content":{"rendered":"<p>Varmt v\u00e4lkommen till sidan f\u00f6r Heleneholms IF:s -L\u00f6pning. H\u00e4r hittar du all n\u00f6dv\u00e4ndig information som ber\u00f6r v\u00e5r l\u00f6parverksamhet. Hos oss \u00e4r du <strong>v\u00e4lkommen att tr\u00e4na<\/strong> oavsett om du satsar p\u00e5 att bli elitl\u00f6pare eller vill motionera p\u00e5 l\u00e4gre niv\u00e5. Vi har tr\u00e4ningsgrupper f\u00f6r alla distanser, niv\u00e5er och ambitioner. Varmt v\u00e4lkommen att prova i n\u00e5gon av v\u00e5ra tr\u00e4ningsgrupper.<\/p>\n<p>\u00d6nskar du att nyanm\u00e4la dig som medlem kan du g\u00f6ra det <a href=\"https:\/\/entry.sportadmin.se\/groupsOverview?uid=PsWe2j&amp;pageId=0&amp;sportid=1003\">h\u00e4r<\/a>. Det g\u00e5r bra att prova tv\u00e5-tre g\u00e5nger innan du blir medlem.<\/p>\n<p>Du navigerar enkelt i menyraden.<\/p>\n<ul>\n<li><a href=\"http:\/\/heleneholmsif.se\/langlopning\/om-hif-langlopning\/\">Om sektionen<\/a><\/li>\n<li><a href=\"http:\/\/heleneholmsif.se\/langlopning\/traning\/\">Tr\u00e4ning<\/a><\/li>\n<li><a href=\"http:\/\/heleneholmsif.se\/langlopning\/tavling\/\">Arrangemang<\/a><\/li>\n<li><a href=\"http:\/\/heleneholmsif.se\/langlopning\/interna-tavlingar\/\">Interna t\u00e4vlingar<\/a><\/li>\n<li><a href=\"http:\/\/heleneholmsif.se\/langlopning\/resultatbors\/\">Resultatb\u00f6rs<\/a><\/li>\n<li><a href=\"http:\/\/heleneholmsif.se\/langlopning\/medlem\/\">Bli medlem<\/a><\/li>\n<li><a href=\"http:\/\/heleneholmsif.se\/langlopning\/kontakt\/\">Kontakt<\/a><\/li>\n<\/ul>\n<p><strong>Under denna huvudsida hittar du allt om:<\/strong><br \/>\n<strong>&#8211; <\/strong>L\u00f6pning (fr\u00e5n 800m &#8211; ultramarathon)<strong><br \/>\n&#8211; <\/strong>Veteranfriidrott<br \/>\n<strong>&#8211;<\/strong>Motionsgymnastik<\/p>\n<p>D\u00e4rut\u00f6ver har du m\u00f6jlighet att t\u00e4vla f\u00f6r f\u00f6reningen i:<br \/>\n&#8211; Orientering<br \/>\n&#8211; Skid\u00e5kning<\/p>\n<p><strong>Detta g\u00f6r vi:<\/strong><br \/>\n&#8211; Vi bedriver gemensam l\u00f6ptr\u00e4ning i grupp flera dagar i veckan. Se mer under fliken &#8221;<a href=\"http:\/\/heleneholmsif.se\/langlopning\/traning\/\">Tr\u00e4ning<\/a>&#8221;<\/p>\n<p>&#8211; Vi sam\u00e5ker till flera sanktionerade l\u00e5nglopp i Sk\u00e5ne<\/p>\n<p>&#8211; I veteranfriidrott deltar sektionen med framg\u00e5ng i de sk\u00e5nska t\u00e4vlingarna, men ocks\u00e5 vid m\u00e4sterskap av olika slag.<\/p>\n<hr \/>\n<figure class=\"alignnone\">\n<div class=\"\"><img decoding=\"async\" src=\"http:\/\/heleneholmsif.se\/langlopning\/wp-content\/uploads\/sites\/5\/2020\/09\/image1-1024x768.jpeg\" alt=\"Denna bild har ett alt-attribut som \u00e4r tomt. Dess filnamn \u00e4r image1-1024x768.jpeg\" \/><\/div>\n<\/figure>\n<hr \/>\n","protected":false},"excerpt":{"rendered":"<p>Varmt v\u00e4lkommen till sidan f\u00f6r Heleneholms IF:s -L\u00f6pning. H\u00e4r hittar du all n\u00f6dv\u00e4ndig information som ber\u00f6r v\u00e5r l\u00f6parverksamhet. Hos oss \u00e4r du v\u00e4lkommen att tr\u00e4na oavsett om du satsar p\u00e5 att bli elitl\u00f6pare eller vill motionera p\u00e5 l\u00e4gre niv\u00e5. Vi har tr\u00e4ningsgrupper f\u00f6r alla distanser, niv\u00e5er och ambitioner. Varmt v\u00e4lkommen att prova i n\u00e5gon av [&hellip;] <a href=\"https:\/\/heleneholmsif.se\/langlopning\/\" class=\"readmore\">L\u00e4s mer<i class=\"icon-forward\"><\/i><\/a><\/p>\n","protected":false},"author":1,"featured_media":0,"parent":0,"menu_order":1,"comment_status":"closed","ping_status":"closed","template":"custom-page.php","meta":{"_mi_skip_tracking":false,"footnotes":""},"class_list":["post-4","page","type-page","status-publish","hentry"],"_links":{"self":[{"href":"https:\/\/heleneholmsif.se\/langlopning\/wp-json\/wp\/v2\/pages\/4","targetHints":{"allow":["GET"]}}],"collection":[{"href":"https:\/\/heleneholmsif.se\/langlopning\/wp-json\/wp\/v2\/pages"}],"about":[{"href":"https:\/\/heleneholmsif.se\/langlopning\/wp-json\/wp\/v2\/types\/page"}],"author":[{"embeddable":true,"href":"https:\/\/heleneholmsif.se\/langlopning\/wp-json\/wp\/v2\/users\/1"}],"replies":[{"embeddable":true,"href":"https:\/\/heleneholmsif.se\/langlopning\/wp-json\/wp\/v2\/comments?post=4"}],"version-history":[{"count":59,"href":"https:\/\/heleneholmsif.se\/langlopning\/wp-json\/wp\/v2\/pages\/4\/revisions"}],"predecessor-version":[{"id":4618,"href":"https:\/\/heleneholmsif.se\/langlopning\/wp-json\/wp\/v2\/pages\/4\/revisions\/4618"}],"wp:attachment":[{"href":"https:\/\/heleneholmsif.se\/langlopning\/wp-json\/wp\/v2\/media?parent=4"}],"curies":[{"name":"wp","href":"https:\/\/api.w.org\/{rel}","templated":true}]}}