{"id":502,"date":"2017-06-21T17:03:59","date_gmt":"2017-06-21T15:03:59","guid":{"rendered":"http:\/\/heleneholmsif.se\/langlopning\/?page_id=502"},"modified":"2023-03-06T08:25:39","modified_gmt":"2023-03-06T07:25:39","slug":"tavlingsanmalningar","status":"publish","type":"page","link":"https:\/\/heleneholmsif.se\/langlopning\/om-hif-langlopning\/tavlingsanmalningar\/","title":{"rendered":"T\u00e4vlingsanm\u00e4lningar"},"content":{"rendered":"<p><a href=\"https:\/\/heleneholmsif.se\/wp-content\/uploads\/2023\/03\/Att-tanka-pa-vid-anmalan-till-tavling.pdf\">Att t\u00e4nka p\u00e5 vid anm\u00e4lan till t\u00e4vling<\/a><\/p>\n\n","protected":false},"excerpt":{"rendered":"<p>Att t\u00e4nka p\u00e5 vid anm\u00e4lan till t\u00e4vling<\/p>\n","protected":false},"author":4,"featured_media":0,"parent":6,"menu_order":8,"comment_status":"closed","ping_status":"closed","template":"","meta":{"_mi_skip_tracking":false,"footnotes":""},"class_list":["post-502","page","type-page","status-publish","hentry"],"_links":{"self":[{"href":"https:\/\/heleneholmsif.se\/langlopning\/wp-json\/wp\/v2\/pages\/502","targetHints":{"allow":["GET"]}}],"collection":[{"href":"https:\/\/heleneholmsif.se\/langlopning\/wp-json\/wp\/v2\/pages"}],"about":[{"href":"https:\/\/heleneholmsif.se\/langlopning\/wp-json\/wp\/v2\/types\/page"}],"author":[{"embeddable":true,"href":"https:\/\/heleneholmsif.se\/langlopning\/wp-json\/wp\/v2\/users\/4"}],"replies":[{"embeddable":true,"href":"https:\/\/heleneholmsif.se\/langlopning\/wp-json\/wp\/v2\/comments?post=502"}],"version-history":[{"count":14,"href":"https:\/\/heleneholmsif.se\/langlopning\/wp-json\/wp\/v2\/pages\/502\/revisions"}],"predecessor-version":[{"id":4524,"href":"https:\/\/heleneholmsif.se\/langlopning\/wp-json\/wp\/v2\/pages\/502\/revisions\/4524"}],"up":[{"embeddable":true,"href":"https:\/\/heleneholmsif.se\/langlopning\/wp-json\/wp\/v2\/pages\/6"}],"wp:attachment":[{"href":"https:\/\/heleneholmsif.se\/langlopning\/wp-json\/wp\/v2\/media?parent=502"}],"curies":[{"name":"wp","href":"https:\/\/api.w.org\/{rel}","templated":true}]}}