{"id":6,"date":"2016-03-24T15:07:15","date_gmt":"2016-03-24T14:07:15","guid":{"rendered":"http:\/\/heleneholmsif.se\/langlopning\/?page_id=6"},"modified":"2023-03-08T08:31:46","modified_gmt":"2023-03-08T07:31:46","slug":"om-hif-langlopning","status":"publish","type":"page","link":"https:\/\/heleneholmsif.se\/langlopning\/om-hif-langlopning\/","title":{"rendered":"Om HIF l\u00f6pning"},"content":{"rendered":"<figure id=\"attachment_1723\" class=\"alignnone\" style=\"width: 400px;\"><a data-fancybox-title=\"\" class=\"zoom-hover fb\" href=\"http:\/\/heleneholmsif.se\/langlopning\/gallery\/traningslager-24-25-mars\/29344884_774053482788840_592108993_n\/\" rel=\"attachment wp-att-1723\"><img loading=\"lazy\" decoding=\"async\" class=\" wp-image-1723\" src=\"http:\/\/heleneholmsif.se\/langlopning\/wp-content\/uploads\/sites\/5\/2018\/03\/29344884_774053482788840_592108993_n.jpg\" alt=\"\" width=\"400\" height=\"533\" srcset=\"https:\/\/heleneholmsif.se\/langlopning\/wp-content\/uploads\/sites\/5\/2018\/03\/29344884_774053482788840_592108993_n.jpg 720w, https:\/\/heleneholmsif.se\/langlopning\/wp-content\/uploads\/sites\/5\/2018\/03\/29344884_774053482788840_592108993_n-225x300.jpg 225w, https:\/\/heleneholmsif.se\/langlopning\/wp-content\/uploads\/sites\/5\/2018\/03\/29344884_774053482788840_592108993_n-45x60.jpg 45w, https:\/\/heleneholmsif.se\/langlopning\/wp-content\/uploads\/sites\/5\/2018\/03\/29344884_774053482788840_592108993_n-364x485.jpg 364w\" sizes=\"auto, (max-width: 400px) 100vw, 400px\" \/><\/a><\/figure>\n<p>L\u00f6pning inom Heleneholms IF bildades 1949 under namnet Orienteringssektionen, eftersom orientering d\u00e5 var en av sektionens huvudaktiviteter. Runt 2006 bytte sektionen namn till l\u00e5ngl\u00f6parsektionen. Fr\u00e5n 2022 ing\u00e5r sektionen gemensamt med \u00f6vriga tidigare sektioner under huvudf\u00f6reningen.<\/p>\n<p>Vi har idag ca 100 manliga och kvinnliga l\u00f6pare i alla \u00e5ldrar och tr\u00e4ningsniv\u00e5er. En del tr\u00e4nar f\u00f6r att t\u00e4vla och andra motionerar f\u00f6r att det k\u00e4nns sk\u00f6nt och f\u00f6r att m\u00e5 bra. Oavsett vilken din ambition \u00e4r s\u00e5 \u00e4r du\u00a0 varmt v\u00e4lkomna att prova b\u00f6rja tr\u00e4na l\u00f6pning med oss i Heleneholms IF!<\/p>\n<p>Detta g\u00f6r vi fr\u00e4mst inom l\u00f6pningen:<br \/>\n&#8211; Vi bedriver gemensam l\u00f6ptr\u00e4ning i grupp flera dagar i veckan. Se mer under fliken &#8221;tr\u00e4ning&#8221;<\/p>\n<p>&#8211; Vi sam\u00e5ker till de flesta sanktionerade l\u00e5nglopp i Sk\u00e5ne<\/p>\n<p>&#8211; I veteranfriidrott deltar sektionen med framg\u00e5ng i de sk\u00e5nska t\u00e4vlingarna, men ocks\u00e5 vid m\u00e4sterskap av olika slag.<\/p>\n<p>&#8211; P\u00e5 Heleneholms idrottsplats anordnar vi under n\u00e5gra sommarkv\u00e4llar sektionsm\u00e4sterskap i banl\u00f6pning.<\/p>\n<p>&#8211; Vi har \u00e4ven en intern <a href=\"http:\/\/www.heleneholmslanglopare.se\/pages\/taevlingar\/interna-taevl.\/serieloepet.php\" target=\"_blank\" rel=\"noopener\">seriet\u00e4vling<\/a> f\u00f6r l\u00f6pare med flera olika \u00e5ldersklasser. I t\u00e4vlingen f\u00e5r man po\u00e4ng efter deltagande och resultat i olika t\u00e4vlingar, d\u00e4ribland flera som ing\u00e5r i Sk\u00e5nes Veterancup, d\u00e4r v\u00e5ra medlemmar brukar n\u00e5 framtr\u00e4dande placeringar.<\/p>\n<p>&#8211; Vi arrangerar flera olika lopp, se mer om detta under arrangemang<\/p>\n","protected":false},"excerpt":{"rendered":"<p>L\u00f6pning inom Heleneholms IF bildades 1949 under namnet Orienteringssektionen, eftersom orientering d\u00e5 var en av sektionens huvudaktiviteter. Runt 2006 bytte sektionen namn till l\u00e5ngl\u00f6parsektionen. Fr\u00e5n 2022 ing\u00e5r sektionen gemensamt med \u00f6vriga tidigare sektioner under huvudf\u00f6reningen. Vi har idag ca 100 manliga och kvinnliga l\u00f6pare i alla \u00e5ldrar och tr\u00e4ningsniv\u00e5er. En del tr\u00e4nar f\u00f6r att t\u00e4vla [&hellip;] <a href=\"https:\/\/heleneholmsif.se\/langlopning\/om-hif-langlopning\/\" class=\"readmore\">L\u00e4s mer<i class=\"icon-forward\"><\/i><\/a><\/p>\n","protected":false},"author":1,"featured_media":0,"parent":0,"menu_order":0,"comment_status":"closed","ping_status":"closed","template":"","meta":{"_mi_skip_tracking":false,"footnotes":""},"class_list":["post-6","page","type-page","status-publish","hentry"],"_links":{"self":[{"href":"https:\/\/heleneholmsif.se\/langlopning\/wp-json\/wp\/v2\/pages\/6","targetHints":{"allow":["GET"]}}],"collection":[{"href":"https:\/\/heleneholmsif.se\/langlopning\/wp-json\/wp\/v2\/pages"}],"about":[{"href":"https:\/\/heleneholmsif.se\/langlopning\/wp-json\/wp\/v2\/types\/page"}],"author":[{"embeddable":true,"href":"https:\/\/heleneholmsif.se\/langlopning\/wp-json\/wp\/v2\/users\/1"}],"replies":[{"embeddable":true,"href":"https:\/\/heleneholmsif.se\/langlopning\/wp-json\/wp\/v2\/comments?post=6"}],"version-history":[{"count":20,"href":"https:\/\/heleneholmsif.se\/langlopning\/wp-json\/wp\/v2\/pages\/6\/revisions"}],"predecessor-version":[{"id":4290,"href":"https:\/\/heleneholmsif.se\/langlopning\/wp-json\/wp\/v2\/pages\/6\/revisions\/4290"}],"wp:attachment":[{"href":"https:\/\/heleneholmsif.se\/langlopning\/wp-json\/wp\/v2\/media?parent=6"}],"curies":[{"name":"wp","href":"https:\/\/api.w.org\/{rel}","templated":true}]}}