{"id":8,"date":"2016-03-24T15:07:50","date_gmt":"2016-03-24T14:07:50","guid":{"rendered":"http:\/\/heleneholmsif.se\/langlopning\/?page_id=8"},"modified":"2025-02-13T12:30:07","modified_gmt":"2025-02-13T11:30:07","slug":"bli-medlem","status":"publish","type":"page","link":"https:\/\/heleneholmsif.se\/langlopning\/medlem\/bli-medlem\/","title":{"rendered":"Bli medlem"},"content":{"rendered":"<div align=\"left\">\n<h2><strong>Medlemsavgifter 2024<\/strong><\/h2>\n<div class=\"su-table su-table-alternate\">\n<table>\n<tbody>\n<tr>\n<td>-15 \u00e5r<\/td>\n<td>700:-<\/td>\n<\/tr>\n<tr>\n<td>16 \u00e5r och \u00e4ldre<\/td>\n<td>900:-<\/td>\n<\/tr>\n<tr>\n<td>Familjeavgift<\/td>\n<td>1600:-<\/td>\n<\/tr>\n<tr>\n<td>HIF:v\u00e4n<\/td>\n<td>400:-<\/td>\n<\/tr>\n<tr>\n<td>St\u00e4ndig medlem<\/td>\n<td>8500:-<\/td>\n<\/tr>\n<\/tbody>\n<\/table>\n<\/div>\n<p><strong>Administrationsavgift<\/strong><br \/>\nNu kan vi erbjuda nya smidiga digitala betalningsmetoder \u2013 allt f\u00f6r att vi som f\u00f6rening ska kunna digitalisera och f\u00f6renkla v\u00e5r administration. F\u00f6r kortbetalningar tillkommer en administrationsavgift.<\/p>\n<\/div>\n<ul>\n<li>Ovanst\u00e5ende avgifter \u00e4r hel\u00e5rs.<\/li>\n<li>Efter 1 juli g\u00e4ller halv medlemsavgift.<\/li>\n<li>Detta g\u00e4ller dock inte f\u00f6r avgift f\u00f6r st\u00e4ndig medlem.<\/li>\n<li><strong>Du betalar din medlemsavgift p\u00e5 Bankgiro 975 &#8211; 76 26 och anger sektion.<br \/>\n<\/strong><\/li>\n<\/ul>\n<p><strong>Hur blir jag medlem?<br \/>\n<\/strong>Genom att fylla i formul\u00e4ret <a href=\"https:\/\/entry.sportadmin.se\/groupsOverview?uid=PsWe2j\">h\u00e4r<\/a>. Du har m\u00f6jlighet att prova tv\u00e5 g\u00e5nger innan du blir medlem.<\/p>\n<p><b>Vad f\u00e5r jag som medlem?<\/b><br \/>\nF\u00f6rutom all tr\u00e4ning &amp; t\u00e4vlingsverksamhet f\u00e5r du som medlem \u00e4ven en del f\u00f6rm\u00e5ner via v\u00e5ra samarbetspartners.<b> <a href=\"http:\/\/heleneholmsif.se\/wp-content\/uploads\/2021\/04\/Detta-far-du-som-medlem-i-Heleneholms-IF-infor-medlemskap.pdf\">L\u00e4s mer i detta dokument <\/a><\/b>om vad du som medlem f\u00e5r under&nbsp; 2021.<\/p>\n","protected":false},"excerpt":{"rendered":"<p>Medlemsavgifter 2024 Administrationsavgift Nu kan vi erbjuda nya smidiga digitala betalningsmetoder \u2013 allt f\u00f6r att vi som f\u00f6rening ska kunna digitalisera och f\u00f6renkla v\u00e5r administration. F\u00f6r kortbetalningar tillkommer en administrationsavgift. Ovanst\u00e5ende avgifter \u00e4r hel\u00e5rs. Efter 1 juli g\u00e4ller halv medlemsavgift. Detta g\u00e4ller dock inte f\u00f6r avgift f\u00f6r st\u00e4ndig medlem. Du betalar din medlemsavgift p\u00e5 Bankgiro [&hellip;] <a href=\"https:\/\/heleneholmsif.se\/langlopning\/medlem\/bli-medlem\/\" class=\"readmore\">L\u00e4s mer<i class=\"icon-forward\"><\/i><\/a><\/p>\n","protected":false},"author":1,"featured_media":0,"parent":180,"menu_order":2,"comment_status":"closed","ping_status":"closed","template":"","meta":{"_mi_skip_tracking":false,"footnotes":""},"class_list":["post-8","page","type-page","status-publish","hentry"],"_links":{"self":[{"href":"https:\/\/heleneholmsif.se\/langlopning\/wp-json\/wp\/v2\/pages\/8","targetHints":{"allow":["GET"]}}],"collection":[{"href":"https:\/\/heleneholmsif.se\/langlopning\/wp-json\/wp\/v2\/pages"}],"about":[{"href":"https:\/\/heleneholmsif.se\/langlopning\/wp-json\/wp\/v2\/types\/page"}],"author":[{"embeddable":true,"href":"https:\/\/heleneholmsif.se\/langlopning\/wp-json\/wp\/v2\/users\/1"}],"replies":[{"embeddable":true,"href":"https:\/\/heleneholmsif.se\/langlopning\/wp-json\/wp\/v2\/comments?post=8"}],"version-history":[{"count":30,"href":"https:\/\/heleneholmsif.se\/langlopning\/wp-json\/wp\/v2\/pages\/8\/revisions"}],"predecessor-version":[{"id":4617,"href":"https:\/\/heleneholmsif.se\/langlopning\/wp-json\/wp\/v2\/pages\/8\/revisions\/4617"}],"up":[{"embeddable":true,"href":"https:\/\/heleneholmsif.se\/langlopning\/wp-json\/wp\/v2\/pages\/180"}],"wp:attachment":[{"href":"https:\/\/heleneholmsif.se\/langlopning\/wp-json\/wp\/v2\/media?parent=8"}],"curies":[{"name":"wp","href":"https:\/\/api.w.org\/{rel}","templated":true}]}}