{"id":171,"date":"2016-11-27T17:03:04","date_gmt":"2016-11-27T16:03:04","guid":{"rendered":"http:\/\/heleneholmsif.se\/triathlon\/?page_id=171"},"modified":"2023-09-06T11:43:56","modified_gmt":"2023-09-06T09:43:56","slug":"historik","status":"publish","type":"page","link":"https:\/\/heleneholmsif.se\/triathlon\/om-heleneholms-if-tri-team\/historik\/","title":{"rendered":"Historik"},"content":{"rendered":"<p>Heleneholms IF \u00e4r en klubb med gamla anor, en framg\u00e5ngsrik och k\u00e4nd klubb fr\u00e4mst inom friidrottens- och l\u00f6pningens v\u00e4rld. Heleneholms IF har alltid varit en bred klubb och har \u00e4ven erbjudit t.ex orientering, skid\u00e5kning och l\u00e5ngl\u00f6pning. En klubb med passande motton som \u201dfr\u00e5n vaggan till graven\u201d och \u201dmed bredden mot toppen.\u201d \u00c5r 1997 vidgades klubbens verksamhet ytterligare n\u00e4r Peter Moritz drog ig\u00e5ng triathlonverksamheten. Tillsammans med tv\u00e5 andra eldsj\u00e4lar, Susanne Sw\u00e4rdh och Peter Amoreus blev triathlon-aktiviteten mer organiserad och kom att hamna under Heleneholms orienteringssektion.<\/p>\n<p>L\u00f6rdagen den 17 maj 1997 klockan 10.00 hade Heleneholms IF triathlon sin f\u00f6rsta tr\u00e4ning i form av ett cykelpass p\u00e5 Sk\u00e5nska sl\u00e4tten. I uppstartningsskedet var det 8-9 personer som nappade p\u00e5 detta med triathlon, men allt eftersom tiden har g\u00e5tt, har vi blivit fler och fler medlemmar.<\/p>\n<p>Det t\u00e4vlades ocks\u00e5 en hel del redan under f\u00f6rsta \u00e5ret. Vi kom upp i hela 36 triathlonstarter 1997. Det \u00e4r ganska imponerande med tanke p\u00e5 att klubben inte var mer \u00e4n n\u00e5gon m\u00e5nad gammal. Peter Moritz drev klubbens verksamhet fram\u00e5t, t\u00e4vlingskl\u00e4der togs fram, fler och fler lockades till sporten och det h\u00f6lls bl.a organiserade m\u00f6ten och cykelmeckstr\u00e4ffar. \u00c5r 1998 kunde det stoltseras med hela 56 t\u00e4vlingsstarter varav en hel del bra resultat i Sk\u00e5necupen samt tre hederv\u00e4rda j\u00e4rnm\u00e4n.<\/p>\n<p>Victoria Persson tog som kontaktman \u00f6ver efter Peter Moritz och jobbade f\u00f6r sportens fram\u00e5tskridande. Verksamheten drevs fram\u00e5t och fler kombipass, spinningpass, tr\u00e4ningshelger mm genomf\u00f6rdes. Deltagarantalet stagnerade n\u00e5got och under s\u00e4songen 1999 gjordes 52 starter. Klubben b\u00f6rjade samarbeta med Triathlon Syd och Malm\u00f6 Triathlon arrangerades ihop p\u00e5 hemmaplan.<\/p>\n<p>Fredrik W\u00e4sterberg tog \u00f6ver rollen som kontaktman v\u00e5ren 2000 och hann p\u00e5 kort tid jobba mycket f\u00f6r klubben, bl.a skapade han klubbens f\u00f6rsta hemsida. Medlemmar fr\u00e5n klubben deltog p\u00e5 sk\u00e5nel\u00e4ger, t\u00e4vlade f\u00f6r sk\u00e5nelaget och flertalet hamnade p\u00e5 Sverigerankingen. Klubben b\u00f6rjade med andra ord g\u00f6ra sig k\u00e4nd i lite vidare kretsar.<\/p>\n<p>Under sommaren 2000 fortsatte samarbetet med Triathlon Syd och bl.a h\u00f6lls gemensam triathlontr\u00e4ning nere vid havet varje vecka. Under h\u00f6sten h\u00f6lls det m\u00e5nga diskussioner och m\u00f6ten f\u00f6r att bli en gemensam klubb, vilket tyv\u00e4rr inte lyckades genomf\u00f6ras. Under tiden st\u00e4rktes banden inom Heleneholms IF och Orienteringssektionen skickade tv\u00e5 triathleter p\u00e5 tr\u00e4narutbildning samt hyrde simbanor i Burl\u00f6v. Intresset f\u00f6r triathlon inom klubben \u00f6kade ytterligare och ett f\u00f6rslag p\u00e5 att bli en egen sektion diskuterades fram ihop med Heleneholms IF huvudstyrelse.<\/p>\n<p>Fr\u00e5n \u00e5r 2001 fungerar vi triathleter i Heleneholms IF Tri Team som en egen sektion inom Heleneholms IF. Vi \u00e4r en h\u00e4rlig blandning av motion\u00e4rer som tr\u00e4ningstokar, j\u00e4rnm\u00e4n som nyb\u00f6rjare, herrar som damer, juniorer som masters\u2026 alla med gemensam n\u00e4mnare\u2026\u2026 intresse, k\u00e4nsla, gl\u00e4dje, beroende, gl\u00f6d, livsstil, k\u00e4rlek\u2026 kalla det vad man vill\u2026. passion till triathlon!<\/p>\n<p>H\u00f6sten 2003 b\u00f6rjade Bo Holmstrand som l\u00f6ptr\u00e4nare och inledde en ny era f\u00f6r klubben. Hans l\u00e5ngsiktiga tr\u00e4ning gav med tiden resultat f\u00f6r b\u00e5de motion\u00e4rer och elitsatsande. Det var m\u00e5nga framg\u00e5ngar p\u00e5 SM-t\u00e4vlingarna p\u00e5 b\u00e5de dam- och herrsidan under de f\u00f6ljande \u00e5ren. Antalet medlemmar v\u00e4xte och n\u00e5gra tog steget ut i Europa- och v\u00e4rldseliten i triathlon och duathlon.<\/p>\n<p>Under senare delen av 00-talet genomgick klubben ett generationsskifte. Flera av dem som varit med och grundade triathlonsektionen pensionerade sig och nya har tagit \u00f6ver.\u00a0Men klubbens m\u00e5ls\u00e4ttning\u00a0alltj\u00e4mt \u00e4r \u2013\u00a0Triathlon f\u00f6r alla.<\/p>\n<p>2022 beslutades det p\u00e5 \u00e5rsm\u00f6tet att alla sektioner skulle sl\u00e5s samman till en enda. Det innebar att vi gick tillbaka till namnet Heleneholms IF och f\u00f6reningen har en styrelse ist\u00e4llet f\u00f6r fyra<\/p>\n","protected":false},"excerpt":{"rendered":"<p>Heleneholms IF \u00e4r en klubb med gamla anor, en framg\u00e5ngsrik och k\u00e4nd klubb fr\u00e4mst inom friidrottens- och l\u00f6pningens v\u00e4rld. Heleneholms IF har alltid varit en bred klubb och har \u00e4ven erbjudit t.ex orientering, skid\u00e5kning och l\u00e5ngl\u00f6pning. En klubb med passande motton som \u201dfr\u00e5n vaggan till graven\u201d och \u201dmed bredden mot toppen.\u201d \u00c5r 1997 vidgades klubbens [&hellip;] <a href=\"https:\/\/heleneholmsif.se\/triathlon\/om-heleneholms-if-tri-team\/historik\/\" class=\"readmore\">L\u00e4s mer<i class=\"icon-forward\"><\/i><\/a><\/p>\n","protected":false},"author":5,"featured_media":0,"parent":6,"menu_order":3,"comment_status":"closed","ping_status":"closed","template":"","meta":{"_mi_skip_tracking":false,"footnotes":""},"class_list":["post-171","page","type-page","status-publish","hentry"],"_links":{"self":[{"href":"https:\/\/heleneholmsif.se\/triathlon\/wp-json\/wp\/v2\/pages\/171","targetHints":{"allow":["GET"]}}],"collection":[{"href":"https:\/\/heleneholmsif.se\/triathlon\/wp-json\/wp\/v2\/pages"}],"about":[{"href":"https:\/\/heleneholmsif.se\/triathlon\/wp-json\/wp\/v2\/types\/page"}],"author":[{"embeddable":true,"href":"https:\/\/heleneholmsif.se\/triathlon\/wp-json\/wp\/v2\/users\/5"}],"replies":[{"embeddable":true,"href":"https:\/\/heleneholmsif.se\/triathlon\/wp-json\/wp\/v2\/comments?post=171"}],"version-history":[{"count":5,"href":"https:\/\/heleneholmsif.se\/triathlon\/wp-json\/wp\/v2\/pages\/171\/revisions"}],"predecessor-version":[{"id":1725,"href":"https:\/\/heleneholmsif.se\/triathlon\/wp-json\/wp\/v2\/pages\/171\/revisions\/1725"}],"up":[{"embeddable":true,"href":"https:\/\/heleneholmsif.se\/triathlon\/wp-json\/wp\/v2\/pages\/6"}],"wp:attachment":[{"href":"https:\/\/heleneholmsif.se\/triathlon\/wp-json\/wp\/v2\/media?parent=171"}],"curies":[{"name":"wp","href":"https:\/\/api.w.org\/{rel}","templated":true}]}}