{"id":356,"date":"2017-01-05T20:43:07","date_gmt":"2017-01-05T19:43:07","guid":{"rendered":"http:\/\/heleneholmsif.se\/triathlon\/?page_id=356"},"modified":"2025-06-13T08:11:54","modified_gmt":"2025-06-13T06:11:54","slug":"anmalan-till-htts-simning","status":"publish","type":"page","link":"https:\/\/heleneholmsif.se\/triathlon\/traning\/simning\/anmalan-till-htts-simning\/","title":{"rendered":"Anm\u00e4lan till simning"},"content":{"rendered":"\n<p>Nedan p\u00e5 denna sida finner du en instruktion f\u00f6r hur du anm\u00e4ler dig till simtr\u00e4ningen. Notera att du m\u00e5ste vara medlem i Heleneholms IF f\u00f6r att delta i simtr\u00e4ningen.<\/p>\n\n\n\n<h2 class=\"wp-block-heading\">1 Medlemsskap i Heleneholms IF <\/h2>\n\n\n\n<p>F\u00f6r att delta i v\u00e5r simtr\u00e4ning (och alla v\u00e5ra andra tr\u00e4ningar) m\u00e5ste du vara medlem i Heleneholms IF. \u00c4r du redan medlem s\u00e5 kan du hoppa direkt till punkt 2.<\/p>\n\n\n\n<p>Du finner allt du beh\u00f6ver f\u00f6r att bli medlem i klubben h\u00e4r.<\/p>\n\n\n<a href=\"http:\/\/heleneholmsif.se\/triathlon\/bli-medlem\/\" class=\"su-button su-button-style-default\" style=\"color:#FFFFFF;background-color:#E52342;border-color:#b81c35;border-radius:9px;-moz-border-radius:9px;-webkit-border-radius:9px\" target=\"_self\"><span style=\"color:#FFFFFF;padding:0px 24px;font-size:18px;line-height:36px;border-color:#ed657b;border-radius:9px;-moz-border-radius:9px;-webkit-border-radius:9px;text-shadow:none;-moz-text-shadow:none;-webkit-text-shadow:none\"> Bli medlem!<\/span><\/a>\n\n\n\n<div style=\"height:15px\" aria-hidden=\"true\" class=\"wp-block-spacer\"><\/div>\n\n\n\n<h2 class=\"wp-block-heading\">2 Anm\u00e4lan till simtr\u00e4ningen<\/h2>\n\n\n\n<p>Om du har varit med tidigare anm\u00e4ler du direkt p\u00e5 v\u00e5r bokningssida h\u00e4r, v\u00e4lj den grupp och betalningsmetod du \u00f6nskar.  <\/p>\n\n\n\n<p><a href=\"https:\/\/entry.sportadmin.se\/groupsOverview?uid=PsWe2j&amp;pageId=0&amp;sportid=1071\" data-type=\"URL\" data-id=\"https:\/\/entry.sportadmin.se\/groupsOverview?uid=PsWe2j&amp;pageId=0&amp;sportid=1071\" target=\"_blank\" rel=\"noreferrer noopener\">Anm\u00e4lan till tr\u00e4ning g\u00f6rs h\u00e4r<\/a><\/p>\n\n\n\n<div style=\"height:30px\" aria-hidden=\"true\" class=\"wp-block-spacer\"><\/div>\n\n\n\n<p><\/p>\n\n\n\n<div style=\"height:30px\" aria-hidden=\"true\" class=\"wp-block-spacer\"><\/div>\n","protected":false},"excerpt":{"rendered":"<p>Nedan p\u00e5 denna sida finner du en instruktion f\u00f6r hur du anm\u00e4ler dig till simtr\u00e4ningen. Notera att du m\u00e5ste vara medlem i Heleneholms IF f\u00f6r att delta i simtr\u00e4ningen. 1 Medlemsskap i Heleneholms IF F\u00f6r att delta i v\u00e5r simtr\u00e4ning (och alla v\u00e5ra andra tr\u00e4ningar) m\u00e5ste du vara medlem i Heleneholms IF. \u00c4r du redan [&hellip;] <a href=\"https:\/\/heleneholmsif.se\/triathlon\/traning\/simning\/anmalan-till-htts-simning\/\" class=\"readmore\">L\u00e4s mer<i class=\"icon-forward\"><\/i><\/a><\/p>\n","protected":false},"author":5,"featured_media":0,"parent":189,"menu_order":0,"comment_status":"closed","ping_status":"closed","template":"","meta":{"_mi_skip_tracking":false,"footnotes":""},"class_list":["post-356","page","type-page","status-publish","hentry"],"_links":{"self":[{"href":"https:\/\/heleneholmsif.se\/triathlon\/wp-json\/wp\/v2\/pages\/356","targetHints":{"allow":["GET"]}}],"collection":[{"href":"https:\/\/heleneholmsif.se\/triathlon\/wp-json\/wp\/v2\/pages"}],"about":[{"href":"https:\/\/heleneholmsif.se\/triathlon\/wp-json\/wp\/v2\/types\/page"}],"author":[{"embeddable":true,"href":"https:\/\/heleneholmsif.se\/triathlon\/wp-json\/wp\/v2\/users\/5"}],"replies":[{"embeddable":true,"href":"https:\/\/heleneholmsif.se\/triathlon\/wp-json\/wp\/v2\/comments?post=356"}],"version-history":[{"count":17,"href":"https:\/\/heleneholmsif.se\/triathlon\/wp-json\/wp\/v2\/pages\/356\/revisions"}],"predecessor-version":[{"id":1761,"href":"https:\/\/heleneholmsif.se\/triathlon\/wp-json\/wp\/v2\/pages\/356\/revisions\/1761"}],"up":[{"embeddable":true,"href":"https:\/\/heleneholmsif.se\/triathlon\/wp-json\/wp\/v2\/pages\/189"}],"wp:attachment":[{"href":"https:\/\/heleneholmsif.se\/triathlon\/wp-json\/wp\/v2\/media?parent=356"}],"curies":[{"name":"wp","href":"https:\/\/api.w.org\/{rel}","templated":true}]}}