{"id":4,"date":"2016-03-24T15:06:58","date_gmt":"2016-03-24T14:06:58","guid":{"rendered":"http:\/\/heleneholmsif.se\/triathlon\/?page_id=4"},"modified":"2023-03-08T07:43:37","modified_gmt":"2023-03-08T06:43:37","slug":"hem","status":"publish","type":"page","link":"https:\/\/heleneholmsif.se\/triathlon\/","title":{"rendered":"Triathlon"},"content":{"rendered":"\n<figure class=\"wp-block-image\"><figure id=\"attachment_1263\" class=\"alignnone\"><div class=\"\"><img loading=\"lazy\" decoding=\"async\" width=\"960\" height=\"768\" src=\"http:\/\/heleneholmsif.se\/triathlon\/wp-content\/uploads\/sites\/3\/2020\/02\/bild1.jpg\" alt=\"\" class=\"wp-image-1263\" srcset=\"https:\/\/heleneholmsif.se\/triathlon\/wp-content\/uploads\/sites\/3\/2020\/02\/bild1.jpg 960w, https:\/\/heleneholmsif.se\/triathlon\/wp-content\/uploads\/sites\/3\/2020\/02\/bild1-300x240.jpg 300w, https:\/\/heleneholmsif.se\/triathlon\/wp-content\/uploads\/sites\/3\/2020\/02\/bild1-768x614.jpg 768w, https:\/\/heleneholmsif.se\/triathlon\/wp-content\/uploads\/sites\/3\/2020\/02\/bild1-75x60.jpg 75w, https:\/\/heleneholmsif.se\/triathlon\/wp-content\/uploads\/sites\/3\/2020\/02\/bild1-748x598.jpg 748w, https:\/\/heleneholmsif.se\/triathlon\/wp-content\/uploads\/sites\/3\/2020\/02\/bild1-364x291.jpg 364w\" sizes=\"auto, (max-width: 960px) 100vw, 960px\" \/><\/div><\/figure><\/figure>\n\n\n<h2>Heleneholms IF &#8211; Triathlon f\u00f6r alla!<\/h2>\n<p>Heleneholms IF \u00e4r en av Sk\u00e5nes starkaste friidrott och triathlonklubbar. Medlemmarna tr\u00e4nar som alla andra triatleter mestadels p\u00e5 egen hand, men klubben har organiserad och tr\u00e4narledd tr\u00e4ning i samtliga discipliner och andra tr\u00e4ningsformer. F\u00f6reningen v\u00e4rnar om de sociala aspekterna och bedriver ett st\u00e4ndigt utvecklingsarbete f\u00f6r att st\u00e4rka klubbk\u00e4nslan. Tillsammans g\u00f6r vi Heleneholms IF till vad det \u00e4r och tillsammans \u00e4r vi klubbk\u00e4nslan!<\/p>\n<p>Alla &#8211; oavsett ambitionsniv\u00e5 &#8211; \u00e4r v\u00e4lkomna till Heleneholms IF! Motion\u00e4r eller elit, en full Ironman eller ett lopp \u00f6ver sprintdistans spelar inte n\u00e5gon roll. V\u00e5ra tr\u00e4nare anpassar tr\u00e4ningarna s\u00e5 att det blir individuell tr\u00e4ning i grupp. Alla blir garanterat lika tr\u00f6tta!<\/p>\n<p><strong>Vill du prova p\u00e5? Du \u00e4r v\u00e4lkommen att gratis vara med vid tre valfria tr\u00e4ningstillf\u00e4llen.<\/strong><\/p>","protected":false},"excerpt":{"rendered":"<p>Heleneholms IF &#8211; Triathlon f\u00f6r alla! Heleneholms IF \u00e4r en av Sk\u00e5nes starkaste friidrott och triathlonklubbar. Medlemmarna tr\u00e4nar som alla andra triatleter mestadels p\u00e5 egen hand, men klubben har organiserad och tr\u00e4narledd tr\u00e4ning i samtliga discipliner och andra tr\u00e4ningsformer. F\u00f6reningen v\u00e4rnar om de sociala aspekterna och bedriver ett st\u00e4ndigt utvecklingsarbete f\u00f6r att st\u00e4rka klubbk\u00e4nslan. Tillsammans [&hellip;] <a href=\"https:\/\/heleneholmsif.se\/triathlon\/\" class=\"readmore\">L\u00e4s mer<i class=\"icon-forward\"><\/i><\/a><\/p>\n","protected":false},"author":1,"featured_media":0,"parent":0,"menu_order":1,"comment_status":"closed","ping_status":"closed","template":"custom-page.php","meta":{"_mi_skip_tracking":false,"footnotes":""},"class_list":["post-4","page","type-page","status-publish","hentry"],"_links":{"self":[{"href":"https:\/\/heleneholmsif.se\/triathlon\/wp-json\/wp\/v2\/pages\/4","targetHints":{"allow":["GET"]}}],"collection":[{"href":"https:\/\/heleneholmsif.se\/triathlon\/wp-json\/wp\/v2\/pages"}],"about":[{"href":"https:\/\/heleneholmsif.se\/triathlon\/wp-json\/wp\/v2\/types\/page"}],"author":[{"embeddable":true,"href":"https:\/\/heleneholmsif.se\/triathlon\/wp-json\/wp\/v2\/users\/1"}],"replies":[{"embeddable":true,"href":"https:\/\/heleneholmsif.se\/triathlon\/wp-json\/wp\/v2\/comments?post=4"}],"version-history":[{"count":51,"href":"https:\/\/heleneholmsif.se\/triathlon\/wp-json\/wp\/v2\/pages\/4\/revisions"}],"predecessor-version":[{"id":1672,"href":"https:\/\/heleneholmsif.se\/triathlon\/wp-json\/wp\/v2\/pages\/4\/revisions\/1672"}],"wp:attachment":[{"href":"https:\/\/heleneholmsif.se\/triathlon\/wp-json\/wp\/v2\/media?parent=4"}],"curies":[{"name":"wp","href":"https:\/\/api.w.org\/{rel}","templated":true}]}}