{"id":6,"date":"2016-03-24T15:07:15","date_gmt":"2016-03-24T14:07:15","guid":{"rendered":"http:\/\/heleneholmsif.se\/triathlon\/?page_id=6"},"modified":"2023-03-08T07:53:10","modified_gmt":"2023-03-08T06:53:10","slug":"om-heleneholms-if-tri-team","status":"publish","type":"page","link":"https:\/\/heleneholmsif.se\/triathlon\/om-heleneholms-if-tri-team\/","title":{"rendered":"Om Heleneholms IF &#8211; Triathlon"},"content":{"rendered":"<p>Sedan den 15 januari 2001 har Heleneholms IF utvecklat sig till en av de ledande triathlonklubbarna i Sverige. Alla medlemmar t\u00e4vlar aktivt och det g\u00f6r att sektionens f\u00e4rger syns mycket p\u00e5 t\u00e4vlingar runt om i Sverige och \u00e4ven i resten av v\u00e4rlden. Vi har duktiga tr\u00e4nare som g\u00f6r att alla f\u00e5r m\u00f6jligheten att vidga sina gr\u00e4nser.<\/p>\n<p>Alla \u00e4r v\u00e4lkomna till klubben, elit s\u00e5v\u00e4l som motion\u00e4rer. Heleneholms idrotts filosofi \u00e4r att man ska ha kul, tr\u00e4ffa likasinnade och att tr\u00e4na tillsammans oavsett niv\u00e5 och ambition. Motion\u00e4rer och elit bildar en stark gemenskap d\u00e4r erfarenhet och gl\u00e4dje delas i m\u00e4ngder.<\/p>\n<h2>&#8211;<\/h2>\n","protected":false},"excerpt":{"rendered":"<p>Sedan den 15 januari 2001 har Heleneholms IF utvecklat sig till en av de ledande triathlonklubbarna i Sverige. Alla medlemmar t\u00e4vlar aktivt och det g\u00f6r att sektionens f\u00e4rger syns mycket p\u00e5 t\u00e4vlingar runt om i Sverige och \u00e4ven i resten av v\u00e4rlden. Vi har duktiga tr\u00e4nare som g\u00f6r att alla f\u00e5r m\u00f6jligheten att vidga sina [&hellip;] <a href=\"https:\/\/heleneholmsif.se\/triathlon\/om-heleneholms-if-tri-team\/\" class=\"readmore\">L\u00e4s mer<i class=\"icon-forward\"><\/i><\/a><\/p>\n","protected":false},"author":1,"featured_media":0,"parent":0,"menu_order":2,"comment_status":"closed","ping_status":"closed","template":"","meta":{"_mi_skip_tracking":false,"footnotes":""},"class_list":["post-6","page","type-page","status-publish","hentry"],"_links":{"self":[{"href":"https:\/\/heleneholmsif.se\/triathlon\/wp-json\/wp\/v2\/pages\/6","targetHints":{"allow":["GET"]}}],"collection":[{"href":"https:\/\/heleneholmsif.se\/triathlon\/wp-json\/wp\/v2\/pages"}],"about":[{"href":"https:\/\/heleneholmsif.se\/triathlon\/wp-json\/wp\/v2\/types\/page"}],"author":[{"embeddable":true,"href":"https:\/\/heleneholmsif.se\/triathlon\/wp-json\/wp\/v2\/users\/1"}],"replies":[{"embeddable":true,"href":"https:\/\/heleneholmsif.se\/triathlon\/wp-json\/wp\/v2\/comments?post=6"}],"version-history":[{"count":12,"href":"https:\/\/heleneholmsif.se\/triathlon\/wp-json\/wp\/v2\/pages\/6\/revisions"}],"predecessor-version":[{"id":1675,"href":"https:\/\/heleneholmsif.se\/triathlon\/wp-json\/wp\/v2\/pages\/6\/revisions\/1675"}],"wp:attachment":[{"href":"https:\/\/heleneholmsif.se\/triathlon\/wp-json\/wp\/v2\/media?parent=6"}],"curies":[{"name":"wp","href":"https:\/\/api.w.org\/{rel}","templated":true}]}}