{"id":76,"date":"2016-04-28T09:23:26","date_gmt":"2016-04-28T07:23:26","guid":{"rendered":"http:\/\/heleneholmsif.se\/triathlon\/?page_id=76"},"modified":"2023-09-06T11:40:57","modified_gmt":"2023-09-06T09:40:57","slug":"vara-partners","status":"publish","type":"page","link":"https:\/\/heleneholmsif.se\/triathlon\/om-heleneholms-if-tri-team\/vara-partners\/","title":{"rendered":"V\u00e5ra partners"},"content":{"rendered":"<p>Heleneholms IF har ett antal partners vilka vi \u00e4r v\u00e4ldigt stolta \u00f6ver.<br \/>Nedan presenterar vi dem och de exklusiva f\u00f6rm\u00e5ner v\u00e5ra medlemmar \u00e5tnjuter hos dem.<\/p>\n<p>\u00c4r du intresserad av att bli partner till Heleneholms IF eller har id\u00e9er p\u00e5 hur vi skulle kunna hj\u00e4lpa varandra? Tveka inte\u2026 Kontakta oss!<br \/>Du finner kontaktuppgifter <a title=\"Kontakt\" href=\"http:\/\/heleneholmsif.se\/triathlon\/kontakt\/\">h\u00e4r<\/a>.<\/p>\n<hr \/>\n<h1>\u00a0<\/h1>\n<h1>Detta \u00e4r v\u00e5ra partners<\/h1>\n<hr \/>\n<p><strong>Musette<\/strong> \u00e4r cykelhaket f\u00f6r dig som s\u00f6ker h\u00f6gsta klass p\u00e5 produkter och service. Om du dessutom \u00f6nskar en god kopp kaffe, i en stimulerande milj\u00f6 som andas cykelkultur, har du kommit helt r\u00e4tt.<\/p>\n<p>H\u00e4rifr\u00e5n startar du distanspasset med en frisk espresso och nyservade v\u00e4xlar eller s\u00e5 kommer du f\u00f6r att se bergsm\u00e5lg\u00e5ngarna i Girot i trevligt s\u00e4llskap \u00f6ver en rund cappuccino.<\/p>\n<p><strong>Medlemsf\u00f6rm\u00e5n:<\/strong> Musette erbjuder HTT\u2019s medlemmar 10% rabatt p\u00e5 allt* (undantaget Argon18, BMC, Project ONE, S-works och produkter fr\u00e5n Garmin.) Den tidigare rabatten p\u00e5 service g\u00e4ller allts\u00e5 inte l\u00e4ngre men vi f\u00e5r ist\u00e4llet rabatt p\u00e5 st\u00f6rre delen av produktsortimentet samt att vi som samarbetspartner kommer f\u00e5 erbjudande om specialpriser p\u00e5 utvalda produkter fram\u00f6ver.<\/p>\n<p style=\"text-align: center;\"><a href=\"http:\/\/www.musette.se\" target=\"_blank\" rel=\"noopener noreferrer\">Hemsida<\/a><\/p>\n<hr \/>\n<figure id=\"attachment_2081\" class=\"alignleft fixed\" style=\"width: 150px;\"><a data-fancybox-title=\"\" class=\"zoom-hover fb\" href=\"http:\/\/openwaterswimclubstore.se\"><img loading=\"lazy\" decoding=\"async\" class=\" wp-image-2081\" src=\"http:\/\/www.heleneholmstriteam.se\/wp-content\/uploads\/2015\/03\/OW-5-gr\u00f6n-prick-300x217.png\" alt=\"\" width=\"150\" height=\"109\" hspace=\"10\" vspace=\"10\" \/><\/a><\/figure>\n<p><strong><br \/>Openwaterswimclub<\/strong> grundades, genom ett gemensamt intresse f\u00f6r tr\u00e4ning och simning, av Johan Nyman och Magnus Nambord. B\u00e5de Johan och Magnus har en gedigen bakgrund som t\u00e4vlingssimmare fr\u00e5n uppv\u00e4xt\u00e5ren och fram\u00e5t.<br \/>V\u00e5r tr\u00e4ningsfilosofi \u00e4r enkel, simning ska vara kul och v\u00e5rt motto \u00e4r: &#8230;L\u00e4r dig simma p\u00e5 riktigt!<\/p>\n<p>Vi testar kontinuerligt nya produkter och en del av dem kan du k\u00f6pa i v\u00e5r webbshop. En grundregel \u00e4r att vi s\u00e4ljer inget som vi inte sj\u00e4lva anv\u00e4nder och gillar.<\/p>\n<p><strong>Medlemsf\u00f6rm\u00e5n:<\/strong> 12% p\u00e5 ordinariepris i webbshoppen f\u00f6r medlemmar (rabattkod finns i \u201dFiler\u201d i Facebook-gruppen f\u00f6r medlemmar)..<\/p>\n<p style=\"text-align: center;\"><a href=\"http:\/\/openwaterswimclubstore.se\" target=\"_blank\" rel=\"noopener noreferrer\">Hemsida\/Webshop<\/a><\/p>\n<hr \/>\n<p><strong>Performance Sport<\/strong> \u2013\u00a0P\u00e5 Performance Sport hittar du noga utvalda och testade produkter som inte finns \u00f6verallt. Gemensamt f\u00f6r dem \u00e4r att de tar din tr\u00e4ning till nya niv\u00e5er och hj\u00e4lper dig att prestera det lilla extra. H\u00e4r hittar du bland annat cykelklingorna fr\u00e5n O-symetric som ger dig 10 procent mer kraft, den tekniska v\u00e5tdr\u00e4kten fr\u00e5n HUUB som hj\u00e4lper dig att f\u00f6rb\u00e4ttra din simteknik, Compressport kompressionskl\u00e4der som hj\u00e4lper dig att \u00e5terh\u00e4mta dig snabbare och mycket mycket mer.<\/p>\n<p style=\"text-align: left;\"><strong>Medlemsf\u00f6rm\u00e5n:<\/strong> 15% p\u00e5 ordinariepris i webbshoppen f\u00f6r medlemmar (rabbatkod finns i &#8221;Filer&#8221; i <a href=\"https:\/\/www.facebook.com\/groups\/HeleneholmsTriTeam\/\" target=\"_blank\" rel=\"noopener noreferrer\">Facebook-gruppen<\/a> f\u00f6r medlemmar).<\/p>\n<p style=\"text-align: center;\"><a href=\"http:\/\/www.performancesport.se\" target=\"_blank\" rel=\"noopener noreferrer\">Hemsida<\/a>\u00a0| <a href=\"http:\/\/www.performancesport.se\/store\" target=\"_blank\" rel=\"noopener noreferrer\">Webbshop<\/a><\/p>\n<hr \/>\n<p><strong>TRIMTEX<\/strong> \u2013 TRIMTEX etablerades 1976 och \u00e4r en av Sveriges ledande leverant\u00f6rer av kl\u00e4der till uth\u00e5llighetsidrottare. Man \u00e4r ocks\u00e5 officiell leverant\u00f6r till F\u00f6rsvarsmakten. Trimtex jobbar m\u00e5lmedvetet och kontinuerligt f\u00f6r att tillverka de b\u00e4sta och mest tekniska teamkl\u00e4derna p\u00e5 marknaden. Varje detalj i varje steg av utvecklingsprocessen, fr\u00e5n teknisk forskning till val av material sker p\u00e5 huvudkontoret i Norge. Produktionen sker i egen fabrik i Estland.<\/p>\n<p style=\"text-align: left;\"><strong>Medlemsf\u00f6rm\u00e5n:<\/strong>\u00a0Sveriges snyggaste klubbkl\u00e4der till kanonpriser.<\/p>\n<p style=\"text-align: center;\"><a href=\"http:\/\/www.trimtex.se\" target=\"_blank\" rel=\"noopener noreferrer\">Hemsida<\/a>\u00a0| <a href=\"http:\/\/www.teamorder.se\" target=\"_blank\" rel=\"noopener noreferrer\">Webbshop<\/a><\/p>\n<p style=\"text-align: center;\">\u00a0<\/p>\n<hr \/>\n<p><strong>Just Right<\/strong> \u2013 har hj\u00e4lpt oss att bygga Heleneholms IF hemsida.<\/p>\n<p style=\"text-align: center;\"><a href=\"http:\/\/www.justright.se\" target=\"_blank\" rel=\"noopener noreferrer\">Hemsida<\/a><\/p>\n<hr \/>\n<figure id=\"attachment_1398\" class=\"alignnone\" style=\"width: 250px;\"><a data-fancybox-title=\"\" class=\"zoom-hover fb\" href=\"https:\/\/www.aktivitus.se\/\"><img loading=\"lazy\" decoding=\"async\" class=\" wp-image-1398 size-full\" src=\"http:\/\/heleneholmsif.se\/triathlon\/wp-content\/uploads\/sites\/3\/2021\/01\/Aktivius.png\" alt=\"\" width=\"250\" height=\"85\" srcset=\"https:\/\/heleneholmsif.se\/triathlon\/wp-content\/uploads\/sites\/3\/2021\/01\/Aktivius.png 250w, https:\/\/heleneholmsif.se\/triathlon\/wp-content\/uploads\/sites\/3\/2021\/01\/Aktivius-176x60.png 176w\" sizes=\"auto, (max-width: 250px) 100vw, 250px\" \/><\/a><\/figure>\n<p><strong>Aktivitus<\/strong> &#8211; Heleneholm Tri Team inleder nu ett samarbete med Aktivitus Malm\u00f6! P\u00e5 Aktivitus kan du ta reda p\u00e5 din kondition genom ett VO2max test eller f\u00e5 dina individuella pulszoner och tr\u00f6sklar i ett avancerat test f\u00f6r antingen l\u00f6pning, cykel eller triathlon. G\u00f6r du b\u00e5de ett VO2max test och ett avancerat test f\u00e5r du en helhetsbild och vet d\u00e5 vilka delar just du beh\u00f6ver tr\u00e4na p\u00e5 f\u00f6r att kunna prestera b\u00e4ttre. Det finns \u00e4ven m\u00f6jlighet att genomf\u00f6ra en l\u00f6pteknikanalys f\u00e5r att f\u00e5 tips och r\u00e5d p\u00e5 vad du kan f\u00f6rb\u00e4ttra i din l\u00f6pteknik.\u00a0<\/p>\n\n\n<p><strong>Medlemsf\u00f6rm\u00e5n:<\/strong> Medlemmar f\u00e5r 10% p\u00e5 Aktivitus frist\u00e5ende tester (ej l\u00f6pande membership). P\u00e5 Aktivitus kan du ta reda p\u00e5 din kondition genom ett VO2max test eller f\u00e5 dina individuella pulszoner och tr\u00f6sklar i ett avancerat test f\u00f6r antingen l\u00f6pning, cykel eller triathlon. Mer information och bokning g\u00f6rs p\u00e5 <a href=\"https:\/\/www.aktivitus.se\/\" data-type=\"URL\" data-id=\"https:\/\/www.aktivitus.se\/\" target=\"_blank\" rel=\"noreferrer noopener\">Aktivitus.se<\/a>. Skriv att du tillh\u00f6r Heleneholm TriTeam vid bokning s\u00e5 f\u00e5r du allts\u00e5 10% rabatt.<\/p>\n","protected":false},"excerpt":{"rendered":"<p>Heleneholms IF har ett antal partners vilka vi \u00e4r v\u00e4ldigt stolta \u00f6ver.Nedan presenterar vi dem och de exklusiva f\u00f6rm\u00e5ner v\u00e5ra medlemmar \u00e5tnjuter hos dem. \u00c4r du intresserad av att bli partner till Heleneholms IF eller har id\u00e9er p\u00e5 hur vi skulle kunna hj\u00e4lpa varandra? Tveka inte\u2026 Kontakta oss!Du finner kontaktuppgifter h\u00e4r. \u00a0 Detta \u00e4r v\u00e5ra [&hellip;] <a href=\"https:\/\/heleneholmsif.se\/triathlon\/om-heleneholms-if-tri-team\/vara-partners\/\" class=\"readmore\">L\u00e4s mer<i class=\"icon-forward\"><\/i><\/a><\/p>\n","protected":false},"author":1,"featured_media":0,"parent":6,"menu_order":1,"comment_status":"closed","ping_status":"closed","template":"","meta":{"_mi_skip_tracking":false,"footnotes":""},"class_list":["post-76","page","type-page","status-publish","hentry"],"_links":{"self":[{"href":"https:\/\/heleneholmsif.se\/triathlon\/wp-json\/wp\/v2\/pages\/76","targetHints":{"allow":["GET"]}}],"collection":[{"href":"https:\/\/heleneholmsif.se\/triathlon\/wp-json\/wp\/v2\/pages"}],"about":[{"href":"https:\/\/heleneholmsif.se\/triathlon\/wp-json\/wp\/v2\/types\/page"}],"author":[{"embeddable":true,"href":"https:\/\/heleneholmsif.se\/triathlon\/wp-json\/wp\/v2\/users\/1"}],"replies":[{"embeddable":true,"href":"https:\/\/heleneholmsif.se\/triathlon\/wp-json\/wp\/v2\/comments?post=76"}],"version-history":[{"count":17,"href":"https:\/\/heleneholmsif.se\/triathlon\/wp-json\/wp\/v2\/pages\/76\/revisions"}],"predecessor-version":[{"id":1723,"href":"https:\/\/heleneholmsif.se\/triathlon\/wp-json\/wp\/v2\/pages\/76\/revisions\/1723"}],"up":[{"embeddable":true,"href":"https:\/\/heleneholmsif.se\/triathlon\/wp-json\/wp\/v2\/pages\/6"}],"wp:attachment":[{"href":"https:\/\/heleneholmsif.se\/triathlon\/wp-json\/wp\/v2\/media?parent=76"}],"curies":[{"name":"wp","href":"https:\/\/api.w.org\/{rel}","templated":true}]}}