{"id":8,"date":"2016-03-24T15:07:50","date_gmt":"2016-03-24T14:07:50","guid":{"rendered":"http:\/\/heleneholmsif.se\/triathlon\/?page_id=8"},"modified":"2025-06-13T08:16:52","modified_gmt":"2025-06-13T06:16:52","slug":"bli-medlem","status":"publish","type":"page","link":"https:\/\/heleneholmsif.se\/triathlon\/bli-medlem\/","title":{"rendered":"Bli medlem"},"content":{"rendered":"<h2>Vad kul att du vill bli medlem i Heleneholms IF!<\/h2>\n<p>Att bli medlem i Heleneholms IF inneb\u00e4r klubbtillh\u00f6righet i en av Sk\u00e5nes starkaste friidrott och triathlonklubbar.<\/p>\n<p>Som medlem har du f\u00f6rdelen att tr\u00e4na, t\u00e4vla och inspireras ihop med andra triathleter; gamla som unga, herrar som damer samt elitaktiva som motion\u00e4rer.\u00a0Du f\u00e5r bl.a. ocks\u00e5 tilltr\u00e4de till tr\u00e4ningstider i simhallen och tillg\u00e5ng till olika tr\u00e4narledda pass.<br \/>\nAvgifter f\u00f6r tr\u00e4narledda simpass och f\u00f6rel\u00e4sningar tillkommer.<\/p>\n<p>F\u00f6rutom all tr\u00e4ning &amp; t\u00e4vlingsverksamhet f\u00e5r du som medlem \u00e4ven en del f\u00f6rm\u00e5ner via v\u00e5ra samarbetspartners.<b> <a href=\"http:\/\/heleneholmsif.se\/wp-content\/uploads\/2021\/04\/Detta-far-du-som-medlem-i-Heleneholms-IF-infor-medlemskap.pdf\">L\u00e4s mer i detta dokument <\/a><\/b>om vad du som medlem f\u00e5r under\u00a0 2023.<\/p>\n<p>Vill du prova p\u00e5? Du \u00e4r v\u00e4lkommen att gratis vara med vid tre valfria tr\u00e4ningstillf\u00e4llen.<br \/>\nAlla v\u00e5ra pass hittar du under fliken <a title=\"Tr\u00e4ning\" href=\"http:\/\/heleneholmsif.se\/triathlon\/traning\/\">Tr\u00e4ning<\/a>.<\/p>\n<h2>S\u00e5h\u00e4r bli du medlem.<\/h2>\n<ol>\n<li>G\u00f6r en nyanm\u00e4lan genom att fylla i <a href=\"https:\/\/entry.sportadmin.se\/groupsOverview?uid=PsWe2j&amp;pageId=0&amp;sportid=1071\" target=\"_blank\" rel=\"noopener noreferrer\">anm\u00e4lningsformul\u00e4ret<\/a>\u00a0med dina uppgifter.<\/li>\n<li>Du f\u00e5r senare en faktura fr\u00e5n v\u00e5rt system. Vid kortbetalning tillkommer en administrationsavgift. Du kan ocks\u00e5 betala direkt till v\u00e5rt bankgiro <strong>via bankgirokonto BG 975-76 26<\/strong>. Betalningsmottagare \u00e4r <em>Heleneholms IF<\/em>. Vid inbetalningen m\u00e5ste\u00a0du \u00e4ven ange ditt namn och personnummer<\/li>\n<li>G\u00e5 till v\u00e5r <a href=\"https:\/\/www.facebook.com\/groups\/HeleneholmsTriTeam\/\" target=\"_blank\" rel=\"noopener noreferrer\">Facebook-grupp<\/a> och beg\u00e4r att f\u00e5 bli med. D\u00e4r pratas, tipsas, diskuteras om allt som kan t\u00e4nkas ber\u00f6ra oss triatleter. Gruppen \u00e4r exklusivt f\u00f6r oss som \u00e4r medlemmar i Heleneholms IF.<\/li>\n<\/ol>\n<h3>Medlemsavgifter 2022<\/h3>\n<table>\n<tbody>\n<tr>\n<td width=\"232\">\n<h4>Kategori<\/h4>\n<\/td>\n<td width=\"232\">\n<h4>\u00c5rsavgift (SEK)<\/h4>\n<\/td>\n<\/tr>\n<tr>\n<td width=\"232\">Ungdom 12-15 \u00e5r<\/td>\n<td width=\"232\">700<\/td>\n<\/tr>\n<tr>\n<td width=\"232\">16 \u00e5r och \u00e4ldre<\/td>\n<td width=\"232\">900<\/td>\n<\/tr>\n<tr>\n<td width=\"232\">Familjeavgift<\/td>\n<td width=\"232\">1600<\/td>\n<\/tr>\n<tr>\n<td width=\"232\">St\u00f6dmedlemskap<\/td>\n<td width=\"232\">400<\/td>\n<\/tr>\n<tr>\n<td width=\"232\">St\u00e4ndig medlemskap<\/td>\n<td width=\"232\">8500<\/td>\n<\/tr>\n<\/tbody>\n<\/table>\n<p><strong>Medlemskapet g\u00e4ller per kalender\u00e5r, 1 jan &#8211; 31 dec. Fr\u00e5n\u00a01:a juli g\u00e4ller halv medlemsavgift.<br \/>\n<\/strong>Avgift f\u00f6r simpass, tr\u00e4ningsl\u00e4ger, tester och f\u00f6rel\u00e4sningar tillkommer om du v\u00e4ljer att medverka vid dylika aktiviteter.<\/p>\n<h2>Har du f\u00f6r avsikt att\u00a0t\u00e4vla i t\u00e4vlingsklass?<\/h2>\n<p>F\u00f6r att t\u00e4vla i t\u00e4vlingsklass beh\u00f6vs \u00e4ven en t\u00e4vlingslicens. Denna skaffar du via och betalar till Svenska Triathlonf\u00f6rbundet. Se deras hemsida f\u00f6r mer information:\u00a0<a href=\"http:\/\/iof3.idrottonline.se\/SvenskaTriathlonforbundet\/\" target=\"_blank\" rel=\"noopener noreferrer\">Svenska Triathlonf\u00f6rbundet<\/a><\/p>\n<h2><\/h2>\n<h1>V\u00e4lkommen till Heleneholms IF!<\/h1>\n","protected":false},"excerpt":{"rendered":"<p>Vad kul att du vill bli medlem i Heleneholms IF! Att bli medlem i Heleneholms IF inneb\u00e4r klubbtillh\u00f6righet i en av Sk\u00e5nes starkaste friidrott och triathlonklubbar. Som medlem har du f\u00f6rdelen att tr\u00e4na, t\u00e4vla och inspireras ihop med andra triathleter; gamla som unga, herrar som damer samt elitaktiva som motion\u00e4rer.\u00a0Du f\u00e5r bl.a. ocks\u00e5 tilltr\u00e4de till [&hellip;] <a href=\"https:\/\/heleneholmsif.se\/triathlon\/bli-medlem\/\" class=\"readmore\">L\u00e4s mer<i class=\"icon-forward\"><\/i><\/a><\/p>\n","protected":false},"author":1,"featured_media":0,"parent":0,"menu_order":5,"comment_status":"closed","ping_status":"closed","template":"","meta":{"_mi_skip_tracking":false,"footnotes":""},"class_list":["post-8","page","type-page","status-publish","hentry"],"_links":{"self":[{"href":"https:\/\/heleneholmsif.se\/triathlon\/wp-json\/wp\/v2\/pages\/8","targetHints":{"allow":["GET"]}}],"collection":[{"href":"https:\/\/heleneholmsif.se\/triathlon\/wp-json\/wp\/v2\/pages"}],"about":[{"href":"https:\/\/heleneholmsif.se\/triathlon\/wp-json\/wp\/v2\/types\/page"}],"author":[{"embeddable":true,"href":"https:\/\/heleneholmsif.se\/triathlon\/wp-json\/wp\/v2\/users\/1"}],"replies":[{"embeddable":true,"href":"https:\/\/heleneholmsif.se\/triathlon\/wp-json\/wp\/v2\/comments?post=8"}],"version-history":[{"count":34,"href":"https:\/\/heleneholmsif.se\/triathlon\/wp-json\/wp\/v2\/pages\/8\/revisions"}],"predecessor-version":[{"id":1763,"href":"https:\/\/heleneholmsif.se\/triathlon\/wp-json\/wp\/v2\/pages\/8\/revisions\/1763"}],"wp:attachment":[{"href":"https:\/\/heleneholmsif.se\/triathlon\/wp-json\/wp\/v2\/media?parent=8"}],"curies":[{"name":"wp","href":"https:\/\/api.w.org\/{rel}","templated":true}]}}