{"id":835,"date":"2017-08-13T21:46:34","date_gmt":"2017-08-13T19:46:34","guid":{"rendered":"http:\/\/heleneholmsif.se\/triathlon\/?page_id=835"},"modified":"2026-04-01T15:55:31","modified_gmt":"2026-04-01T13:55:31","slug":"klubbens-cykeltransportvaska","status":"publish","type":"page","link":"https:\/\/heleneholmsif.se\/triathlon\/traning\/cykling\/klubbens-cykeltransportvaska\/","title":{"rendered":"Klubbens cykeltransportv\u00e4skor"},"content":{"rendered":"<figure id=\"attachment_836\" class=\"aligncenter\" style=\"width: 300px;\"><div class=\"\"><img loading=\"lazy\" decoding=\"async\" class=\" wp-image-836 size-medium\" src=\"http:\/\/heleneholmsif.se\/triathlon\/wp-content\/uploads\/sites\/3\/2017\/08\/thulev\u00e4skan-300x198.jpg\" alt=\"\" width=\"300\" height=\"198\" srcset=\"https:\/\/heleneholmsif.se\/triathlon\/wp-content\/uploads\/sites\/3\/2017\/08\/thulev\u00e4skan-300x198.jpg 300w, https:\/\/heleneholmsif.se\/triathlon\/wp-content\/uploads\/sites\/3\/2017\/08\/thulev\u00e4skan-91x60.jpg 91w, https:\/\/heleneholmsif.se\/triathlon\/wp-content\/uploads\/sites\/3\/2017\/08\/thulev\u00e4skan-364x241.jpg 364w, https:\/\/heleneholmsif.se\/triathlon\/wp-content\/uploads\/sites\/3\/2017\/08\/thulev\u00e4skan.jpg 744w\" sizes=\"auto, (max-width: 300px) 100vw, 300px\" \/><\/div><\/figure>\n<h1><figure class=\"aligncenter\" style=\"width: 261px;\"><div class=\"\"><img loading=\"lazy\" decoding=\"async\" class=\"\" src=\"http:\/\/heleneholmsif.se\/triathlon\/wp-content\/uploads\/sites\/3\/2020\/02\/v%C3%A4ska.jpg\" alt=\"Denna bild har ett alt-attribut som \u00e4r tomt. Dess filnamn \u00e4r v\u00e4ska.jpg\" width=\"261\" height=\"195\" \/><\/div><\/figure><\/h1>\n<p>Heleneholms IF har 2 cykeltransportv\u00e4skor, vilken man som medlem har kostnadsfri tillg\u00e5ng till.<br \/>Du kan l\u00e4sa mer om Thule-v\u00e4skan (hardcase) och dess specifikationer och praktiska funktioner s\u00e5 som inbyggt meckst\u00e4ll p\u00e5 <a href=\"http:\/\/www.thule.com\/sv-se\/se\/bike-accessories\/bike-travel-cases\/thule-roundtrip-transition-_-1683469\" target=\"_blank\" rel=\"noopener noreferrer\">Thules hemsida<\/a>.<br \/>V\u00e5r Thule-v\u00e4ska \u00e4r \u00e4r sponsrad av en av v\u00e5ra fina partners &#8211; <a href=\"http:\/\/www.musette.se\" target=\"_blank\" rel=\"noopener noreferrer\">Musette<\/a><\/p>\n<p>Den mjuka transportv\u00e4skan (softcase) \u00e4r en <a href=\"https:\/\/m.youtube.com\/watch?v=MfoLgWd0K1U&amp;fbclid=IwAR3uEL03YyoCSR1XSlEWm9uwl-3dfJQeXl4Pd4KL56IW7XqQYVOymLX0sAM\">Scicon Aerocomfort Triathlon 3.0 TSA .<\/a><\/p>\n<p>F\u00f6r att l\u00e5na v\u00e4skorna kr\u00e4vs att du \u00e4r medlem i Heleneholms IF.<br \/>\u00c4r du inte medlem s\u00e5 hittar du info om hur att bli det h\u00e4r &#8211; <a href=\"http:\/\/heleneholmsif.se\/triathlon\/bli-medlem\/\">Bli medlem<\/a><\/p>\n<h2>F\u00f6ljande g\u00e4ller f\u00f6r l\u00e5n av v\u00e4skan<\/h2>\n<ul>\n<li>V\u00e4skan l\u00e5nas enligt principen <strong><em>f\u00f6rst till kvarn<\/em><\/strong>.<\/li>\n<li>Som l\u00e5ntagare \u00e4r du <em><strong>fullt ansvarig<\/strong><\/em> f\u00f6r v\u00e4skan under l\u00e5netiden.<\/li>\n<li>V\u00e4skan h\u00e4mtas och l\u00e4mnas, enligt \u00f6verenskommelse, p\u00e5 klubbens kansli p\u00e5 Heleneholms IP.<\/li>\n<li>V\u00e4skan skall returneras <strong><em>punktligt<\/em><\/strong>!<\/li>\n<\/ul>\n<h2>Hur bokar man v\u00e4skan?<\/h2>\n<p>V\u00e4skan bokas genom att <a href=\"mailto:kansli@heleneholmsif.se?Subject=L\u00e5n av cykeltransportv\u00e4ska\">maila oss.<\/a><\/p>\n<p>Ditt mail skall inneh\u00e5lla f\u00f6ljande:<\/p>\n<ul>\n<li>Namn<\/li>\n<li>Kontaktuppgifter<\/li>\n<li>Datum som du vill l\u00e5na v\u00e4ska &#8211; inkluderat h\u00e4mtning och l\u00e4mning!<\/li>\n<li>Vilken v\u00e4ska du vill l\u00e5na<\/li>\n<\/ul>\n<h2>Var jag se om v\u00e4skan \u00e4r bokad?<\/h2>\n<p>Nedan kan ser du de datum som v\u00e4skan f\u00f6r n\u00e4rvarande \u00e4r bokad.<\/p>\n\n\n<p>Ellinor Malmros 260914-261007 Thule (Hardcase)<\/p>\n\n\n\n<p>Jenny och Filip Rosenberg 260430-260530 (Softcase)<\/p>\n\n\n\n<p>Christer Carlsson 251101-251111 B\u00e5da v\u00e4skorna<\/p>\n\n\n\n<p>Miguel Piterira Gomes 251015-251024 <\/p>\n\n\n\n<p>Edwin Van Geldorp 250903-250908 Softcase<\/p>\n\n\n\n<p>Jenny\/Filip Rosenberg 250321-250401 Softcase<\/p>\n\n\n\n<p><\/p>\n","protected":false},"excerpt":{"rendered":"<p>Heleneholms IF har 2 cykeltransportv\u00e4skor, vilken man som medlem har kostnadsfri tillg\u00e5ng till.Du kan l\u00e4sa mer om Thule-v\u00e4skan (hardcase) och dess specifikationer och praktiska funktioner s\u00e5 som inbyggt meckst\u00e4ll p\u00e5 Thules hemsida.V\u00e5r Thule-v\u00e4ska \u00e4r \u00e4r sponsrad av en av v\u00e5ra fina partners &#8211; Musette Den mjuka transportv\u00e4skan (softcase) \u00e4r en Scicon Aerocomfort Triathlon 3.0 TSA [&hellip;] <a href=\"https:\/\/heleneholmsif.se\/triathlon\/traning\/cykling\/klubbens-cykeltransportvaska\/\" class=\"readmore\">L\u00e4s mer<i class=\"icon-forward\"><\/i><\/a><\/p>\n","protected":false},"author":5,"featured_media":0,"parent":185,"menu_order":0,"comment_status":"closed","ping_status":"closed","template":"","meta":{"_mi_skip_tracking":false,"footnotes":""},"class_list":["post-835","page","type-page","status-publish","hentry"],"_links":{"self":[{"href":"https:\/\/heleneholmsif.se\/triathlon\/wp-json\/wp\/v2\/pages\/835","targetHints":{"allow":["GET"]}}],"collection":[{"href":"https:\/\/heleneholmsif.se\/triathlon\/wp-json\/wp\/v2\/pages"}],"about":[{"href":"https:\/\/heleneholmsif.se\/triathlon\/wp-json\/wp\/v2\/types\/page"}],"author":[{"embeddable":true,"href":"https:\/\/heleneholmsif.se\/triathlon\/wp-json\/wp\/v2\/users\/5"}],"replies":[{"embeddable":true,"href":"https:\/\/heleneholmsif.se\/triathlon\/wp-json\/wp\/v2\/comments?post=835"}],"version-history":[{"count":39,"href":"https:\/\/heleneholmsif.se\/triathlon\/wp-json\/wp\/v2\/pages\/835\/revisions"}],"predecessor-version":[{"id":1782,"href":"https:\/\/heleneholmsif.se\/triathlon\/wp-json\/wp\/v2\/pages\/835\/revisions\/1782"}],"up":[{"embeddable":true,"href":"https:\/\/heleneholmsif.se\/triathlon\/wp-json\/wp\/v2\/pages\/185"}],"wp:attachment":[{"href":"https:\/\/heleneholmsif.se\/triathlon\/wp-json\/wp\/v2\/media?parent=835"}],"curies":[{"name":"wp","href":"https:\/\/api.w.org\/{rel}","templated":true}]}}