{"id":98,"date":"2016-04-28T10:36:34","date_gmt":"2016-04-28T08:36:34","guid":{"rendered":"http:\/\/heleneholmsif.se\/triathlon\/?page_id=98"},"modified":"2023-09-06T11:11:17","modified_gmt":"2023-09-06T09:11:17","slug":"kontakt","status":"publish","type":"page","link":"https:\/\/heleneholmsif.se\/triathlon\/kontakt\/","title":{"rendered":"Kontakt"},"content":{"rendered":"<h2>H\u00f6r av dig till\u00a0oss. Vi hj\u00e4lper dig!<\/h2>\n<p>Heleneholms IF finns till f\u00f6r alla \u2013 Triathlon f\u00f6r alla!<br \/>\nHar du fr\u00e5gor, undringar, tankar, id\u00e9er eller f\u00f6rslag om Heleneholms IF\u00a0 eller triathlon i allm\u00e4nhet? Tveka inte att ta kontakt med oss!<br \/>\nAnv\u00e4nd formul\u00e4ret nedan eller n\u00e5got av de andra kontakts\u00e4tten nedan.<\/p>\n<h2>Kontaktuppgifter<\/h2>\n<p>Heleneholms IF<br \/>\nYstadv\u00e4gen 23 B<br \/>\n21445 Malm\u00f6<\/p>\n<p>Tel: 040-194220<br \/>\nEpost: <a href=\"mailto:kansli@heleneholmsif.se\">kansli@heleneholmsif.se<\/a><\/p>\n<h2>Bli medlem<\/h2>\n<p>F\u00f6r att bli medlem g\u00e5r du till sidan <a title=\"Bli medlem\" href=\"http:\/\/heleneholmsif.se\/triathlon\/bli-medlem\/\">Bli medlem<\/a>. All information om priser, vad som ing\u00e5r m.m. finner du d\u00e4r.<\/p>\n","protected":false},"excerpt":{"rendered":"<p>H\u00f6r av dig till\u00a0oss. Vi hj\u00e4lper dig! Heleneholms IF finns till f\u00f6r alla \u2013 Triathlon f\u00f6r alla! Har du fr\u00e5gor, undringar, tankar, id\u00e9er eller f\u00f6rslag om Heleneholms IF\u00a0 eller triathlon i allm\u00e4nhet? Tveka inte att ta kontakt med oss! Anv\u00e4nd formul\u00e4ret nedan eller n\u00e5got av de andra kontakts\u00e4tten nedan. Kontaktuppgifter Heleneholms IF Ystadv\u00e4gen 23 B [&hellip;] <a href=\"https:\/\/heleneholmsif.se\/triathlon\/kontakt\/\" class=\"readmore\">L\u00e4s mer<i class=\"icon-forward\"><\/i><\/a><\/p>\n","protected":false},"author":1,"featured_media":0,"parent":0,"menu_order":6,"comment_status":"closed","ping_status":"closed","template":"","meta":{"_mi_skip_tracking":false,"footnotes":""},"class_list":["post-98","page","type-page","status-publish","hentry"],"_links":{"self":[{"href":"https:\/\/heleneholmsif.se\/triathlon\/wp-json\/wp\/v2\/pages\/98","targetHints":{"allow":["GET"]}}],"collection":[{"href":"https:\/\/heleneholmsif.se\/triathlon\/wp-json\/wp\/v2\/pages"}],"about":[{"href":"https:\/\/heleneholmsif.se\/triathlon\/wp-json\/wp\/v2\/types\/page"}],"author":[{"embeddable":true,"href":"https:\/\/heleneholmsif.se\/triathlon\/wp-json\/wp\/v2\/users\/1"}],"replies":[{"embeddable":true,"href":"https:\/\/heleneholmsif.se\/triathlon\/wp-json\/wp\/v2\/comments?post=98"}],"version-history":[{"count":10,"href":"https:\/\/heleneholmsif.se\/triathlon\/wp-json\/wp\/v2\/pages\/98\/revisions"}],"predecessor-version":[{"id":1708,"href":"https:\/\/heleneholmsif.se\/triathlon\/wp-json\/wp\/v2\/pages\/98\/revisions\/1708"}],"wp:attachment":[{"href":"https:\/\/heleneholmsif.se\/triathlon\/wp-json\/wp\/v2\/media?parent=98"}],"curies":[{"name":"wp","href":"https:\/\/api.w.org\/{rel}","templated":true}]}}